{"id":9677,"date":"2022-10-06T11:22:32","date_gmt":"2022-10-06T09:22:32","guid":{"rendered":"https:\/\/www.dr-majdani.de\/?page_id=9677"},"modified":"2022-10-06T11:32:05","modified_gmt":"2022-10-06T09:32:05","slug":"zahnschiene-hannover","status":"publish","type":"page","link":"https:\/\/www.dr-majdani.de\/en\/zahnschiene-hannover\/","title":{"rendered":"Zahnschiene Hannover"},"content":{"rendered":"<div class=\"vc_row wpb_row vc_row-fluid edgtf-section vc_custom_1664191713696 edgtf-content-aligment-left\" style=\"\"><div class=\"clearfix edgtf-full-section-inner\"><div class=\"wpb_column vc_column_container vc_col-sm-12 vc_col-lg-offset-1 vc_col-lg-4\/5\"><div class=\"vc_column-inner\"><div class=\"wpb_wrapper\"><div class=\"vc_empty_space\"   style=\"height: 32px\"><span class=\"vc_empty_space_inner\"><\/span><\/div>\n\t<div class=\"wpb_text_column wpb_content_element\" >\n\t\t<div class=\"wpb_wrapper\">\n\t\t\t<h3>Ihre professionelle<\/h3>\n<h1>Zahnschiene Hannover<\/h1>\n<h2>unser Allround Talent f\u00fcr gerade und sch\u00f6ne Z\u00e4hne<\/h2>\n<p>Moderne Zahnschienen sind wahre Allesk\u00f6nner. Sie eignen sich f\u00fcr:<\/p>\n<ul>\n<li style=\"list-style-type: none;\">\n<ul>\n<li>Kinder, Jugendliche und Erwachsene<\/li>\n<li>leichte bis komplexe Zahnfehlstellungen<\/li>\n<li>Probleme mit Verspannungen, Z\u00e4hneknirschen oder Schnarchen<br \/>\nden Zahnschutz beim Sport.<\/li>\n<\/ul>\n<\/li>\n<\/ul>\n<p>Zahnschienen gibt es in verschiedenen Ausf\u00fchrungen von unterschiedlichen Herstellern. F\u00fcr eine optimale Wirkung werden sie in unserer kieferorthop\u00e4dischen Praxis individuell f\u00fcr Sie angefertigt und angepasst.<\/p>\n<h3>Welche verschiedenen Zahnschienen gibt es?<\/h3>\n<p><strong>Zahnschienen als moderne und unauff\u00e4llige Alternative zur Zahnspange<\/strong><\/p>\n<p>Fehlstellungen der Z\u00e4hne betreffen nicht nur Kinder, denn Z\u00e4hne k\u00f6nnen sich ein Leben lang verschieben. Besonders bei Jugendlichen und Erwachsenen werden unsichtbare Zahnschienen, sogenannte Aligner, immer beliebter. Sowohl bei einfachen als auch bei umfangreicheren Zahnkorrekturen begradigen die transparenten Zahnschienen Ihre Z\u00e4hne nach und nach. Die Kunststoff-Schienen werden \u00fcber die Zahnreihen geschoben und sind von au\u00dfen nahezu unsichtbar. Sie haben eine glatte Oberfl\u00e4che und st\u00f6ren nicht beim Sprechen. Zum Essen, Reinigen oder beim Sport werden die Aligner einfach herausgenommen.<\/p>\n<p>Wir bieten Ihnen professionelle Zahnschienen in Hannover und sind zertifizierter Anwender f\u00fcr <a href=\"https:\/\/www.dr-majdani.de\/en\/invisalign\/\">Invisalign<\/a> Aligner und <a href=\"https:\/\/www.dr-majdani.de\/en\/suresmile-ortho\/\">SureSmile<\/a> Aligner. Nach einem digitalen Intraoral-Scan Ihres Gebisses errechnet unsere Software genau die notwendigen Druckpunkte. Im Anschluss erstellen wir Ihnen einen Behandlungsplan und fertigen ein Set von Alignern f\u00fcr Sie an. Je nach Korrekturbedarf und Hersteller tragen Sie einen Aligner in der Regel f\u00fcr 1 bis 3 Wochen, ehe sie den n\u00e4chsten einsetzen. Nach und nach werden Ihre Z\u00e4hne so in die gew\u00fcnschte Position bewegt. Daf\u00fcr sollten Sie die unsichtbaren Zahnschienen 20 bis 22 Stunden pro Tag tragen.<br \/>\nBei geringen Fehlstellungen wird das Ergebnis bereits nach wenigen Monaten erreicht. Selbst bei gr\u00f6\u00dferem Korrekturbedarf ist die Tragedauer von Alignern mit 12 bis 18 Monaten deutlich k\u00fcrzer als bei herk\u00f6mmlichen <a href=\"https:\/\/www.dr-majdani.de\/en\/zahnspange\/\">Braces<\/a>.<br \/>\nWir beraten Sie gerne, ob eine Zahnkorrektur mit unsichtbaren Zahnschienen f\u00fcr Sie in Frage kommt \u2013 sprechen Sie uns gerne an und vereinbaren Sie einen pers\u00f6nlichen Beratungstermin!<\/p>\n<p><strong>Zahnschienen gegen Z\u00e4hneknirschen<\/strong><\/p>\n<p>Jeder zweite Mensch in Deutschland knirscht nachts mit den Z\u00e4hnen. Dabei \u00fcbt unsere Kaumuskulatur einen Druck von bis zu 100 Kilogramm auf unsere Z\u00e4hne aus. Die Folgen: Der Zahnschmelz wird abgeschliffen oder bekommt Risse. Zahnteile brechen ab oder es l\u00f6sen sich F\u00fcllungen. Auch dem Kiefer selbst, dem Gelenk und seiner Muskulatur kann das Z\u00e4hneknirschen schaden.<br \/>\nAusl\u00f6ser f\u00fcr Z\u00e4hneknirschen sind h\u00e4ufig Stress und Sorgen. Mit einer Knirscher- oder Aufbiss-Schiene k\u00f6nnen wir Ihnen dabei helfen, die unmittelbaren Symptome abzumildern. Sie wird in der Regel nur f\u00fcr die Nacht \u00fcber die untere Zahnreihe geschoben. Bei Bedarf k\u00f6nnen Sie Ihre Zahnschiene nat\u00fcrlich auch tags\u00fcber tragen.<br \/>\nJe nach St\u00e4rke des Knirschens k\u00f6nnen wir Ihnen weiche oder harte Kunststoffschienen anfertigen, die den direkten Kontakt zwischen der oberen und der unteren Zahnreihe verhindern. Eine Knirscher-Zahnschiene h\u00e4lt je nach Belastung zwischen 6 Monaten und 5 Jahren.<br \/>\nWir unterst\u00fctzen Sie gerne dabei, die Auswirkungen von Stress und Sorgen zumindest auf Ihre Z\u00e4hne zu reduzieren!<br \/>\nZahnschienen bei Verspannungen und Craniomandibul\u00e4rer Dysfunktion (CMD)<br \/>\nEin falscher Biss, Zahnfehlstellungen, Z\u00e4hneknirschen oder Zusammenpressen oder auch ein schlechter Zahnersatz k\u00f6nnen gesundheitliche Probleme nach sich ziehen. Dazu geh\u00f6ren:<\/p>\n<ul>\n<li style=\"list-style-type: none;\">\n<ul>\n<li>h\u00e4ufige Kopfschmerzen oder Migr\u00e4ne<\/li>\n<li>Schulter-, Nacken- und R\u00fcckenschmerzen<\/li>\n<li>Zahnschmerzen<\/li>\n<li>empfindliche Zahnh\u00e4lse und Zahnfleischr\u00fcckgang<\/li>\n<li>lockere Z\u00e4hne<\/li>\n<li>Schmerzen, Knacken oder Reiben in den Kiefergelenken<\/li>\n<li>Konzentrationsprobleme<\/li>\n<li>R\u00fcckenschmerzen<\/li>\n<li>Tinnitus<\/li>\n<li>Sprachst\u00f6rungen.<\/li>\n<\/ul>\n<\/li>\n<\/ul>\n<p>All diese Symptome k\u00f6nnen Anzeichen einer Craniomandibul\u00e4ren Dysfunktion (CMD) sein. Eine speziell f\u00fcr Sie angefertigte Zahnschiene kann das Aufeinandertreffen von Ober- und Unterkiefer korrigieren und gleichzeitig Zahnfehlstellungen korrigieren. Dies lindert zum einen die Symptome. Zum anderen haben Ihr Kiefer und die Kaumuskulatur Zeit, um zu entspannen und zu heilen.<\/p>\n<p>Egal welche Beschwerden Ihnen zu schaffen machen oder wenn Sie den Verdacht haben, dass Sie unter einer CMD leiden k\u00f6nnten: Sprechen Sie uns gerne an und vereinbaren Sie einen Beratungstermin.<\/p>\n<p><strong>Zahnschienen f\u00fcr Schnarcher<\/strong><\/p>\n<p>Bei vielen Menschen, die nachts schnarchen, rutscht der Unterkiefer im Schlaf nach hinten, so dass die Zunge den Rachenraum verengt. Um diesen offen zu halten, k\u00f6nnen wir f\u00fcr Sie eine sogenannte Anti-Schnarch-Schiene oder Prostrusionsschiene anfertigen.<br \/>\nEine individuell angepasste Zahnschiene f\u00fcr Schnarcher hat gegen\u00fcber frei verk\u00e4uflichen Produkten den Vorteil, dass sie nicht ungewollt Zahn- oder Kieferfehlstellungen ausl\u00f6st. Um sicher zu stellen, dass Sie auch richtig funktioniert, bitten wir Sie einmal pro Jahr zur Kontrolle in unsere kieferorthop\u00e4dische Praxis.<\/p>\n<p>Wichtig zu wissen: Eine Anti-Schnarch-Schiene hilft nur, wenn die Atemger\u00e4usche tats\u00e4chlich durch einen zur\u00fcckfallenden Unterkiefer verursacht werden. Schnarchen kann auch andere Ursachen haben, wie zum Beispiel Erk\u00e4ltungen oder Allergien, Fehlbildungen der Nasenscheidewand oder vergr\u00f6\u00dferte Mandeln. Wenn Sie Ihr Schnarchen als Problem empfinden, sollten Sie unbedingt alle in Frage kommenden Ursachen abkl\u00e4ren lassen.<br \/>\nWir kl\u00e4ren gerne gemeinsam mit Ihnen, ob eine Anti-Schnarch-Schiene Ihnen helfen kann.<\/p>\n<p><strong>Zahnschienen als Sportschutz<\/strong><\/p>\n<p>Bei bestimmten Sportarten steigt die Gefahr, sich die Z\u00e4hne oder den Mund zu verletzen. Dies kann der Fall sein, wenn h\u00e4ufiger K\u00f6rperkontakt, St\u00fcrze oder Sportger\u00e4te mit Verletzungsgefahr dazu geh\u00f6ren, wie etwa beim American Football, Baseball, Rugby, Kampfsportarten sowie Hockey und Eishockey. Kommt es hier zu Unf\u00e4llen sind zu 80 Prozent die vorderen Schneidez\u00e4hne betroffen.<br \/>\nIn diesen F\u00e4llen ist es besonders f\u00fcr Kinder sinnvoll, eine Sportler\u2013Zahnschutzschiene zu tragen. Sie verringert das Risiko, dass Z\u00e4hne besch\u00e4digt oder ausgeschlagen werden und erspart den Betroffenen nach einem Zahnunfall unangenehme und teure Behandlungen. Zahnschienen f\u00fcr Sportler sch\u00fctzen nicht allein die Z\u00e4hne, sondern auch den Kiefer, Kiefergelenke, Mundschleimhaut, Zunge und Lippen.<\/p>\n<p>Zudem schw\u00f6ren immer mehr Sportler auf die leistungsteigernden Eigenschaften einer Zahnschiene. In den Momenten k\u00f6rperlicher Anstrengung bei\u00dfen viele Sportler die Z\u00e4hne zusammen. Dies f\u00fchrt zu einer festen oder sogar verspannten Nacken- und R\u00fcckenmuskulatur und schr\u00e4nkt die Beweglichkeit ein. Spezielle Performance-Schienen k\u00f6nnen Fehlstellungen ausgleichen und werden bereits von vielen L\u00e4ufern, Schwimmern oder Boxern zur Steigerung der sportlichen Leistung verwendet.<br \/>\nIn unserer kieferorthop\u00e4dischen Praxis in Hannover passen wir unsere Zahnschienen speziell an Sie und Ihre Sportart an. Anders als bei einfachen Gummischienen oder vorgeformten Produkten sitzt unser professioneller Sportschutz dauerhaft passend auf Ihren Z\u00e4hnen und sch\u00fctzt bei Bedarf auch das Zahnfleisch.<\/p>\n<h3>Wer tr\u00e4gt die Kosten f\u00fcr meine Zahnschiene?<\/h3>\n<p>Ob und in welcher H\u00f6he Ihre Krankenkasse oder Zusatzversicherung die Kosten f\u00fcr Ihre Zahnschiene \u00fcbernimmt oder bezuschusst, muss im Einzelfall gekl\u00e4rt werden. Kinder und Jugendliche bis 18 Jahre erhalten die Behandlung h\u00e4ufig erstattet, w\u00e4hrend Erwachsene die Kosten f\u00fcr Zahnschienen meist selbst tragen m\u00fcssen. Wichtig ist, Antr\u00e4ge auf Kosten\u00fcbernahme vor Beginn einer Behandlung zu stellen. Gerne beraten und unterst\u00fctzen wir Sie hierbei in unserer kieferorthop\u00e4dischen Praxis. Selbstverst\u00e4ndlich informieren wir Sie im Zusammenhang mit Ihrer Zahnschiene im Voraus \u00fcber anfallenden Kosten und bieten Ihnen bei Bedarf auch eine individuelle Finanzierung und Ratenzahlung an.<\/p>\n\n\t\t<\/div>\n\t<\/div>\n<div class=\"vc_empty_space\"   style=\"height: 32px\"><span class=\"vc_empty_space_inner\"><\/span><\/div><\/div><\/div><\/div><\/div><\/div>","protected":false},"excerpt":{"rendered":"Ihre professionelle Zahnschiene Hannover unser Allround Talent f\u00fcr gerade und sch\u00f6ne Z\u00e4hne Moderne Zahnschienen sind wahre Allesk\u00f6nner. Sie eignen sich f\u00fcr: Kinder, Jugendliche und Erwachsene leichte bis komplexe Zahnfehlstellungen Probleme mit Verspannungen, Z\u00e4hneknirschen oder Schnarchen den Zahnschutz beim Sport. Zahnschienen gibt es in verschiedenen Ausf\u00fchrungen...","protected":false},"author":1,"featured_media":0,"parent":0,"menu_order":0,"comment_status":"closed","ping_status":"closed","template":"full-width.php","meta":{"footnotes":""},"class_list":["post-9677","page","type-page","status-publish","hentry"],"aioseo_notices":[],"_links":{"self":[{"href":"https:\/\/www.dr-majdani.de\/en\/wp-json\/wp\/v2\/pages\/9677","targetHints":{"allow":["GET"]}}],"collection":[{"href":"https:\/\/www.dr-majdani.de\/en\/wp-json\/wp\/v2\/pages"}],"about":[{"href":"https:\/\/www.dr-majdani.de\/en\/wp-json\/wp\/v2\/types\/page"}],"author":[{"embeddable":true,"href":"https:\/\/www.dr-majdani.de\/en\/wp-json\/wp\/v2\/users\/1"}],"replies":[{"embeddable":true,"href":"https:\/\/www.dr-majdani.de\/en\/wp-json\/wp\/v2\/comments?post=9677"}],"version-history":[{"count":0,"href":"https:\/\/www.dr-majdani.de\/en\/wp-json\/wp\/v2\/pages\/9677\/revisions"}],"wp:attachment":[{"href":"https:\/\/www.dr-majdani.de\/en\/wp-json\/wp\/v2\/media?parent=9677"}],"curies":[{"name":"wp","href":"https:\/\/api.w.org\/{rel}","templated":true}]}}