{"id":9630,"date":"2022-10-05T11:29:16","date_gmt":"2022-10-05T09:29:16","guid":{"rendered":"https:\/\/www.dr-majdani.de\/?page_id=9630"},"modified":"2022-10-06T11:34:14","modified_gmt":"2022-10-06T09:34:14","slug":"unsichtbare-zahnspange","status":"publish","type":"page","link":"https:\/\/www.dr-majdani.de\/en\/unsichtbare-zahnspange\/","title":{"rendered":"Unsichtbare Zahnspange"},"content":{"rendered":"<div class=\"vc_row wpb_row vc_row-fluid edgtf-section vc_custom_1664191713696 edgtf-content-aligment-left\" style=\"\"><div class=\"clearfix edgtf-full-section-inner\"><div class=\"wpb_column vc_column_container vc_col-sm-12 vc_col-lg-offset-1 vc_col-lg-4\/5\"><div class=\"vc_column-inner\"><div class=\"wpb_wrapper\"><div class=\"vc_empty_space\"   style=\"height: 32px\"><span class=\"vc_empty_space_inner\"><\/span><\/div>\n\t<div class=\"wpb_text_column wpb_content_element\" >\n\t\t<div class=\"wpb_wrapper\">\n\t\t\t<h3>Wir sind Ihre Experten f\u00fcr<\/h3>\n<h1>Unsichtbaren Zahnspangen<\/h1>\n<h2>in Hannover!<\/h2>\n<p>Viele Menschen w\u00fcnschen sich sch\u00f6ne, gerade Z\u00e4hne. Dieses Ziel muss kein Wunsch bleiben und ist auch ohne auff\u00e4llige <a href=\"https:\/\/www.dr-majdani.de\/en\/zahnspange\/\">Braces<\/a> zu erreichen. Gerade f\u00fcr <a href=\"https:\/\/www.dr-majdani.de\/en\/zahnspange-erwachsene\/\">Adults<\/a> und Jugendliche bietet sich eine Zahnkorrektur mit durchsichtigen Kunststoff\u2013Schienen, sogenannten Alignern, an.<\/p>\n<p>In unserer Praxis f\u00fcr <a href=\"https:\/\/www.dr-majdani.de\/en\/\">Kieferorthop\u00e4die<\/a> in Hannover bieten wir Ihnen moderne, unsichtbare Zahnspangen an, die individuell an Ihre W\u00fcnsche und Bed\u00fcrfnisse angepasst werden. Wir sind zertifizierter Anwender f\u00fcr <a href=\"https:\/\/www.dr-majdani.de\/en\/invisalign\/\">Invisalign<\/a> Aligner und SureSmile-Ortho Aligner. Wenn Sie eine pers\u00f6nliche Beratung zu diesem Thema w\u00fcnschen, vereinbaren Sie gerne einen Termin bei uns!<\/p>\n<h3>Wie funktioniert eine unsichtbare Zahnspange?<\/h3>\n<p>Nach einer ersten Untersuchung in unserer kieferorthop\u00e4dischen Praxis besprechen wir mit Ihnen, ob eine Zahnkorrektur mit Alignern f\u00fcr Sie in Frage kommt. Anschlie\u00dfend erstellen wir zun\u00e4chst einen digitalen Intraoral-Scan Ihrer Z\u00e4hne. Anhand eines virtuellen 3-D-Modells k\u00f6nnen wir Ihnen bereits jetzt zeigen, wie gerade und sch\u00f6n Ihre Z\u00e4hne nach der Behandlung aussehen werden.\u00a0 Mit einer speziellen Software wird nun ein Set von Alignern f\u00fcr Sie geplant und hergestellt. Die durchsichtigen Aligner werden einfach \u00fcber die jeweilige Zahnreihe geschoben. Sie sollten Ihre unsichtbare Zahnspange t\u00e4glich 20 bis 22 Stunden tragen. Nach ein bis zwei Wochen wird der n\u00e4chste Aligner aus Ihrer Serie eingesetzt. So werden Ihre Z\u00e4hne langsam in die gew\u00fcnschte Position bewegt \u2013 v\u00f6llig unsichtbar von au\u00dfen.<\/p>\n<h3>F\u00fcr wen kommen unsichtbare Zahnspangen in Frage?<\/h3>\n<p>Unsichtbare <a href=\"https:\/\/www.dr-majdani.de\/en\/zahnschiene-hannover\/\">Zahnschienen<\/a> k\u00f6nnen von Erwachsenen, Jugendlichen und sogar Kindern getragen werden: \u00a0sowohl bei vollst\u00e4ndigem Gebiss als auch bei einer Mischung aus Milchz\u00e4hnen und bleibenden Z\u00e4hnen. Sie eignen sich f\u00fcr die verschiedensten Fehlstellungen: Dazu geh\u00f6ren vorstehende Z\u00e4hne, engstehende Z\u00e4hne, Zahnl\u00fccken oder eine unregelm\u00e4\u00dfige Gebisslinie. Aligner sind sowohl f\u00fcr leichte als auch f\u00fcr umfangreichere Korrekturen geeignet. Wie komplex die erforderliche Zahnkorrektur bei Ihnen ist und wie viele Aligner \u2013 Sets Sie ben\u00f6tigen, stellen wir im Rahmen Ihrer Untersuchung bei uns fest.<\/p>\n<h3>Wie wirkungsvoll sind Aligner?<\/h3>\n<p>Invisalign\u2013Aligner wirken effektiv und gleichzeitig schonend. Patientinnen und Patienten sp\u00fcren bereits nach 3 Monaten eine Ver\u00e4nderung Ihres Gebisses. Sichtbar sind erste Erfolge schon nach 6 Monaten. Invisalign bietet zudem eine spezielle Smartphone \u2013 App, mit der Sie Ihren pers\u00f6nlichen Behandlungserfolg jederzeit nachvollziehen k\u00f6nnen. Wie bei anderen Zahnspangen auch, empfehlen wir nach Abschluss der Behandlung eine Stabilisierung der neuen Zahnpositionen mit Retainern, die ebenfalls individuell f\u00fcr Sie angefertigt werden.<\/p>\n<h3>Welche Vorteile haben unsichtbare Zahnspangen?<\/h3>\n<p>Eine unsichtbare Zahnspange wird von den Patientinnen und Patienten besonders daf\u00fcr gesch\u00e4tzt, dass die kieferorthop\u00e4dische Korrektur nicht sichtbar ist und damit gut f\u00fcr den Alltag in Beruf oder Schule geeignet ist. Im Gegensatz zu <a href=\"https:\/\/www.dr-majdani.de\/en\/feste-zahnspangen\/\">festen Spangen<\/a> ist ihre Reinigung und auch die Zahnpflege und Mundhygiene sehr viel leichter, da die Aligner herausnehmbar sind.<\/p>\n<p>Zudem empfinden viele Menschen die Zahnkorrektur mit einer unsichtbaren Zahnspange als sehr viel angenehmer: Druckgef\u00fchle sind zwar in den ersten Stunden oder Tagen nach dem Einsetzen einer neuen Zahnschiene sp\u00fcrbar, allerdings deutlich geringer als bei anderen Verfahren. Durch ihre glatte Oberfl\u00e4che st\u00f6ren Aligner nicht und verursachen auch keine wunden Stellen im Mundraum oder an den Lippen, die durch Brackets oder auch andere <a href=\"https:\/\/www.dr-majdani.de\/en\/zahnschiene-hannover\/\">herausnehmbare Zahnspangen<\/a> mit Dr\u00e4hten entstehen k\u00f6nnen.<\/p>\n<p>Die Behandlungsdauer ist mit 7 bis 18 Monaten deutlich k\u00fcrzer als bei anderen Zahnspangen.<\/p>\n<h3>Haben unsichtbare Zahnspangen auch Nachteile?<\/h3>\n<p>Bei einigen schweren Fehlstellungen ist eine Korrektur mit unsichtbaren Zahnspangen nicht m\u00f6glich. Ob Aligner f\u00fcr Sie in Frage kommen, erfahren Sie bei einem Beratungstermin in unserer kieferorthop\u00e4dischen Praxis in Hannover.<\/p>\n<p>Wichtig zu wissen: Die Kosten f\u00fcr unsichtbare Zahnspangen werden nicht von allen Versicherungen \u00fcbernommen. Die gesetzlichen Krankenkassen tragen die Kosten f\u00fcr unsere Leistungen leider nicht.<\/p>\n<h3>Wie lange dauert die Behandlung?<\/h3>\n<p>Grunds\u00e4tzlich ist die Behandlungsdauer mit unsichtbaren Zahnschienen deutlich k\u00fcrzer als bei herk\u00f6mmlichen Zahnspangen: So k\u00f6nnen geringf\u00fcgige Fehlstellungen\u00a0schon innerhalb von\u00a07 Monaten korrigiert werden. Und selbst umfangreichere Zahnkorrekturen sind im Schnitt zwischen 12 und 18 Monaten abgeschlossen.<\/p>\n<p>Allerdings ist eine Aligner-Behandlung so individuell wie Sie selbst \u2013 daher h\u00e4ngt die Dauer immer von der Art und dem Umfang Ihrer Zahnfehlstellungen und Ihren W\u00fcnschen ab. Wie lange eine Korrektur mit einer unsichtbaren Zahnspange bei Ihnen dauert, ermitteln wir im Rahmen der Erstuntersuchung in unserer kieferorthop\u00e4dischen Praxis in Hannover. Anschlie\u00dfend k\u00f6nnen wir Ihnen genau sagen, wie Ihr idealer, pers\u00f6nlicher Behandlungsplan aussieht und wieviel Zeit wir daf\u00fcr ben\u00f6tigen, Ihre Z\u00e4hne zu begradigen.<\/p>\n<h3>Wer tr\u00e4gt die Kosten f\u00fcr eine unsichtbare Zahnspange?<\/h3>\n<p>Mittlerweile \u00fcbernehmen viele private Krankenversicherungen und Zahnzusatzversicherungen die Kosten f\u00fcr diese dezente und erfolgreiche Behandlungsmethode. F\u00fcr gesetzlich Versicherte werden Zahn- und Kieferkorrekturen meistens nur bis zum 18. Lebensjahr erstattet. Anschlie\u00dfend m\u00fcssen Patientinnen und Patienten die Leistungen selbst bezahlen. In unserer Kieferorthop\u00e4die Hannover informieren wir Sie ausf\u00fchrlich \u00fcber entstehende Kosten f\u00fcr unsichtbare Zahnspangen und beraten Sie gerne auch in Bezug auf Erstattungsm\u00f6glichkeiten oder unsere\u00a0Ratenzahlungsangebote. Sprechen Sie uns bei Bedarf einfach an!<\/p>\n<h3>Was kosten die unsichtbaren Zahnspangen f\u00fcr Erwachsene?<\/h3>\n<p>Die Gesamtkosten einer Aligner-Therapie sind abh\u00e4ngig vom Umfang der gew\u00fcnschten Korrekturen. Je komplexer die Fehlstellungen sind, desto mehr Wechsel-Zahnschienen sind erforderlich.<\/p>\n<p>Wir informieren und beraten Sie vor Beginn der Behandlung ausf\u00fchrlich dar\u00fcber, in welchem Umfang Zahnkorrekturen bei Ihnen erforderlich sind und mit welchen Kosten Sie rechnen m\u00fcssen. Dar\u00fcber hinaus besprechen wir ausf\u00fchrlich die M\u00f6glichkeiten einer Erstattung durch die Krankenkasse oder eine Zusatzversicherung und bieten Ihnen bei Bedarf gerne einen pers\u00f6nlichen Finanzierungsplan zur bequemen Ratenzahlung an.<\/p>\n\n\t\t<\/div>\n\t<\/div>\n<div class=\"vc_empty_space\"   style=\"height: 32px\"><span class=\"vc_empty_space_inner\"><\/span><\/div><\/div><\/div><\/div><\/div><\/div><div class=\"vc_row wpb_row vc_row-fluid edgtf-section vc_custom_1664521412725 edgtf-content-aligment-left\" style=\"\"><div class=\"clearfix edgtf-full-section-inner\"><div class=\"wpb_column vc_column_container vc_col-sm-2 vc_col-lg-offset-1\"><div class=\"vc_column-inner\"><div class=\"wpb_wrapper\">\n\t<div  class=\"wpb_single_image wpb_content_element vc_align_left\">\n\t\t\n\t\t<figure class=\"wpb_wrapper vc_figure\">\n\t\t\t<div class=\"vc_single_image-wrapper vc_box_circle  vc_box_border_grey\"><img loading=\"lazy\" decoding=\"async\" width=\"150\" height=\"150\" src=\"https:\/\/www.dr-majdani.de\/wp-content\/uploads\/2022\/09\/invisalign-2-150x150.jpg\" class=\"vc_single_image-img attachment-thumbnail\" alt=\"\" title=\"invisalign-2\" srcset=\"https:\/\/www.dr-majdani.de\/wp-content\/uploads\/2022\/09\/invisalign-2-150x150.jpg 150w, https:\/\/www.dr-majdani.de\/wp-content\/uploads\/2022\/09\/invisalign-2.jpg 300w\" sizes=\"auto, (max-width: 150px) 100vw, 150px\" \/><\/div>\n\t\t<\/figure>\n\t<\/div>\n<\/div><\/div><\/div><div class=\"wpb_column vc_column_container vc_col-sm-3\/5 vc_col-lg-offset-0\"><div class=\"vc_column-inner\"><div class=\"wpb_wrapper\">\n\t<div class=\"wpb_text_column wpb_content_element\" >\n\t\t<div class=\"wpb_wrapper\">\n\t\t\t<h3>Was sind Invisalign-Aligner?<\/h3>\n<p>Unsere kieferorthop\u00e4dische Praxis in Hannover ist zertifizierter Anwender von Invisalign-Zahnschienen. Aligner von Invisalign gelten als fortschrittlichstes transparentes Zahnschienen-System: Sie sind seit mehr als zwei Jahrzehnten erprobt und werden fortlaufend verbessert. Die transparenten Schienen werden \u00fcber die Zahnreihen geschoben und sind beim Sprechen und L\u00e4cheln nahezu unsichtbar. Da sie bei Bedarf herausgenommen werden k\u00f6nnen, gibt es f\u00fcr Sie keine Einschr\u00e4nkungen beim Essen oder bei der Reinigung und Zahnpflege.<\/p>\n\n\t\t<\/div>\n\t<\/div>\n<a href=\"https:\/\/www.dr-majdani.de\/en\/invisalign\/\" target=\"_self\" style=\"font-size: 12px\" class=\"edgtf-btn edgtf-btn-small edgtf-btn-outline float-right\"  >\n    <span class=\"edgtf-btn-text\">Learn more<\/span><\/a><div class=\"vc_empty_space\"   style=\"height: 72px\"><span class=\"vc_empty_space_inner\"><\/span><\/div><\/div><\/div><\/div><\/div><\/div><div class=\"vc_row wpb_row vc_row-fluid edgtf-section vc_custom_1664521412725 edgtf-content-aligment-left\" style=\"\"><div class=\"clearfix edgtf-full-section-inner\"><div class=\"wpb_column vc_column_container vc_col-sm-2 vc_col-lg-offset-1\"><div class=\"vc_column-inner\"><div class=\"wpb_wrapper\">\n\t<div  class=\"wpb_single_image wpb_content_element vc_align_left\">\n\t\t\n\t\t<figure class=\"wpb_wrapper vc_figure\">\n\t\t\t<div class=\"vc_single_image-wrapper vc_box_circle  vc_box_border_grey\"><img loading=\"lazy\" decoding=\"async\" width=\"150\" height=\"150\" src=\"https:\/\/www.dr-majdani.de\/wp-content\/uploads\/2020\/07\/IMG_0634a-scaled-e1585511971677-150x150.jpg\" class=\"vc_single_image-img attachment-thumbnail\" alt=\"Suresmile\" title=\"Suresmile\" srcset=\"https:\/\/www.dr-majdani.de\/wp-content\/uploads\/2020\/07\/IMG_0634a-scaled-e1585511971677-150x150.jpg 150w, https:\/\/www.dr-majdani.de\/wp-content\/uploads\/2020\/07\/IMG_0634a-scaled-e1585511971677-550x550.jpg 550w\" sizes=\"auto, (max-width: 150px) 100vw, 150px\" \/><\/div>\n\t\t<\/figure>\n\t<\/div>\n<\/div><\/div><\/div><div class=\"wpb_column vc_column_container vc_col-sm-3\/5 vc_col-lg-offset-0\"><div class=\"vc_column-inner\"><div class=\"wpb_wrapper\">\n\t<div class=\"wpb_text_column wpb_content_element\" >\n\t\t<div class=\"wpb_wrapper\">\n\t\t\t<h3>Was sind SureSmile-Ortho Aligner?<\/h3>\n<p>SureSmile-Aligner sind ebenfalls individuell angefertigte, transparente Zahnschienen. Sie eignen sich vor allem f\u00fcr kleinere bis mittlere Zahnkorrekturen. Nach einer Erstuntersuchung und der digitalen Erfassung Ihres Korrekturbedarfs k\u00f6nnen wir die durchsichtigen Schienen direkt in unserem eigenen Praxislabor in Hannover Kirchrode herstellen.<\/p>\n<p>Mit Hilfe der SureSmile Aligner kann durch Verwendung von eingespannten Gummis auch der Zusammenbiss von Oberkiefer und Unterkiefer angepasst werden. Zahnl\u00fccken werden ganz einfach durch Einf\u00e4rben der Zahnschienen an den entsprechenden Stellen kaschiert. Um eine L\u00fccke etwa f\u00fcr ein Implantat zu \u00f6ffnen, kann ein k\u00fcnstlicher Zahn geschaffen werden, der die L\u00fccke ausf\u00fcllt, offen h\u00e4lt oder weitet.<\/p>\n\n\t\t<\/div>\n\t<\/div>\n<a href=\"https:\/\/www.dr-majdani.de\/en\/suresmile-ortho\/\" target=\"_self\" style=\"font-size: 12px\" class=\"edgtf-btn edgtf-btn-small edgtf-btn-outline float-right\"  >\n    <span class=\"edgtf-btn-text\">Learn more<\/span><\/a><div class=\"vc_empty_space\"   style=\"height: 72px\"><span class=\"vc_empty_space_inner\"><\/span><\/div><\/div><\/div><\/div><\/div><\/div><div class=\"vc_row wpb_row vc_row-fluid edgtf-section vc_custom_1664521412725 edgtf-content-aligment-left\" style=\"\"><div class=\"clearfix edgtf-full-section-inner\"><div class=\"wpb_column vc_column_container vc_col-sm-2 vc_col-lg-offset-1\"><div class=\"vc_column-inner\"><div class=\"wpb_wrapper\">\n\t<div  class=\"wpb_single_image wpb_content_element vc_align_left\">\n\t\t\n\t\t<figure class=\"wpb_wrapper vc_figure\">\n\t\t\t<div class=\"vc_single_image-wrapper vc_box_circle  vc_box_border_grey\"><img loading=\"lazy\" decoding=\"async\" width=\"150\" height=\"150\" src=\"https:\/\/www.dr-majdani.de\/wp-content\/uploads\/2022\/09\/erwachsene-smalljpg-150x150.jpg\" class=\"vc_single_image-img attachment-thumbnail\" alt=\"\" title=\"erwachsene-smalljpg\" srcset=\"https:\/\/www.dr-majdani.de\/wp-content\/uploads\/2022\/09\/erwachsene-smalljpg-150x150.jpg 150w, https:\/\/www.dr-majdani.de\/wp-content\/uploads\/2022\/09\/erwachsene-smalljpg-300x300.jpg 300w, https:\/\/www.dr-majdani.de\/wp-content\/uploads\/2022\/09\/erwachsene-smalljpg.jpg 341w\" sizes=\"auto, (max-width: 150px) 100vw, 150px\" \/><\/div>\n\t\t<\/figure>\n\t<\/div>\n<\/div><\/div><\/div><div class=\"wpb_column vc_column_container vc_col-sm-3\/5 vc_col-lg-offset-0\"><div class=\"vc_column-inner\"><div class=\"wpb_wrapper\">\n\t<div class=\"wpb_text_column wpb_content_element\" >\n\t\t<div class=\"wpb_wrapper\">\n\t\t\t<h3>Wie wirken Lingualspangen?<\/h3>\n<p>Auch linguale Zahnspangen, bei denen Brackets auf die Innenseiten der Zahnreihen geklebt werden, werden als unsichtbare Zahnspangen bezeichnet.<\/p>\n<p>Lingualspangen erm\u00f6glichen eine effektive Korrektur von Zahnfehlstellungen, ohne dass ihre Zahnspange ungewollt bemerkt wird. Sie sind daher bei Erwachsenen und Jugendlichen, denen neben einer guten Wirkung vor allem auch Komfort und \u00c4sthetik wichtig sind, immer beliebter.<\/p>\n<p>Bei der Lingualtechnik kleben wir besonders flache Brackets innen an die Z\u00e4hne\u2013 nicht wie bei herk\u00f6mmlichen festen Zahnspangen auf die Au\u00dfenseite. Die von uns verwendeten Brackets sind selbstligierend, das hei\u00dft sie verf\u00fcgen \u00fcber einen besonderen Verschlussmechanismus und ben\u00f6tigen keine zus\u00e4tzlichen Gummis oder Metallb\u00e4nder, um den Drahtbogen zu halten.<\/p>\n<p>Lingualbrackets erm\u00f6glichen sowohl die Korrektur von einfachen als auch von schweren Zahnfehlstellungen. Sie sind f\u00fcr Erwachsene und Jugendliche geeignet, bei denen der Zahnwechsel abgeschlossen ist. Wir beraten Sie gerne, ob eine Lingualspange bei Ihnen zur Zahnkorrektur geeignet ist!<\/p>\n\n\t\t<\/div>\n\t<\/div>\n<a href=\"https:\/\/www.dr-majdani.de\/en\/lingualtechnik\/\" target=\"_self\" style=\"font-size: 12px\" class=\"edgtf-btn edgtf-btn-small edgtf-btn-outline float-right\"  >\n    <span class=\"edgtf-btn-text\">Learn more<\/span><\/a><div class=\"vc_empty_space\"   style=\"height: 72px\"><span class=\"vc_empty_space_inner\"><\/span><\/div><\/div><\/div><\/div><\/div><\/div>","protected":false},"excerpt":{"rendered":"Wir sind Ihre Experten f\u00fcr Unsichtbaren Zahnspangen in Hannover! Viele Menschen w\u00fcnschen sich sch\u00f6ne, gerade Z\u00e4hne. Dieses Ziel muss kein Wunsch bleiben und ist auch ohne auff\u00e4llige Zahnspange zu erreichen. Gerade f\u00fcr Erwachsene und Jugendliche bietet sich eine Zahnkorrektur mit durchsichtigen Kunststoff\u2013Schienen, sogenannten Alignern, an....","protected":false},"author":1,"featured_media":0,"parent":0,"menu_order":0,"comment_status":"closed","ping_status":"closed","template":"full-width.php","meta":{"footnotes":""},"class_list":["post-9630","page","type-page","status-publish","hentry"],"aioseo_notices":[],"_links":{"self":[{"href":"https:\/\/www.dr-majdani.de\/en\/wp-json\/wp\/v2\/pages\/9630","targetHints":{"allow":["GET"]}}],"collection":[{"href":"https:\/\/www.dr-majdani.de\/en\/wp-json\/wp\/v2\/pages"}],"about":[{"href":"https:\/\/www.dr-majdani.de\/en\/wp-json\/wp\/v2\/types\/page"}],"author":[{"embeddable":true,"href":"https:\/\/www.dr-majdani.de\/en\/wp-json\/wp\/v2\/users\/1"}],"replies":[{"embeddable":true,"href":"https:\/\/www.dr-majdani.de\/en\/wp-json\/wp\/v2\/comments?post=9630"}],"version-history":[{"count":0,"href":"https:\/\/www.dr-majdani.de\/en\/wp-json\/wp\/v2\/pages\/9630\/revisions"}],"wp:attachment":[{"href":"https:\/\/www.dr-majdani.de\/en\/wp-json\/wp\/v2\/media?parent=9630"}],"curies":[{"name":"wp","href":"https:\/\/api.w.org\/{rel}","templated":true}]}}