{"id":9569,"date":"2022-09-30T15:16:51","date_gmt":"2022-09-30T13:16:51","guid":{"rendered":"https:\/\/www.dr-majdani.de\/?page_id=9569"},"modified":"2022-10-05T12:37:43","modified_gmt":"2022-10-05T10:37:43","slug":"feste-zahnspangen","status":"publish","type":"page","link":"https:\/\/www.dr-majdani.de\/en\/feste-zahnspangen\/","title":{"rendered":"Feste Zahnspangen Hannover"},"content":{"rendered":"<div class=\"vc_row wpb_row vc_row-fluid edgtf-section vc_custom_1664191713696 edgtf-content-aligment-left\" style=\"\"><div class=\"clearfix edgtf-full-section-inner\"><div class=\"wpb_column vc_column_container vc_col-sm-12 vc_col-lg-offset-1 vc_col-lg-4\/5\"><div class=\"vc_column-inner\"><div class=\"wpb_wrapper\"><div class=\"vc_empty_space\"   style=\"height: 32px\"><span class=\"vc_empty_space_inner\"><\/span><\/div>\n\t<div class=\"wpb_text_column wpb_content_element\" >\n\t\t<div class=\"wpb_wrapper\">\n\t\t\t<h3>Klassisch und effektiv:<\/h3>\n<h1>Fixed braces<\/h1>\n<h2>f\u00fcr ein perfektes Gebiss<\/h2>\n<p>In our <a href=\"https:\/\/www.dr-majdani.de\/en\/\">orthodontics practice<\/a> in Hannover verwenden wir feste Zahnspangen bei Kindern, Jugendlichen und <a href=\"https:\/\/www.dr-majdani.de\/en\/zahnspange-erwachsene\/\">Erwachsenen<\/a>. Sie sind die am h\u00e4ufigsten angewandte Methode der Kieferorthop\u00e4die. Feste Zahnspangen werden zum Beispiel eingesetzt, wenn<\/p>\n<ul>\n<li>Z\u00e4hne verdreht sind oder zu eng stehen,<\/li>\n<li>Z\u00e4hne \u00fcber bestehende L\u00fccken hinwegbewegt werden sollen,<\/li>\n<li>the jaws are too narrow or too wide.<\/li>\n<\/ul>\n<p>In our practice, we offer the state-of-the-art, digital Insignia treatment system. Planning software precisely calculates the force and location of the treatment needed to move the tooth in the desired direction. This customized system also significantly reduces treatment time.<\/p>\n\n\t\t<\/div>\n\t<\/div>\n<a href=\"https:\/\/www.dr-majdani.de\/en\/kontakt\/\" target=\"_self\" style=\"font-size: 12px\" class=\"edgtf-btn edgtf-btn-small edgtf-btn-outline float-right\"  >\n    <span class=\"edgtf-btn-text\">Book an appointment<\/span><\/a><div class=\"vc_empty_space\"   style=\"height: 62px\"><span class=\"vc_empty_space_inner\"><\/span><\/div>\n\t<div class=\"wpb_text_column wpb_content_element\" >\n\t\t<div class=\"wpb_wrapper\">\n\t\t\t<h3>Wie funktioniert eine feste Zahnspange?<\/h3>\n<p>Feste Zahnspangen bestehen aus kleinen Halterungen, sogenannten \u201eBrackets\u201c, die auf die Z\u00e4hne geklebt werden. Zus\u00e4tzlich werden um die Backenz\u00e4hne Metallb\u00e4nder gelegt, die zusammen mit den Brackets einen Drahtbogen halten. Um diesen an den Brackets zu befestigen, werden kleine Gummib\u00e4nder (Alastics) oder Dr\u00e4hte (Ligaturen) verwendet. Bei Bedarf k\u00f6nnen verbindende Gummiringe oder Federn eingesetzt werden, um die Lage der Z\u00e4hne im Ober- und Unterkiefer zu korrigieren. Die Spannung des Drahtbogens \u00fcbt Druck oder Zug auf die Z\u00e4hne aus, um sie in die gew\u00fcnschte Position zu bewegen. Alle 4 bis 6 Wochen wird Ihre feste Zahnspange bei uns in der Praxis \u00fcberpr\u00fcft, angepasst und gereinigt.<\/p>\n<h3>Welche verschiedenen Brackets gibt es?<\/h3>\n<p>Es gibt Brackets aus Metall, Keramik oder Kunststoff:<\/p>\n<ul class=\"list-margin-bottom\">\n<li>Metallbrackets sind die Standardversorgung und weit verbreitet. Sie sind robust und bieten einen zuverl\u00e4ssigen Halt.<\/li>\n<li>Keramikbrackets bestehen aus klarem Material und sind dadurch dezenter und unauff\u00e4lliger als Metallbrackets. Sie k\u00f6nnen an jede Zahnfarbe angepasst werden.<\/li>\n<li>Kunststoffbrackets werden verwendet, wenn die feste Zahnspange wenig auffallen soll oder wenn eine bestimmte Farbe gew\u00fcnscht ist.<\/li>\n<li>Selbstligierende Damon-Brackets zeichnen sich dadurch aus, dass sie den Drahtbogen mit einem speziellen Verschluss halten, ohne dass zus\u00e4tzliche Gummis oder Haltedr\u00e4hte erforderlich sind. Sie erm\u00f6glichen eine k\u00fcrzere Behandlungszeit als bei herk\u00f6mmlichen Brackets.<\/li>\n<li>Lingualbrackets sind besonders flach und werden auf die Innenseite der Z\u00e4hne geklebt. Dadurch ist die feste Zahnspange von au\u00dfen nicht sichtbar.<\/li>\n<\/ul>\n<h3>Was ist das Besondere an Insignia &#8211; Zahnspangen?<\/h3>\n<p><a href=\"https:\/\/www.dr-majdani.de\/en\/insignia\/\">INSIGNIA<\/a> ist ein\u00a0modernes, ma\u00dfgeschneidertes und computergest\u00fctztes Damon-Bracket System.<\/p>\n<p>Zun\u00e4chst nehmen wir Ihren Zahnabdruck mit einem digitalen, strahlungsfreien <a href=\"https:\/\/www.dr-majdani.de\/en\/itero-intraoral-scanner\/\">Intraoral-Scanner<\/a> und k\u00f6nnen dadurch auf unangenehme L\u00f6ffelabdr\u00fccke und Pasten im Mund verzichten. Mit Hilfe einer speziellen Software wird anschlie\u00dfend ein digitales Modell Ihrer Z\u00e4hne erstellt. Bei der Planung und Anfertigung Ihrer pers\u00f6nlichen Insignia Zahnspange werden auch individuelle Besonderheiten wie Zahngr\u00f6\u00dfen und -formen ber\u00fccksichtigt. Dies erm\u00f6glicht ein perfektes Ergebnis und gleichzeitig eine deutliche Verk\u00fcrzung der Behandlungszeit.<\/p>\n<p>Zudem k\u00f6nnen wir Ihnen bereits vor dem Behandlungsbeginn in unserer Praxis das Design Ihrer Zahnspange an einem 3-D-Modell vorf\u00fchren und darstellen, wie ebenm\u00e4\u00dfig Ihre Z\u00e4hne nach der Behandlung aussehen werden.<\/p>\n<h3>Was versteht man unter einer festen Zahnspange in Lingualtechnik?<\/h3>\n<p>Bei einer <a href=\"https:\/\/www.dr-majdani.de\/en\/lingualtechnik\/\">Lingual braces<\/a> werden die Brackets und Drahtb\u00f6gen auf der Innenseite der Z\u00e4hne befestigt. Daf\u00fcr werden besonders flache, selbstligierende Brackets verwendet, um die Zungen-, Sprach- und Kaufunktion so wenig wie m\u00f6glich zu beeintr\u00e4chtigen. Lingualspangen sind von au\u00dfen nicht sichtbar \u2013 anders als herk\u00f6mmliche feste Klammern. Sie werden daher auch als unsichtbare Zahnspangen bezeichnet.<\/p>\n<h3>Was ist ein Retainer?<\/h3>\n<p><a href=\"https:\/\/www.dr-majdani.de\/en\/retainer\/\">Retainer<\/a> sind Halte- oder Stabilisierungssysteme, die daf\u00fcr sorgen, dass sich Ihre Z\u00e4hne nach Abschluss der kieferorthop\u00e4dischen Behandlung nicht wieder verschieben. Die festen Haltedr\u00e4hte werden auf die Innenseite der Z\u00e4hne geklebt und sind von au\u00dfen nicht sichtbar. Wir empfehlen unseren Patientinnen und Patienten Retainer, weil Z\u00e4hne sich ein Leben lang bewegen. Retainer gibt es auch als herausnehmbare Anfertigungen.<\/p>\n<h3>Welche Vorteile hat eine feste Zahnspange?<\/h3>\n<p>Feste Bracket \u2013 Zahnspangen wirken 24 Stunden am Tag und sind daher besonders effektiv. Sie bleiben w\u00e4hrend der gesamten Behandlungsdauer im Mund und k\u00f6nnen nicht vergessen oder verloren werden. So k\u00f6nnen ungewollte Behandlungspausen vermieden werden, die die Wirkung einer Zahnspange beeintr\u00e4chtigen. Feste Klammern k\u00f6nnen nicht verrutschen, daher st\u00f6ren Sie nicht beim Sprechen, beim Sport oder im Schlaf.<\/p>\n<h3>Welche Nachteile hat eine feste Zahnspange?<\/h3>\n<p>Feste Zahnspangen sind beim Sprechen oder L\u00e4cheln zu sehen, weil sie au\u00dfen an den Z\u00e4hnen befestigt sind. Da sie fest verankert sind, sollte nach dem Essen \u00fcberpr\u00fcft werden, ob sie gereinigt werden m\u00fcssen. Eine feste Zahnspange erfordert eine besonders sorgf\u00e4ltige Mundhygiene und eine regelm\u00e4\u00dfige, gr\u00fcndliche Reinigung.<\/p>\n<h3>Ist es schwierig, mit einer festen Zahnspange zu essen?<\/h3>\n<p>Eine feste Zahnspange st\u00f6rt nicht beim Essen. Es gibt allerdings einige Lebensmittel und S\u00fc\u00dfigkeiten, die Sie meiden sollten. Dazu geh\u00f6ren z\u00e4he oder klebrige Produkte wie Kaugummi oder Karamell \u2013 diese k\u00f6nnen sich in den Brackets und Dr\u00e4hten festsetzen und lassen sich nicht so leicht entfernen. Das gleiche gilt f\u00fcr faseriges Gem\u00fcse wie Salat oder Spinat. Nach dem Genuss dieser Lebensmittel sollten Sie mit Hilfe eines Spiegels \u00fcberpr\u00fcfen, ob Ihre Z\u00e4hne und die Zahnspange sauber sind und sie bei Bedarf reinigen. Um die feste Zahnspange nicht zu besch\u00e4digen, sollten Sie harte Speisen wie etwa N\u00fcsse vorsichtig kauen. Auch \u00c4pfel oder andere harte Obstsorten sollten Sie nach M\u00f6glichkeit kleingeschnitten zu sich nehmen.<\/p>\n<h3>Wie reinigt man eine feste Zahnspange?<\/h3>\n<p>Damit Sie sich mit Ihrer festen Zahnspange rundum wohl f\u00fchlen, sollten Sie auf eine gute Pflege und eine gr\u00fcndliche Zahnhygiene achten. Wir empfehlen, die Z\u00e4hne nicht nur morgens und abends sondern nach jeder Mahlzeit gr\u00fcndlich zu putzen. Dabei sollten Sie besonders darauf achten, die Brackets und Drahtb\u00f6gen von Ablagerungen zu befreien. F\u00fcr die Zahnzwischenr\u00e4ume empfehlen wir Ihnen die t\u00e4gliche Reinigung mit Zahnseide und Interdentalb\u00fcrsten. Gerne erkl\u00e4ren wir Ihnen den Reinigungsvorgang und beraten Sie in Bezug auf die passenden Produkte. Von dieser gr\u00fcndlichen Reinigung profitiert \u00fcbrigens nicht nur Ihre feste Zahnspange, sondern Ihr gesamter Mundraum.<\/p>\n<h3>Was kostet eine feste Zahnspange?<\/h3>\n<p>Die Kosten f\u00fcr eine feste Zahnspange werden f\u00fcr Kinder und Jugendliche, manchmal auch f\u00fcr Erwachsene, von der gesetzlichen Krankenkasse getragen.<\/p>\n<p>Wenn wir bei einer Untersuchung in unserer kieferorthop\u00e4dischen Praxis eine Fehlstellung festgestellt haben, erstellen wir einen Heil- und Kostenplan, der bei der jeweiligen Krankenkasse eingereicht wird. Wenn die Kosten \u00fcbernommen werden, m\u00fcssen die Eltern zun\u00e4chst einen Eigenanteil von 10 bis 20 Prozent leisten, der nach erfolgreichem Abschluss der Behandlung erstattet wird.<\/p>\n<p>Wenn bei Erwachsenen schwere Fehlbildungen des Kiefers vorliegen und diese sowohl kieferorthop\u00e4disch als auch kieferchirurgisch behandelt werden \u00fcssen, \u00fcbernimmt diese Kosten in der Regel auch die Krankenversicherung.<\/p>\n<p>Falls Sie Ihre feste Zahnspange in Eigenleistung bezahlen oder Zusatzleistungen zur Regelversorgung w\u00fcnschen, erstellen wir Ihnen vorab einen Kostenplan und erm\u00f6glichen Ihnen eine Finanzierung in kleinen Raten \u2013 sprechen Sie uns bei Bedarf gerne an!<\/p>\n\n\t\t<\/div>\n\t<\/div>\n<a href=\"https:\/\/www.dr-majdani.de\/en\/kontakt\/\" target=\"_self\" style=\"font-size: 12px\" class=\"edgtf-btn edgtf-btn-small edgtf-btn-outline float-right\"  >\n    <span class=\"edgtf-btn-text\">Book an appointment<\/span><i class=\"edgtf-icon-font-awesome fa  edgtf-btn-icon-holder\" ><\/i><\/a><div class=\"vc_empty_space\"   style=\"height: 64px\"><span class=\"vc_empty_space_inner\"><\/span><\/div><\/div><\/div><\/div><\/div><\/div>","protected":false},"excerpt":{"rendered":"Klassisch und effektiv: Feste Zahnspangen f\u00fcr ein perfektes Gebiss In unserer kieferorthop\u00e4dischen Praxis in Hannover verwenden wir feste Zahnspangen bei Kindern, Jugendlichen und Erwachsenen. Sie sind die am h\u00e4ufigsten angewandte Methode der Kieferorthop\u00e4die. Feste Zahnspangen werden zum Beispiel eingesetzt, wenn Z\u00e4hne verdreht sind oder zu...","protected":false},"author":1,"featured_media":0,"parent":0,"menu_order":0,"comment_status":"closed","ping_status":"closed","template":"full-width.php","meta":{"footnotes":""},"class_list":["post-9569","page","type-page","status-publish","hentry"],"aioseo_notices":[],"_links":{"self":[{"href":"https:\/\/www.dr-majdani.de\/en\/wp-json\/wp\/v2\/pages\/9569","targetHints":{"allow":["GET"]}}],"collection":[{"href":"https:\/\/www.dr-majdani.de\/en\/wp-json\/wp\/v2\/pages"}],"about":[{"href":"https:\/\/www.dr-majdani.de\/en\/wp-json\/wp\/v2\/types\/page"}],"author":[{"embeddable":true,"href":"https:\/\/www.dr-majdani.de\/en\/wp-json\/wp\/v2\/users\/1"}],"replies":[{"embeddable":true,"href":"https:\/\/www.dr-majdani.de\/en\/wp-json\/wp\/v2\/comments?post=9569"}],"version-history":[{"count":0,"href":"https:\/\/www.dr-majdani.de\/en\/wp-json\/wp\/v2\/pages\/9569\/revisions"}],"wp:attachment":[{"href":"https:\/\/www.dr-majdani.de\/en\/wp-json\/wp\/v2\/media?parent=9569"}],"curies":[{"name":"wp","href":"https:\/\/api.w.org\/{rel}","templated":true}]}}