{"id":9485,"date":"2022-09-28T12:14:55","date_gmt":"2022-09-28T10:14:55","guid":{"rendered":"https:\/\/www.dr-majdani.de\/?page_id=9485"},"modified":"2024-02-15T13:35:30","modified_gmt":"2024-02-15T12:35:30","slug":"zahnspange-erwachsene","status":"publish","type":"page","link":"https:\/\/www.dr-majdani.de\/en\/zahnspange-erwachsene\/","title":{"rendered":"Zahnspange f\u00fcr Erwachsene Hannover"},"content":{"rendered":"<div class=\"vc_row wpb_row vc_row-fluid edgtf-section vc_custom_1664191713696 edgtf-content-aligment-left\" style=\"\"><div class=\"clearfix edgtf-full-section-inner\"><div class=\"wpb_column vc_column_container vc_col-sm-12 vc_col-lg-offset-1 vc_col-lg-4\/5\"><div class=\"vc_column-inner\"><div class=\"wpb_wrapper\"><div class=\"vc_empty_space\"   style=\"height: 32px\"><span class=\"vc_empty_space_inner\"><\/span><\/div>\n\t<div class=\"wpb_text_column wpb_content_element\" >\n\t\t<div class=\"wpb_wrapper\">\n\t\t\t<h3>for every age<\/h3>\n<h1>Braces for adults<\/h1>\n<h2>It is never too late for effective orthodontic treatment!<\/h2>\n<p>Healthy, straight teeth look well-groomed and attractive. If you have had misaligned teeth that were not corrected as a child or only appeared in adulthood, we can find the right solution for you in our orthodontic <a href=\"https:\/\/www.dr-majdani.de\/en\/\">practice in Hannover<\/a> Kirchrode guarantees the right solution. Of course, your wishes and needs are our top priority, such as an unobtrusive and comfortable solution for working people. Feel free to ask us about our virtually invisible aligners or internal braces!<\/p>\n<p>It's not always just about looks and a radiant smile \u2013 straight teeth, a good bite, and flawless jaw function are important for our nutritional intake and the health of our entire body. Our team at Dr. Aleksandra Majdani's orthodontic practice practices holistic functional orthodontics and guarantees you a high degree of precision, quality, and state-of-the-art treatment methods. Among other things, we use digital intraoral scanners to conveniently create jaw impressions and CAD\/CAM processes to fabricate your braces.<\/p>\n<p>We would be happy to advise you in detail in a personal consultation about the treatment methods suitable for your teeth correction or bleaching for noticeably whiter teeth.<\/p>\n\n\t\t<\/div>\n\t<\/div>\n<a href=\"https:\/\/www.dr-majdani.de\/en\/kontakt\/\" target=\"_self\" style=\"font-size: 12px\" class=\"edgtf-btn edgtf-btn-small edgtf-btn-outline float-right\"  >\n    <span class=\"edgtf-btn-text\">Book an appointment<\/span><\/a><div class=\"vc_empty_space\"   style=\"height: 72px\"><span class=\"vc_empty_space_inner\"><\/span><\/div>\n\t<div class=\"wpb_text_column wpb_content_element\" >\n\t\t<div class=\"wpb_wrapper\">\n\t\t\t<h3>Why braces as an adult?<\/h3>\n<p>Crooked teeth and a shy smile don't have to be a problem: Misaligned teeth can be effectively corrected at any time, even in adulthood. While aesthetic reasons are usually the primary consideration, misalignments can also lead to health problems, such as headaches or neck pain.<\/p>\n<p>In addition, some malocclusions only occur in adulthood:<\/p>\n<p>Grinding your teeth at night leads to incorrect loading and displacement.<br \/>\nAccidents and injuries to the head or face require dental correction.<br \/>\nLate erupting wisdom teeth can shift the teeth.<br \/>\nTooth loss or periodontitis change the position of the teeth.<br \/>\nWhether you need simple or complex correction, we'll find the right braces for you. Thanks to our digital examination and planning processes, we can provide you with a detailed before-and-after assessment in advance.<\/p>\n<h3>Welche Zahnspangen gibt es f\u00fcr Erwachsene?<\/h3>\n<p>In unserer Praxis verwenden wir sowohl konventionelle als auch innovative Zahnspangenl\u00f6sungen f\u00fcr Erwachsene. In einigen F\u00e4llen kann es durchaus sinnvoll sein, f\u00fcr eine kurze aber effektive Korrektur f\u00fcr eine feste Zahnspange zu entscheiden. Hier gibt es Modell f\u00fcr die Zahnau\u00dfenseite und auch als dezentere Alternative f\u00fcr die Zahninnenseite. Viele Menschen tendieren aufgrund beruflicher oder privater Anforderungen zu herausnehmbaren Spangen, sogenannten \u201elosen Klammern\u201coder durchsichtigen Zahnschienen. Wir finden gemeinsam mit Ihnen eine L\u00f6sung, die zu Ihren W\u00fcnschen passt und Ihre Zahnfehlstellungen bestm\u00f6glich korrigiert:<\/p>\n\n\t\t<\/div>\n\t<\/div>\n<div class=\"vc_empty_space\"   style=\"height: 32px\"><span class=\"vc_empty_space_inner\"><\/span><\/div><\/div><\/div><\/div><\/div><\/div><div class=\"vc_row wpb_row vc_row-fluid edgtf-section vc_custom_1708000341636 edgtf-content-aligment-left\" style=\"\"><div class=\"clearfix edgtf-full-section-inner\"><div class=\"wpb_column vc_column_container vc_col-sm-2 vc_col-lg-offset-1\"><div class=\"vc_column-inner\"><div class=\"wpb_wrapper\">\n\t<div  class=\"wpb_single_image wpb_content_element vc_align_center\">\n\t\t\n\t\t<figure class=\"wpb_wrapper vc_figure\">\n\t\t\t<div class=\"vc_single_image-wrapper vc_box_circle  vc_box_border_grey\"><img loading=\"lazy\" decoding=\"async\" width=\"150\" height=\"150\" src=\"https:\/\/www.dr-majdani.de\/wp-content\/uploads\/2022\/09\/fest-small-150x150.jpg\" class=\"vc_single_image-img attachment-thumbnail\" alt=\"\" title=\"fest-small\" srcset=\"https:\/\/www.dr-majdani.de\/wp-content\/uploads\/2022\/09\/fest-small-150x150.jpg 150w, https:\/\/www.dr-majdani.de\/wp-content\/uploads\/2022\/09\/fest-small-300x300.jpg 300w, https:\/\/www.dr-majdani.de\/wp-content\/uploads\/2022\/09\/fest-small.jpg 333w\" sizes=\"auto, (max-width: 150px) 100vw, 150px\" \/><\/div>\n\t\t<\/figure>\n\t<\/div>\n<\/div><\/div><\/div><div class=\"wpb_column vc_column_container vc_col-sm-3\/5 vc_col-lg-offset-0\"><div class=\"vc_column-inner\"><div class=\"wpb_wrapper\">\n\t<div class=\"wpb_text_column wpb_content_element\" >\n\t\t<div class=\"wpb_wrapper\">\n\t\t\t<h3>Fixed braces<\/h3>\n<p><a href=\"https:\/\/www.dr-majdani.de\/en\/feste-zahnspangen\/\">Fixed braces<\/a> are a reliable method of correcting teeth: They work 24 hours a day and generally lead to rapid results. Fixed braces can be attached to the outside of the teeth. Brackets are bonded to the teeth, through which a wire is threaded. This wire is adjusted at regular intervals and gradually moves your teeth into the desired position. Brackets are available in metal or tooth-colored ceramic with transparent arches. While these are less noticeable, they are not as durable as metal brackets.<\/p>\n<p>The invisible version of fixed braces is called lingual braces. These braces are attached to the inner surfaces of the teeth. Due to the greater complexity of this procedure, lingual braces are more expensive than the traditional method with external brackets, but they are discreet and invisible from the outside.<\/p>\n\n\t\t<\/div>\n\t<\/div>\n<a href=\"https:\/\/www.dr-majdani.de\/en\/feste-zahnspangen\/\" target=\"_self\" style=\"font-size: 12px\" class=\"edgtf-btn edgtf-btn-small edgtf-btn-outline float-right\"  >\n    <span class=\"edgtf-btn-text\">Learn more<\/span><\/a><\/div><\/div><\/div><\/div><\/div><div class=\"vc_row wpb_row vc_row-fluid edgtf-section vc_custom_1708000421184 edgtf-content-aligment-left\" style=\"\"><div class=\"clearfix edgtf-full-section-inner\"><div class=\"wpb_column vc_column_container vc_col-sm-2 vc_col-lg-offset-1\"><div class=\"vc_column-inner\"><div class=\"wpb_wrapper\">\n\t<div  class=\"wpb_single_image wpb_content_element vc_align_center\">\n\t\t\n\t\t<figure class=\"wpb_wrapper vc_figure\">\n\t\t\t<div class=\"vc_single_image-wrapper vc_box_circle  vc_box_border_grey\"><img loading=\"lazy\" decoding=\"async\" width=\"150\" height=\"150\" src=\"https:\/\/www.dr-majdani.de\/wp-content\/uploads\/2022\/09\/herausnehmbarezahnspange-150x150.jpg\" class=\"vc_single_image-img attachment-thumbnail\" alt=\"\" title=\"herausnehmbarezahnspange\" srcset=\"https:\/\/www.dr-majdani.de\/wp-content\/uploads\/2022\/09\/herausnehmbarezahnspange-150x150.jpg 150w, https:\/\/www.dr-majdani.de\/wp-content\/uploads\/2022\/09\/herausnehmbarezahnspange-300x300.jpg 300w, https:\/\/www.dr-majdani.de\/wp-content\/uploads\/2022\/09\/herausnehmbarezahnspange-550x550.jpg 550w, https:\/\/www.dr-majdani.de\/wp-content\/uploads\/2022\/09\/herausnehmbarezahnspange.jpg 667w\" sizes=\"auto, (max-width: 150px) 100vw, 150px\" \/><\/div>\n\t\t<\/figure>\n\t<\/div>\n<\/div><\/div><\/div><div class=\"wpb_column vc_column_container vc_col-sm-3\/5 vc_col-lg-offset-0\"><div class=\"vc_column-inner\"><div class=\"wpb_wrapper\">\n\t<div class=\"wpb_text_column wpb_content_element\" >\n\t\t<div class=\"wpb_wrapper\">\n\t\t\t<h3>Removable braces<\/h3>\n<p>In addition to traditional, removable braces with a palate plate, transparent aligners are a good option, especially for adults, for effectively yet discreetly correcting misalignments. Our orthodontic practice in Hanover is a certified Invisalign practitioner. With this method, you will receive custom-made, transparent aligners for each treatment step. The discreet aligners are worn for approximately 22 hours a day but can be removed for eating and cleaning. They are suitable for both simple and complex tooth alignment.<\/p>\n\n\t\t<\/div>\n\t<\/div>\n<\/div><\/div><\/div><\/div><\/div><div class=\"vc_row wpb_row vc_row-fluid edgtf-section vc_custom_1708000428766 edgtf-content-aligment-left\" style=\"\"><div class=\"clearfix edgtf-full-section-inner\"><div class=\"wpb_column vc_column_container vc_col-sm-2 vc_col-lg-offset-1\"><div class=\"vc_column-inner\"><div class=\"wpb_wrapper\">\n\t<div  class=\"wpb_single_image wpb_content_element vc_align_center\">\n\t\t\n\t\t<figure class=\"wpb_wrapper vc_figure\">\n\t\t\t<div class=\"vc_single_image-wrapper vc_box_circle  vc_box_border_grey\"><img loading=\"lazy\" decoding=\"async\" width=\"150\" height=\"150\" src=\"https:\/\/www.dr-majdani.de\/wp-content\/uploads\/2022\/09\/erwachsene-smalljpg-150x150.jpg\" class=\"vc_single_image-img attachment-thumbnail\" alt=\"\" title=\"erwachsene-smalljpg\" srcset=\"https:\/\/www.dr-majdani.de\/wp-content\/uploads\/2022\/09\/erwachsene-smalljpg-150x150.jpg 150w, https:\/\/www.dr-majdani.de\/wp-content\/uploads\/2022\/09\/erwachsene-smalljpg-300x300.jpg 300w, https:\/\/www.dr-majdani.de\/wp-content\/uploads\/2022\/09\/erwachsene-smalljpg.jpg 341w\" sizes=\"auto, (max-width: 150px) 100vw, 150px\" \/><\/div>\n\t\t<\/figure>\n\t<\/div>\n<\/div><\/div><\/div><div class=\"wpb_column vc_column_container vc_col-sm-3\/5 vc_col-lg-offset-0\"><div class=\"vc_column-inner\"><div class=\"wpb_wrapper\">\n\t<div class=\"wpb_text_column wpb_content_element\" >\n\t\t<div class=\"wpb_wrapper\">\n\t\t\t<h3>Retainer<\/h3>\n<p>Retainers are stabilizers that ensure teeth remain in the desired position after orthodontic treatment. Retainers can be worn overnight, like a loose brace, or they can be attached to the inside of the teeth as a fixed splint.<\/p>\n\n\t\t<\/div>\n\t<\/div>\n<\/div><\/div><\/div><\/div><\/div><div class=\"vc_row wpb_row vc_row-fluid edgtf-section vc_custom_1664191713696 edgtf-content-aligment-left\" style=\"\"><div class=\"clearfix edgtf-full-section-inner\"><div class=\"wpb_column vc_column_container vc_col-sm-12 vc_col-lg-offset-1 vc_col-lg-4\/5\"><div class=\"vc_column-inner\"><div class=\"wpb_wrapper\"><div class=\"vc_empty_space\"   style=\"height: 32px\"><span class=\"vc_empty_space_inner\"><\/span><\/div>\n\t<div class=\"wpb_text_column wpb_content_element\" >\n\t\t<div class=\"wpb_wrapper\">\n\t\t\t<h3>How good is the before and after effect?<\/h3>\n<p>Despite their comfortable and discreet nature, these virtually invisible aligners allow for good treatment results, both for simple and complex corrections. It is important that the aligners are worn regularly to achieve the desired results.<\/p>\n<p>Thanks to digitalized procedures, we can usually show you the before and after effect before treatment even begins, so you can decide the extent of tooth correction you want to achieve.<\/p>\n<p>For many people, satisfaction with their braces also depends on how much time they need to plan for orthodontic treatment. Generally, straightening teeth with removable braces takes longer than with fixed braces. Treatment with fixed braces is often completed after 6-12 months. With Invisalign aligners, correction is achieved within 12-18 months. With many other removable braces, this period can be significantly longer.<\/p>\n<h3>Does health insurance cover braces for adults?<\/h3>\n<p>People over 18 usually pay for braces out of their own pocket. Even if medically necessary, health insurance companies only cover the costs in exceptional cases. There are various supplemental dental insurance plans that subsidize orthodontic treatment for adults in certain cases.<\/p>\n<h3>How much does braces cost for adults?<\/h3>\n<p>The cost of orthodontic treatment for adults depends on the severity of the misalignment, the type of braces chosen, and the required treatment duration. We will calculate the exact cost of your braces for you during a personal consultation. Feel free to ask us about a customized payment plan!<\/p>\n\n\t\t<\/div>\n\t<\/div>\n<div class=\"vc_empty_space\"   style=\"height: 32px\"><span class=\"vc_empty_space_inner\"><\/span><\/div><\/div><\/div><\/div><\/div><\/div>","protected":false},"excerpt":{"rendered":"In jedem Alter Zahnspangen f\u00fcr Erwachsene F\u00fcr eine effektive kieferorthop\u00e4dische Behandlung ist es nie zu sp\u00e4t! Gesunde, gerade Z\u00e4hne wirken gepflegt und attraktiv. Falls bei Ihnen Zahnfehlstellungen im Kindesalter nicht korrigiert wurden oder erst im Erwachsenenalter aufgetreten sind, finden wir f\u00fcr Sie in unserer kieferorthop\u00e4dischen...","protected":false},"author":1,"featured_media":0,"parent":0,"menu_order":0,"comment_status":"closed","ping_status":"closed","template":"full-width.php","meta":{"footnotes":""},"class_list":["post-9485","page","type-page","status-publish","hentry"],"aioseo_notices":[],"_links":{"self":[{"href":"https:\/\/www.dr-majdani.de\/en\/wp-json\/wp\/v2\/pages\/9485","targetHints":{"allow":["GET"]}}],"collection":[{"href":"https:\/\/www.dr-majdani.de\/en\/wp-json\/wp\/v2\/pages"}],"about":[{"href":"https:\/\/www.dr-majdani.de\/en\/wp-json\/wp\/v2\/types\/page"}],"author":[{"embeddable":true,"href":"https:\/\/www.dr-majdani.de\/en\/wp-json\/wp\/v2\/users\/1"}],"replies":[{"embeddable":true,"href":"https:\/\/www.dr-majdani.de\/en\/wp-json\/wp\/v2\/comments?post=9485"}],"version-history":[{"count":0,"href":"https:\/\/www.dr-majdani.de\/en\/wp-json\/wp\/v2\/pages\/9485\/revisions"}],"wp:attachment":[{"href":"https:\/\/www.dr-majdani.de\/en\/wp-json\/wp\/v2\/media?parent=9485"}],"curies":[{"name":"wp","href":"https:\/\/api.w.org\/{rel}","templated":true}]}}