{"id":8796,"date":"2022-01-31T14:48:10","date_gmt":"2022-01-31T13:48:10","guid":{"rendered":"https:\/\/www.dr-majdani.de\/?page_id=8796"},"modified":"2025-01-08T14:47:02","modified_gmt":"2025-01-08T13:47:02","slug":"formulare","status":"publish","type":"page","link":"https:\/\/www.dr-majdani.de\/en\/formulare\/","title":{"rendered":"Forms and information"},"content":{"rendered":"<div class=\"vc_row wpb_row vc_row-fluid edgtf-section vc_custom_1585501607974 edgtf-content-aligment-left\" style=\"\"><div class=\"clearfix edgtf-full-section-inner\"><div class=\"wpb_column vc_column_container vc_col-sm-12 vc_col-lg-offset-1 vc_col-lg-4\/5\"><div class=\"vc_column-inner\"><div class=\"wpb_wrapper\">\n\t<div class=\"wpb_text_column wpb_content_element\" >\n\t\t<div class=\"wpb_wrapper\">\n\t\t\t<h1>Forms and information<\/h1>\n\n\t\t<\/div>\n\t<\/div>\n<div class=\"vc_empty_space\"   style=\"height: 32px\"><span class=\"vc_empty_space_inner\"><\/span><\/div>\n\t<div class=\"wpb_text_column wpb_content_element\" >\n\t\t<div class=\"wpb_wrapper\">\n\t\t\t<h2>\n    <span class=\"edgtf-icon-shortcode normal\"  data-color=\"#000\">\n        \n        <i class=\"edgtf-icon-font-awesome fa fa-file-pdf-o edgtf-icon-element\" style=\"color: #000;font-size:40px\" ><\/i>\n            <\/span>\n\n <a style=\"text-decoration: underline;\" href=\"https:\/\/www.dr-majdani.de\/wp-content\/uploads\/2022\/05\/AnamnesebogenErwachsen.pdf\" target=\"_blank\" rel=\"noopener noreferrer\">Medical history form for adults<\/a><\/h2>\n<h2>\n    <span class=\"edgtf-icon-shortcode normal\"  data-color=\"#000\">\n        \n        <i class=\"edgtf-icon-font-awesome fa fa-file-pdf-o edgtf-icon-element\" style=\"color: #000;font-size:40px\" ><\/i>\n            <\/span>\n\n <a style=\"text-decoration: underline;\" href=\"https:\/\/www.dr-majdani.de\/wp-content\/uploads\/2022\/02\/AnamnesebogenKinder.pdf\" target=\"_blank\" rel=\"noopener noreferrer\">Medical history form for children<\/a><\/h2>\n<h2>\n    <span class=\"edgtf-icon-shortcode normal\"  data-color=\"#000\">\n        \n        <i class=\"edgtf-icon-font-awesome fa fa-file-pdf-o edgtf-icon-element\" style=\"color: #000;font-size:40px\" ><\/i>\n            <\/span>\n\n <a style=\"text-decoration: underline;\" href=\"https:\/\/www.dr-majdani.de\/wp-content\/uploads\/2022\/02\/Anamnese_Funktionsstoerung.pdf\" target=\"_blank\" rel=\"noopener noreferrer\">Medical history form for temporomandibular joint dysfunction<\/a><\/h2>\n\n\t\t<\/div>\n\t<\/div>\n<div class=\"vc_empty_space\"   style=\"height: 48px\"><span class=\"vc_empty_space_inner\"><\/span><\/div>\n\t<div class=\"wpb_text_column wpb_content_element\" >\n\t\t<div class=\"wpb_wrapper\">\n\t\t\t<h1>Form submission<\/h1>\n<p>Send us your completed forms easily and securely online.<\/p>\n\n\t\t<\/div>\n\t<\/div>\n\n<div class=\"wpcf7 no-js\" id=\"wpcf7-f802-o1\" lang=\"en-US\" dir=\"ltr\">\n<div class=\"screen-reader-response\"><p role=\"status\" aria-live=\"polite\" aria-atomic=\"true\"><\/p> <ul><\/ul><\/div>\n<form action=\"\/en\/wp-json\/wp\/v2\/pages\/8796#wpcf7-f802-o1\" method=\"post\" class=\"wpcf7-form init\" aria-label=\"Contact form\" enctype=\"multipart\/form-data\" novalidate=\"novalidate\" data-status=\"init\" data-trp-original-action=\"\/en\/wp-json\/wp\/v2\/pages\/8796#wpcf7-f802-o1\">\n<div style=\"display: none;\">\n<input type=\"hidden\" name=\"_wpcf7\" value=\"802\" \/>\n<input type=\"hidden\" name=\"_wpcf7_version\" value=\"5.7.4\" \/>\n<input type=\"hidden\" name=\"_wpcf7_locale\" value=\"en_US\" \/>\n<input type=\"hidden\" name=\"_wpcf7_unit_tag\" value=\"wpcf7-f802-o1\" \/>\n<input type=\"hidden\" name=\"_wpcf7_container_post\" value=\"0\" \/>\n<input type=\"hidden\" name=\"_wpcf7_posted_data_hash\" value=\"\" \/>\n<\/div>\n<div>\n\t<p><span class=\"wpcf7-form-control-wrap\" data-name=\"your-name\"><input size=\"40\" class=\"wpcf7-form-control wpcf7-text wpcf7-validates-as-required\" aria-required=\"true\" aria-invalid=\"false\" placeholder=\"Name\" value=\"\" type=\"text\" name=\"your-name\" \/><\/span>\n\t<\/p>\n<\/div>\n<div>\n\t<p><span class=\"wpcf7-form-control-wrap\" data-name=\"email\"><input size=\"40\" class=\"wpcf7-form-control wpcf7-text wpcf7-email wpcf7-validates-as-required wpcf7-validates-as-email\" aria-required=\"true\" aria-invalid=\"false\" placeholder=\"E-mail\" value=\"\" type=\"email\" name=\"email\" \/><\/span>\n\t<\/p>\n<\/div>\n<div>\n\t<p><span class=\"wpcf7-form-control-wrap\" data-name=\"your-message\"><textarea cols=\"40\" rows=\"10\" class=\"wpcf7-form-control wpcf7-textarea wpcf7-validates-as-required kommBox\" aria-required=\"true\" aria-invalid=\"false\" placeholder=\"Comments\" name=\"your-message\"><\/textarea><\/span>\n\t<\/p>\n<\/div>\n<div>\n\t<div id=\"mfcf7_zl_multifilecontainer\"><span class=\"mfcf7-zl-multiline-sample\" style=\"display:none\"><p class=\"wpcf7-form-control-wrap multilinefile-564\"><input size=\"40\" class=\"wpcf7-form-control wpcf7-multilinefile wpcf7-validates-as-required uploadButton\" multiple=\"multiple\" value=\"+ Datei anh\u00e4ngen\" aria-required=\"true\" aria-invalid=\"false\" type=\"file\" name=\"multilinefile-564[]\" \/> <span class=\"mfcf7-zl-multifile-name\"><\/span><a href=\"javascript:void(0);\" class=\"mfcf7_zl_delete_file\"><span class=\"delete-file\" aria-hidden=\"true\">&#x274C;<\/span><\/a><\/p><\/span><\/div><span class=\"wpcf7-form-control-wrap zl-form-control-wrap multilinefile-564\"><input size=\"40\" class=\"wpcf7-form-control wpcf7-multilinefile wpcf7-validates-as-required uploadButton\" multiple=\"multiple\" value=\"+ Datei anh\u00e4ngen\" aria-required=\"true\" aria-invalid=\"false\" type=\"file\" name=\"multilinefile-564[]\" \/> <span class=\"mfcf7-zl-multifile-name\"><\/span><a href=\"javascript:void(0);\" class=\"mfcf7_zl_delete_file\"><span class=\"delete-file\" aria-hidden=\"true\">&#x274C;<\/span><\/a><\/span><p><label><span class=\"wpcf7-form-control-wrap\" data-name=\"multilinefile-564-zl-mfcf7-upld-btn\"><input type=\"button\" name=\"multilinefile-564-zl-mfcf7-upld-btn\" class=\"button button-primary qbutton\" href=\"javascript:void(0);\" id=\"mfcf7_zl_add_file\" value=\"+ Attach File\"><\/span><\/label><\/p>\n\t<\/p>\n\t<div>\n\t\t<div>\n\t\t\t<p><span class=\"wpcf7-form-control-wrap\" data-name=\"acceptance-485\"><span class=\"wpcf7-form-control wpcf7-acceptance\"><span class=\"wpcf7-list-item\"><label><input type=\"checkbox\" name=\"acceptance-485\" value=\"1\" aria-invalid=\"false\" \/><span class=\"wpcf7-list-item-label\">Yes, I agree that my data will be used to process the request.<\/span><\/label><\/span><\/span><\/span>\n\t\t\t<\/p>\n\t\t<\/div>\n\t\t<div>\n\t\t\t<p><input class=\"wpcf7-form-control has-spinner wpcf7-submit\" type=\"submit\" value=\"Send\" \/>\n\t\t\t<\/p>\n\t\t<\/div>\n\t<\/div>\n<\/div><div class=\"wpcf7-response-output\" aria-hidden=\"true\"><\/div>\n<input type=\"hidden\" name=\"trp-form-language\" value=\"en\"\/><\/form>\n<\/div>\n<\/div><\/div><\/div><\/div><\/div>","protected":false},"excerpt":{"rendered":"Formulare und Informationen Anamnesebogen f\u00fcr Erwachsene Anamnesebogen f\u00fcr Kinder Anamnesebogen Funktionsst\u00f6rung\/Kiefergelenkserkrankungen Formularabgabe Senden Sie uns Ihre ausgef\u00fcllten Formulare einfach und sicher online. &#x274C; &#x274C; Ja, ich bin einverstanden, dass meine Daten zur Bearbeitung der Anfrage verwendet werden.","protected":false},"author":1,"featured_media":0,"parent":0,"menu_order":0,"comment_status":"closed","ping_status":"closed","template":"full-width.php","meta":{"footnotes":""},"class_list":["post-8796","page","type-page","status-publish","hentry"],"aioseo_notices":[],"_links":{"self":[{"href":"https:\/\/www.dr-majdani.de\/en\/wp-json\/wp\/v2\/pages\/8796","targetHints":{"allow":["GET"]}}],"collection":[{"href":"https:\/\/www.dr-majdani.de\/en\/wp-json\/wp\/v2\/pages"}],"about":[{"href":"https:\/\/www.dr-majdani.de\/en\/wp-json\/wp\/v2\/types\/page"}],"author":[{"embeddable":true,"href":"https:\/\/www.dr-majdani.de\/en\/wp-json\/wp\/v2\/users\/1"}],"replies":[{"embeddable":true,"href":"https:\/\/www.dr-majdani.de\/en\/wp-json\/wp\/v2\/comments?post=8796"}],"version-history":[{"count":0,"href":"https:\/\/www.dr-majdani.de\/en\/wp-json\/wp\/v2\/pages\/8796\/revisions"}],"wp:attachment":[{"href":"https:\/\/www.dr-majdani.de\/en\/wp-json\/wp\/v2\/media?parent=8796"}],"curies":[{"name":"wp","href":"https:\/\/api.w.org\/{rel}","templated":true}]}}