{"id":8523,"date":"2020-09-21T13:17:35","date_gmt":"2020-09-21T11:17:35","guid":{"rendered":"https:\/\/www.dr-majdani.de\/?page_id=8523"},"modified":"2025-04-11T17:07:38","modified_gmt":"2025-04-11T15:07:38","slug":"philips-zoom","status":"publish","type":"page","link":"https:\/\/www.dr-majdani.de\/en\/philips-zoom\/","title":{"rendered":"Philips Zoom! Bleaching &#8211; Professionelle Zahnaufhellung Hannover"},"content":{"rendered":"<div class=\"vc_row wpb_row vc_row-fluid edgtf-section vc_custom_1585501607974 edgtf-content-aligment-left\" style=\"\"><div class=\"clearfix edgtf-full-section-inner\"><div class=\"wpb_column vc_column_container vc_col-sm-12 vc_col-lg-offset-1 vc_col-lg-4\/5\"><div class=\"vc_column-inner\"><div class=\"wpb_wrapper\">\n\t<div class=\"wpb_text_column wpb_content_element\" >\n\t\t<div class=\"wpb_wrapper\">\n\t\t\t<h1>Philips Zoom!<\/h1>\n<h2>Professional teeth whitening<\/h2>\n<h3>Gentle tooth whitening is carried out under professional supervision according to the latest scientific standards in your orthodontic specialist dental practice in Hanover.<\/h3>\n<p>A radiant smile is the most beautiful makeup, and your well-groomed, white teeth are your personal calling card. Radiant white teeth are a status symbol and a positive eye-catcher, as well as a great finishing touch after orthodontic treatment.<\/p>\n<p>Unfortunately, few people have naturally white teeth. Unpleasant discoloration can sometimes be genetic, but it's simply a natural part of aging. In many cases, it develops over time due to pigments from coffee, tea, red wine, tobacco, various foods, and medications.<\/p>\n<p>These deposited pigments not only darken the tooth surface, but also penetrate the enamel and discolor the teeth by altering their internal structure. For this reason, the discoloration persists even after a professional dental cleaning. A dental cleaning removes the surface deposits and discoloration and is therefore considered the first step in tooth whitening, but it cannot change the internal enamel structure.<\/p>\n<p>This is where the Philips Zoom! bleaching method comes into play. The bleaching material contains hydrogen peroxide and carbamide peroxide. The effect is enhanced by the blue LED light. The colored and light-absorbing pigments in the tooth substance oxidize, allowing light to pass through the tooth unhindered, making the teeth appear brighter. The tooth's stability and resilience are not altered. The dream of bright teeth can thus be realized in a very short time with a gentle whitening procedure at our orthodontic practice in Hannover Kirchrode.<\/p>\n<h3>Bleaching requirements<\/h3>\n<p>Both healthy gums and caries-free teeth are considered important prerequisites for teeth whitening. We recommend having a professional teeth cleaning one week before teeth whitening to remove plaque and allow the bleaching to work more evenly and effectively.<\/p>\n<p>Composite fillings and ceramic prosthetics do not react to the bleaching material like your natural teeth. This means that these restorations may need to be replaced by a dentist after bleaching if they show a color difference from your whitened natural teeth.<\/p>\n<h3>Age restrictions<\/h3>\n<p>Although younger teeth respond more easily to bleaching, we recommend a bleaching procedure only from the age of 18, although there is no upper age limit.<\/p>\n<h3>Contraindications<\/h3>\n<p>These include pregnancy, breastfeeding, hypersensitive teeth, leaky fillings, caries, periodontitis.<\/p>\n<h3>Bleaching procedure<\/h3>\n<p>In our orthodontic practice, we offer the professional Philips ZOOM! teeth whitening system, which ensures consistent process, results, and service quality.<\/p>\n<p>The professional bleaching result can be maintained for years through the additional use of the home bleaching method.<\/p>\n<h3>Side effects<\/h3>\n<p>According to current studies, professional teeth whitening is safe and no irreversible damage has been detected.<\/p>\n<p>However, temporary tooth sensitivity or sudden pain in the front teeth area may occur, which usually subsides within 1-2 days.<\/p>\n\n\t\t<\/div>\n\t<\/div>\n<a href=\"#\" target=\"_self\" style=\"font-size: 14px;font-weight: 400\" class=\"edgtf-btn edgtf-btn-small edgtf-btn-outline float-right appointment\"  >\n    <span class=\"edgtf-btn-text\">Book an appointment<\/span><\/a><div class=\"vc_empty_space\"   style=\"height: 52px\"><span class=\"vc_empty_space_inner\"><\/span><\/div>\n\t<div class=\"wpb_text_column wpb_content_element  float-right\" >\n\t\t<div class=\"wpb_wrapper\">\n\t\t\t<p style=\"text-align: right;\">\n    <span class=\"edgtf-icon-shortcode normal\" style=\"margin: 2px\" data-color=\"#000\">\n        \n        <i class=\"edgtf-icon-font-awesome fa fa-mobile edgtf-icon-element\" style=\"color: #000;font-size:35px\" ><\/i>\n            <\/span>\n\n \u00a0<a href=\"tel:0511511628\">0511 51 16 28<\/a><\/p>\n<p style=\"text-align: right;\">\n    <span class=\"edgtf-icon-shortcode normal edgtf-icon-tiny\"  data-color=\"#000\">\n        \n        <i class=\"edgtf-icon-font-awesome fa fa-envelope edgtf-icon-element\" style=\"color: #000\" ><\/i>\n            <\/span>\n\n<a href=\"mailto:info@dr-majdani.de\">info@dr-majdani.de<\/a><\/p>\n\n\t\t<\/div>\n\t<\/div>\n<div class=\"vc_empty_space\"   style=\"height: 24px\"><span class=\"vc_empty_space_inner\"><\/span><\/div>\n\t<div class=\"wpb_raw_code wpb_content_element wpb_raw_html\" >\n\t\t<div class=\"wpb_wrapper\">\n\t\t\t<iframe loading=\"lazy\" src=\"https:\/\/player.vimeo.com\/video\/471942423\" width=\"640\" height=\"480\" frameborder=\"0\" allow=\"autoplay; fullscreen\" allowfullscreen><\/iframe>\n\t\t<\/div>\n\t<\/div>\n<\/div><\/div><\/div><\/div><\/div><div class=\"vc_row wpb_row vc_row-fluid edgtf-section vc_custom_1589890367240 edgtf-content-aligment-left\" style=\"\"><div class=\"clearfix edgtf-full-section-inner\"><div class=\"map wpb_column vc_column_container vc_col-sm-12 vc_col-lg-12 vc_col-sm-offset-0 vc_col-has-fill\"><div class=\"vc_column-inner vc_custom_1742887431047\"><div class=\"wpb_wrapper\"><div class=\"edgtf-google-map-holder\">\n\t<div class=\"edgtf-google-map\" id=\"edgtf-map-529056\" data-addresses='[\"Tiergartenstr. 130, Hannover\"]' data-custom-map-style=\"false\" data-color-overlay=\"#393939\" data-saturation=\"-100\" data-lightness=\"-60\" data-zoom=\"15\" data-pin=\"https:\/\/www.dr-majdani.de\/wp-content\/themes\/dorianwp\/assets\/img\/pin.png\" data-unique-id=\"529056\" data-scroll-wheel=\"false\" data-height=\"300px\"><\/div>\n\t\t\t<div class=\"edgtf-google-map-overlay\"><\/div>\n\t<\/div>\n<\/div><\/div><\/div><\/div><\/div><div class=\"vc_row wpb_row vc_row-fluid edgtf-section vc_custom_1742888246174 edgtf-content-aligment-left\" style=\"\"><div class=\"clearfix edgtf-full-section-inner\"><div class=\"wpb_column vc_column_container vc_col-sm-4 vc_col-lg-offset-0 vc_col-lg-3 vc_col-md-offset-0 vc_col-md-5 vc_col-sm-offset-0\"><div class=\"vc_column-inner vc_custom_1742888674779\"><div class=\"wpb_wrapper\"><div class=\"vc_empty_space\"   style=\"height: 12px\"><span class=\"vc_empty_space_inner\"><\/span><\/div>\n\t<div class=\"wpb_text_column wpb_content_element\" >\n\t\t<div class=\"wpb_wrapper\">\n\t\t\t<h3>Contact<\/h3>\n\n\t\t<\/div>\n\t<\/div>\n<div class=\"vc_empty_space\"   style=\"height: 12px\"><span class=\"vc_empty_space_inner\"><\/span><\/div><div class=\"edgtf-icon-list-item\">\n\t<div class=\"edgtf-icon-list-icon-holder\">\n        <div class=\"edgtf-icon-list-icon-holder-inner clearfix\">\n\t\t\t<i class=\"edgtf-icon-font-awesome fa fa-map-marker\" style=\"color:#000000;font-size:20px\" ><\/i>\t\t<\/div>\n\t<\/div>\n\t<p class=\"edgtf-icon-list-text\" style=\"color:#000000;font-size:14px\" > Tiergartenstr. 130, 30559 Hannover<\/p>\n<\/div><div class=\"edgtf-icon-list-item\">\n\t<div class=\"edgtf-icon-list-icon-holder\">\n        <div class=\"edgtf-icon-list-icon-holder-inner clearfix\">\n\t\t\t<i class=\"edgtf-icon-font-awesome fa fa-envelope\" style=\"color:#000000;font-size:20px\" ><\/i>\t\t<\/div>\n\t<\/div>\n\t<p class=\"edgtf-icon-list-text\" style=\"color:#000000;font-size:14px\" > info@dr-majdani.de<\/p>\n<\/div>\n\t<div class=\"wpb_raw_code wpb_content_element wpb_raw_html\" >\n\t\t<div class=\"wpb_wrapper\">\n\t\t\t<div class=\"edgtf-icon-list-item\">\n\t<div class=\"edgtf-icon-list-icon-holder\">\n        <div class=\"edgtf-icon-list-icon-holder-inner clearfix\">\n\t\t\t<i class=\"edgtf-icon-font-awesome fa fa-mobile-phone\" style=\"color:#000000;font-size:25px\"><\/i>\t\t<\/div>\n\t<\/div>\n\t<p class=\"edgtf-icon-list-text\" style=\"color:#000000;font-size:14px\"><a href=\"tel:+49511511628\"> +49 (0) 511 51 16 28<\/a><\/p>\n<\/div>\n\t\t<\/div>\n\t<\/div>\n<div class=\"edgtf-icon-list-item\">\n\t<div class=\"edgtf-icon-list-icon-holder\">\n        <div class=\"edgtf-icon-list-icon-holder-inner clearfix\">\n\t\t\t<i class=\"edgtf-icon-font-awesome fa fa-fax\" style=\"color:#000000;font-size:20px\" ><\/i>\t\t<\/div>\n\t<\/div>\n\t<p class=\"edgtf-icon-list-text\" style=\"color:#000000;font-size:14px\" > Fax: 0511 51 13 26<\/p>\n<\/div><div class=\"vc_empty_space\"   style=\"height: 12px\"><span class=\"vc_empty_space_inner\"><\/span><\/div><\/div><\/div><\/div><div class=\"wpb_column vc_column_container vc_col-sm-4 vc_col-lg-3 vc_col-md-offset-1 vc_col-md-5 vc_col-sm-offset-1\"><div class=\"vc_column-inner vc_custom_1742888681924\"><div class=\"wpb_wrapper\"><div class=\"vc_empty_space\"   style=\"height: 12px\"><span class=\"vc_empty_space_inner\"><\/span><\/div>\n\t<div class=\"wpb_text_column wpb_content_element\" >\n\t\t<div class=\"wpb_wrapper\">\n\t\t\t<h3>Opening hours<\/h3>\n\n\t\t<\/div>\n\t<\/div>\n<div class=\"vc_empty_space\"   style=\"height: 12px\"><span class=\"vc_empty_space_inner\"><\/span><\/div>\n\t<div class=\"wpb_text_column wpb_content_element  opentimes\" >\n\t\t<div class=\"wpb_wrapper\">\n\t\t\t<p><strong>Mon<\/strong> 09:00\u201312:30 14:00\u201318:00<\/p>\n\n\t\t<\/div>\n\t<\/div>\n\n\t<div class=\"wpb_text_column wpb_content_element  opentimes\" >\n\t\t<div class=\"wpb_wrapper\">\n\t\t\t<p style=\"text-align: left;\"><strong>Tue\u00a0<\/strong>08:30\u201312:00 13:30\u201318:00<\/p>\n\n\t\t<\/div>\n\t<\/div>\n\n\t<div class=\"wpb_text_column wpb_content_element  opentimes\" >\n\t\t<div class=\"wpb_wrapper\">\n\t\t\t<p><b>Wed\u00a0<\/b>08:30\u201313:00 13:30\u201317:00<\/p>\n\n\t\t<\/div>\n\t<\/div>\n\n\t<div class=\"wpb_text_column wpb_content_element  opentimes\" >\n\t\t<div class=\"wpb_wrapper\">\n\t\t\t<p><b>Thu\u00a0<\/b>08:30\u201312:00 14:00\u201318:00<\/p>\n\n\t\t<\/div>\n\t<\/div>\n\n\t<div class=\"wpb_text_column wpb_content_element  opentimes\" >\n\t\t<div class=\"wpb_wrapper\">\n\t\t\t<p><b>Fri\u00a0<\/b>By appointment<\/p>\n\n\t\t<\/div>\n\t<\/div>\n\n\t<div class=\"wpb_text_column wpb_content_element  opentimes\" >\n\t\t<div class=\"wpb_wrapper\">\n\t\t\t<p><b>Sat - Sun\u00a0<\/b>Closed<\/p>\n\n\t\t<\/div>\n\t<\/div>\n<div class=\"vc_empty_space\"   style=\"height: 12px\"><span class=\"vc_empty_space_inner\"><\/span><\/div><\/div><\/div><\/div><div class=\"wpb_column vc_column_container vc_col-sm-4 vc_col-lg-offset-0 vc_col-lg-2\/5 vc_col-md-offset-1 vc_hidden-md vc_col-sm-offset-1 vc_hidden-sm vc_col-xs-offset-1 vc_col-xs-11 vc_hidden-xs\"><div class=\"vc_column-inner\"><div class=\"wpb_wrapper\"><\/div><\/div><\/div><\/div><\/div>","protected":false},"excerpt":{"rendered":"Philips Zoom! Professionelle Zahnaufhellung Schonende Zahnaufhellung wird unter professioneller Begleitung nach neuesten wissenschaftlichen Standards in Ihrer kieferorthop\u00e4dischen Fachzahnarztpraxis in Hannover durchgef\u00fchrt. Ein strahlendes L\u00e4cheln ist das sch\u00f6nste Make-up und Ihre gepflegten wei\u00dfen Z\u00e4hne sind Ihre pers\u00f6nliche Visitenkarte. Strahlend wei\u00dfe Z\u00e4hne sind ein Statussymbol und positiver...","protected":false},"author":1,"featured_media":0,"parent":0,"menu_order":0,"comment_status":"closed","ping_status":"closed","template":"full-width.php","meta":{"footnotes":""},"class_list":["post-8523","page","type-page","status-publish","hentry"],"aioseo_notices":[],"_links":{"self":[{"href":"https:\/\/www.dr-majdani.de\/en\/wp-json\/wp\/v2\/pages\/8523","targetHints":{"allow":["GET"]}}],"collection":[{"href":"https:\/\/www.dr-majdani.de\/en\/wp-json\/wp\/v2\/pages"}],"about":[{"href":"https:\/\/www.dr-majdani.de\/en\/wp-json\/wp\/v2\/types\/page"}],"author":[{"embeddable":true,"href":"https:\/\/www.dr-majdani.de\/en\/wp-json\/wp\/v2\/users\/1"}],"replies":[{"embeddable":true,"href":"https:\/\/www.dr-majdani.de\/en\/wp-json\/wp\/v2\/comments?post=8523"}],"version-history":[{"count":0,"href":"https:\/\/www.dr-majdani.de\/en\/wp-json\/wp\/v2\/pages\/8523\/revisions"}],"wp:attachment":[{"href":"https:\/\/www.dr-majdani.de\/en\/wp-json\/wp\/v2\/media?parent=8523"}],"curies":[{"name":"wp","href":"https:\/\/api.w.org\/{rel}","templated":true}]}}