{"id":7855,"date":"2020-03-21T10:30:14","date_gmt":"2020-03-21T10:30:14","guid":{"rendered":"https:\/\/praxistest.cloudaccess.host\/?page_id=7855"},"modified":"2022-10-07T13:57:42","modified_gmt":"2022-10-07T11:57:42","slug":"digitale-kfo","status":"publish","type":"page","link":"https:\/\/www.dr-majdani.de\/en\/digitale-kfo\/","title":{"rendered":"Digitale KfO"},"content":{"rendered":"<div class=\"vc_row wpb_row vc_row-fluid edgtf-section vc_custom_1585501635999 edgtf-content-aligment-left\" style=\"\"><div class=\"clearfix edgtf-full-section-inner\"><div class=\"wpb_column vc_column_container vc_col-sm-12 vc_col-lg-offset-1 vc_col-lg-4\/5\"><div class=\"vc_column-inner\"><div class=\"wpb_wrapper\"><div class=\"vc_empty_space\"   style=\"height: 32px\"><span class=\"vc_empty_space_inner\"><\/span><\/div>\n\t<div class=\"wpb_text_column wpb_content_element\" >\n\t\t<div class=\"wpb_wrapper\">\n\t\t\t<h1>Digitale-KFO<\/h1>\n\n\t\t<\/div>\n\t<\/div>\n<div class=\"vc_empty_space\"   style=\"height: 32px\"><span class=\"vc_empty_space_inner\"><\/span><\/div><\/div><\/div><\/div><\/div><\/div><div class=\"vc_row wpb_row vc_row-fluid edgtf-section vc_custom_1585689036415 edgtf-content-aligment-left\" style=\"\"><div class=\"clearfix edgtf-full-section-inner\"><div class=\"wpb_column vc_column_container vc_col-sm-6 vc_col-lg-offset-1 vc_col-lg-2\/5\"><div class=\"vc_column-inner vc_custom_1585752007469\"><div class=\"wpb_wrapper\">\n\t<div  class=\"wpb_single_image wpb_content_element vc_align_left\">\n\t\t\n\t\t<figure class=\"wpb_wrapper vc_figure\">\n\t\t\t<div class=\"vc_single_image-wrapper   vc_box_border_grey\"><img loading=\"lazy\" decoding=\"async\" width=\"1000\" height=\"334\" src=\"https:\/\/www.dr-majdani.de\/wp-content\/uploads\/2020\/06\/iTero-Wand-in-Mouth-Large-e1592169995617.jpg\" class=\"vc_single_image-img attachment-full\" alt=\"\" title=\"iTero-Wand-in-Mouth-Large-e1584839314784\" \/><\/div>\n\t\t<\/figure>\n\t<\/div>\n\n\t<div class=\"wpb_text_column wpb_content_element\" >\n\t\t<div class=\"wpb_wrapper\">\n\t\t\t<h3><a href=\"https:\/\/www.dr-majdani.de\/en\/itero-intraoral-scanner\/\">Intraoraler Scanner<\/a><\/h3>\n<p>Die Zahnoberfl\u00e4chen werden pr\u00e4zise aber ber\u00fchrungslos mit einer kleinen Kamera abgetastet und herk\u00f6mmlichen Abdr\u00fccke k\u00f6nnen somit ersetzt werden. Dank digitaler Abformung, kann ein unangenehmes Gef\u00fchl bei der Abdrucknahme der Vergangenheit angeh\u00f6ren! <a href=\"https:\/\/www.dr-majdani.de\/en\/itero-intraoral-scanner\/\"><span style=\"color: #0000ff;\">More information<\/span><\/a><\/p>\n\n\t\t<\/div>\n\t<\/div>\n<\/div><\/div><\/div><div class=\"wpb_column vc_column_container vc_col-sm-6 vc_col-lg-2\/5\"><div class=\"vc_column-inner vc_custom_1585752013360\"><div class=\"wpb_wrapper\">\n\t<div  class=\"wpb_single_image wpb_content_element vc_align_left\">\n\t\t\n\t\t<figure class=\"wpb_wrapper vc_figure\">\n\t\t\t<div class=\"vc_single_image-wrapper   vc_box_border_grey\"><img loading=\"lazy\" decoding=\"async\" width=\"1000\" height=\"333\" src=\"https:\/\/www.dr-majdani.de\/wp-content\/uploads\/2020\/06\/1-31.jpeg\" class=\"vc_single_image-img attachment-full\" alt=\"\" title=\"1-31\" srcset=\"https:\/\/www.dr-majdani.de\/wp-content\/uploads\/2020\/06\/1-31.jpeg 1000w, https:\/\/www.dr-majdani.de\/wp-content\/uploads\/2020\/06\/1-31-300x100.jpeg 300w, https:\/\/www.dr-majdani.de\/wp-content\/uploads\/2020\/06\/1-31-768x256.jpeg 768w\" sizes=\"auto, (max-width: 1000px) 100vw, 1000px\" \/><\/div>\n\t\t<\/figure>\n\t<\/div>\n\n\t<div class=\"wpb_text_column wpb_content_element\" >\n\t\t<div class=\"wpb_wrapper\">\n\t\t\t<h3>Digitale Dentalkamera<\/h3>\n<p>Kristallklare Fotos dank intelligenter Kameratechnik.<\/p>\n\n\t\t<\/div>\n\t<\/div>\n<\/div><\/div><\/div><\/div><\/div><div class=\"vc_row wpb_row vc_row-fluid edgtf-section vc_custom_1585689060932 edgtf-content-aligment-left\" style=\"\"><div class=\"clearfix edgtf-full-section-inner\"><div class=\"wpb_column vc_column_container vc_col-sm-6 vc_col-lg-offset-1 vc_col-lg-2\/5\"><div class=\"vc_column-inner vc_custom_1585752039621\"><div class=\"wpb_wrapper\">\n\t<div  class=\"wpb_single_image wpb_content_element vc_align_left\">\n\t\t\n\t\t<figure class=\"wpb_wrapper vc_figure\">\n\t\t\t<div class=\"vc_single_image-wrapper   vc_box_border_grey\"><img loading=\"lazy\" decoding=\"async\" width=\"1000\" height=\"335\" src=\"https:\/\/www.dr-majdani.de\/wp-content\/uploads\/2020\/06\/IMG_0670-scaled-e1585751216376.jpg\" class=\"vc_single_image-img attachment-full\" alt=\"\" title=\"IMG_0670-scaled-e1585751216376\" srcset=\"https:\/\/www.dr-majdani.de\/wp-content\/uploads\/2020\/06\/IMG_0670-scaled-e1585751216376.jpg 1000w, https:\/\/www.dr-majdani.de\/wp-content\/uploads\/2020\/06\/IMG_0670-scaled-e1585751216376-300x101.jpg 300w, https:\/\/www.dr-majdani.de\/wp-content\/uploads\/2020\/06\/IMG_0670-scaled-e1585751216376-768x257.jpg 768w\" sizes=\"auto, (max-width: 1000px) 100vw, 1000px\" \/><\/div>\n\t\t<\/figure>\n\t<\/div>\n\n\t<div class=\"wpb_text_column wpb_content_element\" >\n\t\t<div class=\"wpb_wrapper\">\n\t\t\t<h3>3D Drucker<\/h3>\n<p>Herstellung der Modelle mit recyclingf\u00e4higem und kompostierbarem Biofilament.<\/p>\n\n\t\t<\/div>\n\t<\/div>\n<\/div><\/div><\/div><div class=\"wpb_column vc_column_container vc_col-sm-6 vc_col-lg-2\/5\"><div class=\"vc_column-inner vc_custom_1585752045232\"><div class=\"wpb_wrapper\">\n\t<div  class=\"wpb_single_image wpb_content_element vc_align_left\">\n\t\t\n\t\t<figure class=\"wpb_wrapper vc_figure\">\n\t\t\t<div class=\"vc_single_image-wrapper   vc_box_border_grey\"><img loading=\"lazy\" decoding=\"async\" width=\"1000\" height=\"333\" src=\"https:\/\/www.dr-majdani.de\/wp-content\/uploads\/2020\/06\/ront-e1592170111310.jpg\" class=\"vc_single_image-img attachment-full\" alt=\"\" title=\"The boy shows his X-ray image of his teeth with an abnormally strange extra tooth. Children&#039;s dentistry. Patient Orthodontist BANNER, LONG FORMAT\" \/><\/div>\n\t\t<\/figure>\n\t<\/div>\n\n\t<div class=\"wpb_text_column wpb_content_element\" >\n\t\t<div class=\"wpb_wrapper\">\n\t\t\t<h3>Digitales R\u00f6ntgen<\/h3>\n<p>Strahlungsarme, hochaufl\u00f6sende Aufnahmen erm\u00f6glichen eine sofortige Befundung ohne die Verwendung giftiger Chemikalien. Ein verschl\u00fcsselter Datentransfer zu Ihrem Zahnarzt oder Kiegerchirurgen erleichtert die gemeinsame Behandlung.<\/p>\n\n\t\t<\/div>\n\t<\/div>\n<\/div><\/div><\/div><\/div><\/div>","protected":false},"excerpt":{"rendered":"Digitale-KFO Intraoraler Scanner Die Zahnoberfl\u00e4chen werden pr\u00e4zise aber ber\u00fchrungslos mit einer kleinen Kamera abgetastet und herk\u00f6mmlichen Abdr\u00fccke k\u00f6nnen somit ersetzt werden. Dank digitaler Abformung, kann ein unangenehmes Gef\u00fchl bei der Abdrucknahme der Vergangenheit angeh\u00f6ren! Mehr Informationen Digitale Dentalkamera Kristallklare Fotos dank intelligenter Kameratechnik. 3D Drucker...","protected":false},"author":1,"featured_media":0,"parent":0,"menu_order":0,"comment_status":"closed","ping_status":"closed","template":"full-width.php","meta":{"footnotes":""},"class_list":["post-7855","page","type-page","status-publish","hentry"],"aioseo_notices":[],"_links":{"self":[{"href":"https:\/\/www.dr-majdani.de\/en\/wp-json\/wp\/v2\/pages\/7855","targetHints":{"allow":["GET"]}}],"collection":[{"href":"https:\/\/www.dr-majdani.de\/en\/wp-json\/wp\/v2\/pages"}],"about":[{"href":"https:\/\/www.dr-majdani.de\/en\/wp-json\/wp\/v2\/types\/page"}],"author":[{"embeddable":true,"href":"https:\/\/www.dr-majdani.de\/en\/wp-json\/wp\/v2\/users\/1"}],"replies":[{"embeddable":true,"href":"https:\/\/www.dr-majdani.de\/en\/wp-json\/wp\/v2\/comments?post=7855"}],"version-history":[{"count":0,"href":"https:\/\/www.dr-majdani.de\/en\/wp-json\/wp\/v2\/pages\/7855\/revisions"}],"wp:attachment":[{"href":"https:\/\/www.dr-majdani.de\/en\/wp-json\/wp\/v2\/media?parent=7855"}],"curies":[{"name":"wp","href":"https:\/\/api.w.org\/{rel}","templated":true}]}}