{"id":7655,"date":"2020-03-01T19:45:51","date_gmt":"2020-03-01T19:45:51","guid":{"rendered":"https:\/\/praxistest.cloudaccess.host\/?page_id=7655"},"modified":"2022-12-01T14:47:52","modified_gmt":"2022-12-01T13:47:52","slug":"jobs","status":"publish","type":"page","link":"https:\/\/www.dr-majdani.de\/en\/jobs\/","title":{"rendered":"Jobs"},"content":{"rendered":"<div class=\"vc_row wpb_row vc_row-fluid edgtf-section vc_custom_1585501607974 edgtf-content-aligment-left\" style=\"\"><div class=\"clearfix edgtf-full-section-inner\"><div class=\"wpb_column vc_column_container vc_col-sm-12 vc_col-lg-offset-1 vc_col-lg-4\/5\"><div class=\"vc_column-inner\"><div class=\"wpb_wrapper\">\n\t<div class=\"wpb_text_column wpb_content_element\" >\n\t\t<div class=\"wpb_wrapper\">\n\t\t\t<h1>Jobs<\/h1>\n<h2>Wir suchen Sie!<\/h2>\n\n\t\t<\/div>\n\t<\/div>\n<div class=\"vc_empty_space\"   style=\"height: 32px\"><span class=\"vc_empty_space_inner\"><\/span><\/div>\n\t<div  class=\"wpb_single_image wpb_content_element vc_align_left  vc_custom_1669896298856  float-left\">\n\t\t\n\t\t<figure class=\"wpb_wrapper vc_figure\">\n\t\t\t<div class=\"vc_single_image-wrapper vc_box_circle  vc_box_border_grey\"><img loading=\"lazy\" decoding=\"async\" width=\"150\" height=\"150\" src=\"https:\/\/www.dr-majdani.de\/wp-content\/uploads\/2022\/12\/h7sq-150x150.jpg\" class=\"vc_single_image-img attachment-thumbnail\" alt=\"\" title=\"h7sq\" srcset=\"https:\/\/www.dr-majdani.de\/wp-content\/uploads\/2022\/12\/h7sq-150x150.jpg 150w, https:\/\/www.dr-majdani.de\/wp-content\/uploads\/2022\/12\/h7sq-300x300.jpg 300w, https:\/\/www.dr-majdani.de\/wp-content\/uploads\/2022\/12\/h7sq-550x550.jpg 550w, https:\/\/www.dr-majdani.de\/wp-content\/uploads\/2022\/12\/h7sq.jpg 667w\" sizes=\"auto, (max-width: 150px) 100vw, 150px\" \/><\/div>\n\t\t<\/figure>\n\t<\/div>\n\n\t<div class=\"wpb_text_column wpb_content_element\" >\n\t\t<div class=\"wpb_wrapper\">\n\t\t\t<h2><b><mark style=\"background-color: rgba(255, 2550, 255, 0.5);\">ZFA<\/mark><\/b><\/h2>\n<p>Wir suchen ab sofort eine\/n Zahnmedizinische\/r Fachangestellte\/r, gerne auch Berufsanf\u00e4nger\/innen. Kenntnisse in KFO sind vorteilhaft &#8211; aber nicht zwingend erforderlich.<\/p>\n<p>Sie haben Spa\u00df an der Arbeit und arbeiten gerne selbst\u00e4ndig? Dann senden sie uns Ihre Bewerbung bitte schriftlich oder per Mail.<\/p>\n<p>Nach Absprache ist auch eine Teilzeitt\u00e4tigkeit m\u00f6glich. Die Arbeitszeiten liegen dann aber \u00fcberwiegend am Nachmittag.<\/p>\n<p>Wir freuen uns auf Ihre vollst\u00e4ndigen Bewerbungsunterlagen!<\/p>\n<p>Bitte bewerben Sie sich per Post oder per E-Mail (<a href=\"mailto:info@dr-majdani.de\">info@dr-majdani.de<\/a>)!<\/p>\n\n\t\t<\/div>\n\t<\/div>\n<div class=\"vc_empty_space\"   style=\"height: 40px\"><span class=\"vc_empty_space_inner\"><\/span><\/div>\n\t<div  class=\"wpb_single_image wpb_content_element vc_align_left  vc_custom_1669814223304  float-left\">\n\t\t\n\t\t<figure class=\"wpb_wrapper vc_figure\">\n\t\t\t<div class=\"vc_single_image-wrapper vc_box_circle  vc_box_border_grey\"><img loading=\"lazy\" decoding=\"async\" width=\"150\" height=\"150\" src=\"https:\/\/www.dr-majdani.de\/wp-content\/uploads\/2021\/02\/d1-150x150.jpg\" class=\"vc_single_image-img attachment-thumbnail\" alt=\"\" title=\"d1\" srcset=\"https:\/\/www.dr-majdani.de\/wp-content\/uploads\/2021\/02\/d1-150x150.jpg 150w, https:\/\/www.dr-majdani.de\/wp-content\/uploads\/2021\/02\/d1-300x300.jpg 300w, https:\/\/www.dr-majdani.de\/wp-content\/uploads\/2021\/02\/d1.jpg 500w\" sizes=\"auto, (max-width: 150px) 100vw, 150px\" \/><\/div>\n\t\t<\/figure>\n\t<\/div>\n\n\t<div class=\"wpb_text_column wpb_content_element\" >\n\t\t<div class=\"wpb_wrapper\">\n\t\t\t<h2><b><mark style=\"background-color: rgba(255, 2550, 255, 0.5);\">Ausbildung zur\/m\u00a0ZFA<\/mark><\/b><\/h2>\n<p>Wir sind ein kleines, freundliches Team und suchen ab sofort eine\/n pfiffige\/n und motivierte\/n Auszubildende\/n.<\/p>\n<p>Wir bieten Ihnen eine Arbeitsstelle in modernen Praxisr\u00e4umen mit einem umfangreichen und qualitativ hohen Behandlungsspektrum.<\/p>\n<p>Selbstverst\u00e4ndlich wird die parallel laufende zahn\u00e4rztliche Ausbildungszeit in einer, modernen Praxis vor Ort gern von uns organisiert.<\/p>\n<p>Auch wenn Sie bereits eine Ausbildung in einer Zahnarztpraxis begonnen haben und diese in einem anderen Aufgabengebiet der Zahnmedizin beenden m\u00f6chten, sind wir Ihnen gegen\u00fcber sehr aufgeschlossen.<\/p>\n<p>Wir freuen uns auf Ihre vollst\u00e4ndigen Bewerbungsunterlagen!<\/p>\n<p>Bitte bewerben Sie sich per Post oder per E-Mail (<a href=\"mailto:info@dr-majdani.de\">info@dr-majdani.de<\/a>)!<\/p>\n\n\t\t<\/div>\n\t<\/div>\n<div class=\"vc_empty_space\"   style=\"height: 40px\"><span class=\"vc_empty_space_inner\"><\/span><\/div>\n\t<div  class=\"wpb_single_image wpb_content_element vc_align_left  vc_custom_1669814308790  float-left\">\n\t\t\n\t\t<figure class=\"wpb_wrapper vc_figure\">\n\t\t\t<div class=\"vc_single_image-wrapper vc_box_circle  vc_box_border_grey\"><img loading=\"lazy\" decoding=\"async\" width=\"150\" height=\"150\" src=\"https:\/\/www.dr-majdani.de\/wp-content\/uploads\/2022\/11\/IMG_0630-scaled-e1669814354169-150x150.jpg\" class=\"vc_single_image-img attachment-thumbnail\" alt=\"ZFA\" title=\"IMG_0630\" \/><\/div>\n\t\t<\/figure>\n\t<\/div>\n\n\t<div class=\"wpb_text_column wpb_content_element\" >\n\t\t<div class=\"wpb_wrapper\">\n\t\t\t<h2><b><mark style=\"background-color: rgba(255, 2550, 255, 0.5);\">Dental technician<\/mark><\/b><\/h2>\n<p>Wir suchen ab sofort eine\/n Zahntechniker, gerne auch Berufsanf\u00e4nger\/innen.<\/p>\n<p>Kenntnisse in KFO sind vorteilhaft &#8211; aber nicht zwingend erforderlich.<\/p>\n<p>Wenn Sie Lust auf nette Kollegen und Spa\u00df am Umgang mit moderner Technik haben, sind Sie bei uns genau richtig.<\/p>\n<p>Wir bieten Ihnen eine Besch\u00e4ftigung in Voll- oder Teilzeit mit guten Konditionen.<\/p>\n<p>Wir freuen uns auf Ihre Bewerbungsunterlagen!<\/p>\n<p>Bitte bewerben Sie sich per Post oder bevorzugt per E-Mail (<a href=\"mailto:info@dr-majdani.de\">info@dr-majdani.de<\/a>)!<\/p>\n\n\t\t<\/div>\n\t<\/div>\n<div class=\"vc_empty_space\"   style=\"height: 32px\"><span class=\"vc_empty_space_inner\"><\/span><\/div><\/div><\/div><\/div><\/div><\/div><div class=\"vc_row wpb_row vc_row-fluid edgtf-section vc_custom_1669812490334 edgtf-content-aligment-left\" style=\"\"><div class=\"clearfix edgtf-full-section-inner\"><div class=\"wpb_column vc_column_container vc_col-sm-12 vc_col-lg-offset-1 vc_col-md-offset-0 vc_col-sm-offset-0\"><div class=\"vc_column-inner vc_custom_1669896670470\"><div class=\"wpb_wrapper\"><div class=\"vc_empty_space\"   style=\"height: 32px\"><span class=\"vc_empty_space_inner\"><\/span><\/div>\n\t<div class=\"wpb_text_column wpb_content_element\" >\n\t\t<div class=\"wpb_wrapper\">\n\t\t\t<h2>Ein Auszug Unserer Benefits<\/h2>\n\n\t\t<\/div>\n\t<\/div>\n<div class=\"vc_empty_space\"   style=\"height: 32px\"><span class=\"vc_empty_space_inner\"><\/span><\/div><\/div><\/div><\/div><\/div><\/div><div class=\"vc_row wpb_row vc_row-fluid edgtf-section vc_custom_1669812120977 edgtf-content-aligment-left\" style=\"\"><div class=\"clearfix edgtf-full-section-inner\"><div class=\"wpb_column vc_column_container vc_col-sm-6 vc_col-lg-offset-1 vc_col-lg-5 vc_col-md-offset-0 vc_col-md-6 vc_col-sm-offset-0 vc_col-xs-12\"><div class=\"vc_column-inner\"><div class=\"wpb_wrapper\"><div class=\"edgtf-iwt clearfix edgtf-iwt-icon-left edgtf-iwt-icon-medium\">\n    <div class=\"edgtf-iwt-icon-holder\">\n                    \n    <span class=\"edgtf-icon-shortcode circle edgtf-icon-medium\" style=\"margin: 0px 10px 0px 0px\" data-color=\"#a2c4e5\">\n        \n        <i class=\"edgtf-icon-font-awesome fa fa-location-arrow edgtf-icon-element\" style=\"color: #a2c4e5\" ><\/i>\n            <\/span>\n\n            <\/div>\n    <div class=\"edgtf-iwt-content-holder\" style=\"padding-left: 100px\">\n        <div class=\"edgtf-iwt-title-holder\">\n            <h5 >G\u00fcnstige Lage<\/h5>\n        <\/div>\n        <div class=\"edgtf-iwt-text-holder\">\n            <p >sehr g\u00fcnstige Lage mit guten Verkehrsanbindungen<\/p>\n\n                    <\/div>\n    <\/div>\n<\/div><div class=\"vc_empty_space\"   style=\"height: 12px\"><span class=\"vc_empty_space_inner\"><\/span><\/div><\/div><\/div><\/div><div class=\"wpb_column vc_column_container vc_col-sm-6 vc_col-lg-offset-0 vc_col-lg-5 vc_col-md-offset-0 vc_col-md-6 vc_col-sm-offset-0 vc_col-xs-12\"><div class=\"vc_column-inner\"><div class=\"wpb_wrapper\"><div class=\"edgtf-iwt clearfix edgtf-iwt-icon-left edgtf-iwt-icon-medium\">\n    <div class=\"edgtf-iwt-icon-holder\">\n                    \n    <span class=\"edgtf-icon-shortcode circle edgtf-icon-medium\" style=\"margin: 0px 10px 0px 0px\" data-color=\"#99d695\">\n        \n        <i class=\"edgtf-icon-font-awesome fa fa-money edgtf-icon-element\" style=\"color: #99d695\" ><\/i>\n            <\/span>\n\n            <\/div>\n    <div class=\"edgtf-iwt-content-holder\" style=\"padding-left: 100px\">\n        <div class=\"edgtf-iwt-title-holder\">\n            <h5 >Entgeltumwandlung<\/h5>\n        <\/div>\n        <div class=\"edgtf-iwt-text-holder\">\n            <p >bezuschusste Altersvorsorge durch Gehaltsumwandlung<\/p>\n\n                    <\/div>\n    <\/div>\n<\/div><div class=\"vc_empty_space\"   style=\"height: 12px\"><span class=\"vc_empty_space_inner\"><\/span><\/div><\/div><\/div><\/div><\/div><\/div><div class=\"vc_row wpb_row vc_row-fluid edgtf-section vc_custom_1669812426294 edgtf-content-aligment-left\" style=\"\"><div class=\"clearfix edgtf-full-section-inner\"><div class=\"wpb_column vc_column_container vc_col-sm-6 vc_col-lg-offset-1 vc_col-lg-5 vc_col-md-offset-0 vc_col-md-6 vc_col-sm-offset-0 vc_col-xs-12\"><div class=\"vc_column-inner\"><div class=\"wpb_wrapper\"><div class=\"edgtf-iwt clearfix edgtf-iwt-icon-left edgtf-iwt-icon-medium\">\n    <div class=\"edgtf-iwt-icon-holder\">\n                    \n    <span class=\"edgtf-icon-shortcode circle edgtf-icon-medium\" style=\"margin: 0px 10px 0px 0px\" >\n        \n        <i class=\"edgtf-icon-font-awesome fa fa-university edgtf-icon-element\" style=\"\" ><\/i>\n            <\/span>\n\n            <\/div>\n    <div class=\"edgtf-iwt-content-holder\" style=\"padding-left: 100px\">\n        <div class=\"edgtf-iwt-title-holder\">\n            <h5 >Weiterentwicklung<\/h5>\n        <\/div>\n        <div class=\"edgtf-iwt-text-holder\">\n            <p >individuelle Weiterentwicklungs- und Fortbildungsm\u00f6glichkeiten<\/p>\n\n                    <\/div>\n    <\/div>\n<\/div><div class=\"vc_empty_space\"   style=\"height: 12px\"><span class=\"vc_empty_space_inner\"><\/span><\/div><\/div><\/div><\/div><div class=\"wpb_column vc_column_container vc_col-sm-6 vc_col-lg-5 vc_col-md-offset-0 vc_col-md-6 vc_col-sm-offset-0 vc_col-xs-12\"><div class=\"vc_column-inner\"><div class=\"wpb_wrapper\"><div class=\"edgtf-iwt clearfix edgtf-iwt-icon-left edgtf-iwt-icon-medium\">\n    <div class=\"edgtf-iwt-icon-holder\">\n                    \n    <span class=\"edgtf-icon-shortcode circle edgtf-icon-medium\" style=\"margin: 0px 10px 0px 0px\" data-color=\"#ededc2\">\n        \n        <i class=\"edgtf-icon-font-awesome fa fa-umbrella edgtf-icon-element\" style=\"color: #ededc2\" ><\/i>\n            <\/span>\n\n            <\/div>\n    <div class=\"edgtf-iwt-content-holder\" style=\"padding-left: 100px\">\n        <div class=\"edgtf-iwt-title-holder\">\n            <h5 >Wertsch\u00e4tzung<\/h5>\n        <\/div>\n        <div class=\"edgtf-iwt-text-holder\">\n            <p >\u00fcberdurchschnittliche Urlaubs- und Gehaltsregelung<\/p>\n\n                    <\/div>\n    <\/div>\n<\/div><div class=\"vc_empty_space\"   style=\"height: 12px\"><span class=\"vc_empty_space_inner\"><\/span><\/div><\/div><\/div><\/div><\/div><\/div><div class=\"vc_row wpb_row vc_row-fluid edgtf-section vc_custom_1669812433198 edgtf-content-aligment-left\" style=\"\"><div class=\"clearfix edgtf-full-section-inner\"><div class=\"wpb_column vc_column_container vc_col-sm-6 vc_col-lg-offset-1 vc_col-lg-5 vc_col-md-offset-0 vc_col-md-6 vc_col-sm-offset-0 vc_col-xs-12\"><div class=\"vc_column-inner\"><div class=\"wpb_wrapper\"><div class=\"edgtf-iwt clearfix edgtf-iwt-icon-left edgtf-iwt-icon-medium\">\n    <div class=\"edgtf-iwt-icon-holder\">\n                    \n    <span class=\"edgtf-icon-shortcode circle edgtf-icon-medium\" style=\"margin: 0px 10px 0px 0px\" data-color=\"#d6c5e2\">\n        \n        <i class=\"edgtf-icon-font-awesome fa fa-group edgtf-icon-element\" style=\"color: #d6c5e2\" ><\/i>\n            <\/span>\n\n            <\/div>\n    <div class=\"edgtf-iwt-content-holder\" style=\"padding-left: 100px\">\n        <div class=\"edgtf-iwt-title-holder\">\n            <h5 >Events<\/h5>\n        <\/div>\n        <div class=\"edgtf-iwt-text-holder\">\n            <p >Abwechslungsreiche Mitarbeiterevents<\/p>\n\n                    <\/div>\n    <\/div>\n<\/div><div class=\"vc_empty_space\"   style=\"height: 12px\"><span class=\"vc_empty_space_inner\"><\/span><\/div><\/div><\/div><\/div><div class=\"wpb_column vc_column_container vc_col-sm-6 vc_col-lg-offset-0 vc_col-lg-5 vc_col-md-offset-0 vc_col-md-6 vc_col-sm-offset-0 vc_col-xs-12\"><div class=\"vc_column-inner\"><div class=\"wpb_wrapper\"><div class=\"edgtf-iwt clearfix edgtf-iwt-icon-left edgtf-iwt-icon-medium\">\n    <div class=\"edgtf-iwt-icon-holder\">\n                    \n    <span class=\"edgtf-icon-shortcode circle edgtf-icon-medium\" style=\"margin: 0px 10px 0px 0px\" data-color=\"#ddbebe\">\n        \n        <i class=\"edgtf-icon-font-awesome fa fa-smile-o edgtf-icon-element\" style=\"color: #ddbebe\" ><\/i>\n            <\/span>\n\n            <\/div>\n    <div class=\"edgtf-iwt-content-holder\" style=\"padding-left: 100px\">\n        <div class=\"edgtf-iwt-title-holder\">\n            <h5 >Teamgeist<\/h5>\n        <\/div>\n        <div class=\"edgtf-iwt-text-holder\">\n            <p >ein sehr freundliches, fachlich gut ausgebildetes Team mit hoher Leistungsmotivation<\/p>\n\n                    <\/div>\n    <\/div>\n<\/div><div class=\"vc_empty_space\"   style=\"height: 12px\"><span class=\"vc_empty_space_inner\"><\/span><\/div><\/div><\/div><\/div><\/div><\/div><div class=\"vc_row wpb_row vc_row-fluid edgtf-section vc_custom_1669897759685 edgtf-content-aligment-left\" style=\"\"><div class=\"clearfix edgtf-full-section-inner\"><div class=\"wpb_column vc_column_container vc_col-sm-12 vc_col-lg-offset-1\"><div class=\"vc_column-inner\"><div class=\"wpb_wrapper\"><div class=\"vc_empty_space\"   style=\"height: 48px\"><span class=\"vc_empty_space_inner\"><\/span><\/div>\n\t<div class=\"wpb_text_column wpb_content_element\" >\n\t\t<div class=\"wpb_wrapper\">\n\t\t\t<h2>Ihrer drei Schritte zur Bewerbung<\/h2>\n\n\t\t<\/div>\n\t<\/div>\n<\/div><\/div><\/div><\/div><\/div><div class=\"vc_row wpb_row vc_row-fluid edgtf-section vc_custom_1669900711095 edgtf-content-aligment-left\" style=\"\"><div class=\"clearfix edgtf-full-section-inner\"><div class=\"wpb_column vc_column_container vc_col-sm-11 vc_col-lg-offset-1 vc_col-lg-4\/5 vc_col-md-11 vc_col-sm-offset-0 vc_col-xs-offset-1 vc_col-xs-3\/5\"><div class=\"vc_column-inner\"><div class=\"wpb_wrapper\"><div class=\"vc_empty_space\"   style=\"height: 18px\"><span class=\"vc_empty_space_inner\"><\/span><\/div><div class=\"edgtf-process-holder edgtf-process-holder-items-three edgtf-process-holder-skin-dark\">\n\t<div class=\"edgtf-process-inner clearfix\">\n\t\t<div class=\"edgtf-process-item-holder\">\n\t<div class=\"edgtf-pi-holder-inner\">\n\t\t\t\t\t<div class=\"edgtf-pi-image-holder\">\n\t\t\t\t\t\t\t\t\t<img decoding=\"async\" src=\"https:\/\/www.dr-majdani.de\/wp-content\/uploads\/2022\/12\/woman-g2896a776f_1280-e1669895330654.jpg\" alt=\"edgtf-pi-image-holder\" \/>\n\t\t\t\t\t\t\t\t<span class=\"edgtf-pi-arrow\"><span class=\"arrow_right\"><\/span><\/span>\n\t\t\t<\/div>\n\t\t\t\t\t\t\t<div class=\"edgtf-pi-content-holder\">\n\n\t\t\t\t\t\t\t\t\t<div class=\"edgtf-pi-title-holder\">\n\t\t\t\t\t\t<span class=\"edgtf-pi-number\">1<\/span>\n\t\t\t\t\t\t<h6 class=\"edgtf-pi-title\">Bewerbung<\/h6>\n\t\t\t\t\t<\/div>\n\t\t\t\t\n\t\t\t\t\t\t\t\t\t<div class=\"edgtf-pi-text-holder\">\n\t\t\t\t\t\t<p>Haben Sie eine Stelle gefunden, bewerben Sie sich per E-Mail.<\/p>\n\t\t\t\t\t<\/div>\n\t\t\t\t\t\t\t<\/div>\n\t\t\t<\/div>\n<\/div><div class=\"edgtf-process-item-holder\">\n\t<div class=\"edgtf-pi-holder-inner\">\n\t\t\t\t\t<div class=\"edgtf-pi-image-holder\">\n\t\t\t\t\t\t\t\t\t<img decoding=\"async\" src=\"https:\/\/www.dr-majdani.de\/wp-content\/uploads\/2021\/02\/hp.jpg\" alt=\"edgtf-pi-image-holder\" \/>\n\t\t\t\t\t\t\t\t<span class=\"edgtf-pi-arrow\"><span class=\"arrow_right\"><\/span><\/span>\n\t\t\t<\/div>\n\t\t\t\t\t\t\t<div class=\"edgtf-pi-content-holder\">\n\n\t\t\t\t\t\t\t\t\t<div class=\"edgtf-pi-title-holder\">\n\t\t\t\t\t\t<span class=\"edgtf-pi-number\">2<\/span>\n\t\t\t\t\t\t<h6 class=\"edgtf-pi-title\">R\u00fcckmeldung<\/h6>\n\t\t\t\t\t<\/div>\n\t\t\t\t\n\t\t\t\t\t\t\t\t\t<div class=\"edgtf-pi-text-holder\">\n\t\t\t\t\t\t<p>Wir melden uns \u00fcblicherweise innerhalb einer Arbeitswoche bei Ihnen zur\u00fcck.<\/p>\n\t\t\t\t\t<\/div>\n\t\t\t\t\t\t\t<\/div>\n\t\t\t<\/div>\n<\/div><div class=\"edgtf-process-item-holder\">\n\t<div class=\"edgtf-pi-holder-inner\">\n\t\t\t\t\t<div class=\"edgtf-pi-image-holder\">\n\t\t\t\t\t\t\t\t\t<img decoding=\"async\" src=\"https:\/\/www.dr-majdani.de\/wp-content\/uploads\/2022\/12\/ges.jpg\" alt=\"edgtf-pi-image-holder\" \/>\n\t\t\t\t\t\t\t\t<span class=\"edgtf-pi-arrow\"><span class=\"arrow_right\"><\/span><\/span>\n\t\t\t<\/div>\n\t\t\t\t\t\t\t<div class=\"edgtf-pi-content-holder\">\n\n\t\t\t\t\t\t\t\t\t<div class=\"edgtf-pi-title-holder\">\n\t\t\t\t\t\t<span class=\"edgtf-pi-number\">3<\/span>\n\t\t\t\t\t\t<h6 class=\"edgtf-pi-title\">Pers\u00f6nliche Gespr\u00e4che<\/h6>\n\t\t\t\t\t<\/div>\n\t\t\t\t\n\t\t\t\t\t\t\t\t\t<div class=\"edgtf-pi-text-holder\">\n\t\t\t\t\t\t<p>Im pers\u00f6nlichen Gespr\u00e4ch lernen wir uns kennen - wir freuen uns auf Sie!<\/p>\n\t\t\t\t\t<\/div>\n\t\t\t\t\t\t\t<\/div>\n\t\t\t<\/div>\n<\/div>\t<\/div>\n<\/div><\/div><\/div><\/div><\/div><\/div><div class=\"vc_row wpb_row vc_row-fluid edgtf-section vc_custom_1669897004697 edgtf-content-aligment-left\" style=\"\"><div class=\"clearfix edgtf-full-section-inner\"><div class=\"wpb_column vc_column_container vc_col-sm-12\"><div class=\"vc_column-inner\"><div class=\"wpb_wrapper\"><div class=\"vc_empty_space\"   style=\"height: 10px\"><span class=\"vc_empty_space_inner\"><\/span><\/div><a href=\"mailto:info@dr-majdani.de\" target=\"_self\" style=\"color: #000000;border-color: #000000;font-size: 13px;font-weight: 600\" class=\"edgtf-btn edgtf-btn-small edgtf-btn-outline edgtf-btn-custom-hover-bg edgtf-btn-custom-border-hover edgtf-btn-custom-hover-color edgtf-btn-icon float-right\" data-hover-bg-color=\"#f9f9f9\" data-hover-color=\"#b3babf\" data-hover-border-color=\"#353535\" >\n    <span class=\"edgtf-btn-text\">Jetzt Bewerben<\/span><i class=\"edgtf-icon-font-awesome fa fa-arrow-right edgtf-btn-icon-holder\" ><\/i><\/a><div class=\"vc_empty_space\"   style=\"height: 100px\"><span class=\"vc_empty_space_inner\"><\/span><\/div><\/div><\/div><\/div><\/div><\/div>","protected":false},"excerpt":{"rendered":"Jobs Wir suchen Sie! ZFA Wir suchen ab sofort eine\/n Zahnmedizinische\/r Fachangestellte\/r, gerne auch Berufsanf\u00e4nger\/innen. Kenntnisse in KFO sind vorteilhaft - aber nicht zwingend erforderlich. Sie haben Spa\u00df an der Arbeit und arbeiten gerne selbst\u00e4ndig? Dann senden sie uns Ihre Bewerbung bitte schriftlich oder per...","protected":false},"author":1,"featured_media":0,"parent":0,"menu_order":0,"comment_status":"closed","ping_status":"closed","template":"full-width.php","meta":{"footnotes":""},"class_list":["post-7655","page","type-page","status-publish","hentry"],"aioseo_notices":[],"_links":{"self":[{"href":"https:\/\/www.dr-majdani.de\/en\/wp-json\/wp\/v2\/pages\/7655","targetHints":{"allow":["GET"]}}],"collection":[{"href":"https:\/\/www.dr-majdani.de\/en\/wp-json\/wp\/v2\/pages"}],"about":[{"href":"https:\/\/www.dr-majdani.de\/en\/wp-json\/wp\/v2\/types\/page"}],"author":[{"embeddable":true,"href":"https:\/\/www.dr-majdani.de\/en\/wp-json\/wp\/v2\/users\/1"}],"replies":[{"embeddable":true,"href":"https:\/\/www.dr-majdani.de\/en\/wp-json\/wp\/v2\/comments?post=7655"}],"version-history":[{"count":0,"href":"https:\/\/www.dr-majdani.de\/en\/wp-json\/wp\/v2\/pages\/7655\/revisions"}],"wp:attachment":[{"href":"https:\/\/www.dr-majdani.de\/en\/wp-json\/wp\/v2\/media?parent=7655"}],"curies":[{"name":"wp","href":"https:\/\/api.w.org\/{rel}","templated":true}]}}