{"id":6306,"date":"2018-07-05T12:03:07","date_gmt":"2018-07-05T12:03:07","guid":{"rendered":"http:\/\/www.dr-majdani.de\/?page_id=5826"},"modified":"2022-09-30T11:15:33","modified_gmt":"2022-09-30T09:15:33","slug":"impressum","status":"publish","type":"page","link":"https:\/\/www.dr-majdani.de\/en\/impressum\/","title":{"rendered":"Impressum"},"content":{"rendered":"<div class=\"vc_row wpb_row vc_row-fluid edgtf-section edgtf-content-aligment-left\" style=\"\"><div class=\"clearfix edgtf-full-section-inner\"><div class=\"wpb_column vc_column_container vc_col-sm-12\"><div class=\"vc_column-inner\"><div class=\"wpb_wrapper\"><div class=\"vc_empty_space\"   style=\"height: 32px\"><span class=\"vc_empty_space_inner\"><\/span><\/div><\/div><\/div><\/div><\/div><\/div><div class=\"vc_row wpb_row vc_row-fluid edgtf-section vc_custom_1526292195421 edgtf-content-aligment-left\" style=\"\"><div class=\"clearfix edgtf-full-section-inner\"><div class=\"wpb_column vc_column_container vc_col-sm-12\"><div class=\"vc_column-inner\"><div class=\"wpb_wrapper\">\n\t<div class=\"wpb_text_column wpb_content_element\" >\n\t\t<div class=\"wpb_wrapper\">\n\t\t\t<p>Dr. Aleksandra Majdani Fachzahn\u00e4rztin f\u00fcr Kieferorthop\u00e4die<br \/>\nInhaltlich Verantwortlicher gem\u00e4\u00df \u00a7 55 Abs. 2 RStV: Dr. Aleksandra Majdani<br \/>\nTiergartenstra\u00dfe 130 30559 Hannover<br \/>\nZust\u00e4ndige Kammer: Zahn\u00e4rztekammer Niedersachsen, Zei\u00dfstr. 11a, 30519 Hannover<br \/>\nZust\u00e4ndige kassen\u00e4rztliche Vereinigung: Kassenzahn\u00e4rztliche Vereinigung Niedersachsen (KZVN),<br \/>\nK\u00f6rperschaft des \u00f6ffentlichen Rechts, Zei\u00dfstr. 11, 30519 Hannover<br \/>\nBerufsbezeichnung: Arzt (verliehen in der Bundesrepublik Deutschland)<br \/>\nBerufsrechtliche Regelungen erfolgen durch:<br \/>\n\u2013 Berufsordnung der Zahn\u00e4rztekammer Niedersachsen<br \/>\n\u2013 Heilberufegesetz des Landes Niedersachsen<br \/>\nDie Regelungen finden sich im Gesetzblatt des Landes Niedersachsen<\/p>\n\n\t\t<\/div>\n\t<\/div>\n\n\t<div class=\"wpb_text_column wpb_content_element\" >\n\t\t<div class=\"wpb_wrapper\">\n\t\t\t\n\t\t<\/div>\n\t<\/div>\n<\/div><\/div><\/div><\/div><\/div><div class=\"vc_row wpb_row vc_row-fluid edgtf-section edgtf-content-aligment-left\" style=\"\"><div class=\"clearfix edgtf-full-section-inner\"><div class=\"wpb_column vc_column_container vc_col-sm-12\"><div class=\"vc_column-inner\"><div class=\"wpb_wrapper\"><div class=\"vc_empty_space\"   style=\"height: 120px\"><span class=\"vc_empty_space_inner\"><\/span><\/div><\/div><\/div><\/div><\/div><\/div>","protected":false},"excerpt":{"rendered":"Dr. Aleksandra Majdani Fachzahn\u00e4rztin f\u00fcr Kieferorthop\u00e4die Inhaltlich Verantwortlicher gem\u00e4\u00df \u00a7 55 Abs. 2 RStV: Dr. Aleksandra Majdani Tiergartenstra\u00dfe 130 30559 Hannover Zust\u00e4ndige Kammer: Zahn\u00e4rztekammer Niedersachsen, Zei\u00dfstr. 11a, 30519 Hannover Zust\u00e4ndige kassen\u00e4rztliche Vereinigung: Kassenzahn\u00e4rztliche Vereinigung Niedersachsen (KZVN), K\u00f6rperschaft des \u00f6ffentlichen Rechts, Zei\u00dfstr. 11, 30519 Hannover Berufsbezeichnung:...","protected":false},"author":1,"featured_media":0,"parent":0,"menu_order":0,"comment_status":"closed","ping_status":"closed","template":"full-width.php","meta":{"footnotes":""},"class_list":["post-6306","page","type-page","status-publish","hentry"],"aioseo_notices":[],"_links":{"self":[{"href":"https:\/\/www.dr-majdani.de\/en\/wp-json\/wp\/v2\/pages\/6306","targetHints":{"allow":["GET"]}}],"collection":[{"href":"https:\/\/www.dr-majdani.de\/en\/wp-json\/wp\/v2\/pages"}],"about":[{"href":"https:\/\/www.dr-majdani.de\/en\/wp-json\/wp\/v2\/types\/page"}],"author":[{"embeddable":true,"href":"https:\/\/www.dr-majdani.de\/en\/wp-json\/wp\/v2\/users\/1"}],"replies":[{"embeddable":true,"href":"https:\/\/www.dr-majdani.de\/en\/wp-json\/wp\/v2\/comments?post=6306"}],"version-history":[{"count":0,"href":"https:\/\/www.dr-majdani.de\/en\/wp-json\/wp\/v2\/pages\/6306\/revisions"}],"wp:attachment":[{"href":"https:\/\/www.dr-majdani.de\/en\/wp-json\/wp\/v2\/media?parent=6306"}],"curies":[{"name":"wp","href":"https:\/\/api.w.org\/{rel}","templated":true}]}}