{"id":6305,"date":"2018-07-05T10:23:21","date_gmt":"2018-07-05T10:23:21","guid":{"rendered":"http:\/\/www.dr-majdani.de\/?page_id=5783"},"modified":"2025-06-05T12:18:38","modified_gmt":"2025-06-05T10:18:38","slug":"team","status":"publish","type":"page","link":"https:\/\/www.dr-majdani.de\/en\/team\/","title":{"rendered":"Team"},"content":{"rendered":"<div class=\"vc_row wpb_row vc_row-fluid edgtf-section edgtf-content-aligment-left\" style=\"\"><div class=\"clearfix edgtf-full-section-inner\"><div class=\"wpb_column vc_column_container vc_col-sm-12\"><div class=\"vc_column-inner\"><div class=\"wpb_wrapper\"><div class=\"vc_empty_space\"   style=\"height: 75px\"><span class=\"vc_empty_space_inner\"><\/span><\/div>\n\t<div class=\"wpb_text_column wpb_content_element\" >\n\t\t<div class=\"wpb_wrapper\">\n\t\t\t<h1>Team<\/h1>\n\n\t\t<\/div>\n\t<\/div>\n<div class=\"vc_empty_space\"   style=\"height: 75px\"><span class=\"vc_empty_space_inner\"><\/span><\/div><\/div><\/div><\/div><\/div><\/div><div class=\"vc_row wpb_row vc_row-fluid edgtf-section vc_custom_1458224034924 edgtf-content-aligment-center edgtf-grid-section\" style=\"\"><div class=\"clearfix edgtf-section-inner\"><div class=\"edgtf-section-inner-margin clearfix\"><div class=\"wpb_column vc_column_container vc_col-sm-6 vc_col-lg-4 vc_col-md-4\"><div class=\"vc_column-inner vc_custom_1458223364796\"><div class=\"wpb_wrapper\">\n<div class=\"edgtf-team\">\n\t<div class=\"edgtf-team-inner\">\n\t\t\t\t\t<div class=\"edgtf-team-image\">\n                <img loading=\"lazy\" decoding=\"async\" width=\"679\" height=\"679\" src=\"https:\/\/www.dr-majdani.de\/wp-content\/uploads\/2020\/06\/dior2017-1674-2-1200x1800-e1571397236937.jpg\" class=\"attachment-full size-full\" alt=\"Dr. Majdani\" srcset=\"https:\/\/www.dr-majdani.de\/wp-content\/uploads\/2020\/06\/dior2017-1674-2-1200x1800-e1571397236937.jpg 679w, https:\/\/www.dr-majdani.de\/wp-content\/uploads\/2020\/06\/dior2017-1674-2-1200x1800-e1571397236937-300x300.jpg 300w, https:\/\/www.dr-majdani.de\/wp-content\/uploads\/2020\/06\/dior2017-1674-2-1200x1800-e1571397236937-150x150.jpg 150w, https:\/\/www.dr-majdani.de\/wp-content\/uploads\/2020\/06\/dior2017-1674-2-1200x1800-e1571397236937-550x550.jpg 550w\" sizes=\"auto, (max-width: 679px) 100vw, 679px\" \/>                \t\t\t<\/div>\n\t\t\n\t\t\t\t\t<div class=\"edgtf-team-info\">\n\t\t\t\t\t\t\t\t\t<div class=\"edgtf-team-title-holder\">\n\t\t\t\t\t\t\t\t\t\t\t\t\t<h3 class=\"edgtf-team-name\">\n\t\t\t\t\t\t\t\tDr. Aleksandra Majdani\t\t\t\t\t\t\t<\/h3>\n\t\t\t\t\t\t\t\t\t\t\t\t\t\t\t\t\t\t\t<p class=\"edgtf-team-position\">Specialist dentist for orthodontics<\/p>\n\t\t\t\t\t\t\t\t\t\t\t<\/div>\n\t\t\t\t\n\t\t\t\t\t\t<\/div>\n\t<\/div>\n<\/div><div class=\"vc_empty_space\"   style=\"height: 40px\"><span class=\"vc_empty_space_inner\"><\/span><\/div><\/div><\/div><\/div><div class=\"wpb_column vc_column_container vc_col-sm-7 vc_col-md-3\/5\"><div class=\"vc_column-inner\"><div class=\"wpb_wrapper\">\n\t<div class=\"wpb_text_column wpb_content_element\" >\n\t\t<div class=\"wpb_wrapper\">\n\t\t\t<p style=\"text-align: left;\">After studying dentistry at the Free University of Berlin and completing her doctorate at the Charit\u00e9 Berlin, Dr. Majdani began her dental career at a renowned dental practice in Berlin-Zehlendorf. She completed her specialist training in orthodontics at Dr. Gudrun Ansch\u00fctz's orthodontic practice in Berlin and at the Hannover Medical School. After passing her specialist examination in Hannover, she worked for two years as a clinical orthodontist at the German-American company OraMetrix's headquarters in Dallas, USA. OraMetrix is \u200b\u200bone of the leading dental high-tech companies in the USA, which introduced a groundbreaking technology to orthodontics with the innovative SureSmile\u00ae system. A novel digital treatment system that uses robot-bent wires in fixed orthodontics can significantly shorten treatment times. Dr. Majdani is married and has three children.<\/p>\n<p style=\"text-align: left;\">Memberships:<\/p>\n<ul>\n<li style=\"text-align: left;\"><a href=\"https:\/\/www.bdk-online.org\/patienten\/kfo-suche\/detail\/5065\">Deutsche Gesellschaft f\u00fcr Kieferorthop\u00e4die<\/a> (DGKFO)<\/li>\n<li style=\"text-align: left;\">Berufsverband der Deutschen Kieferorthop\u00e4den (BDK)<\/li>\n<li style=\"text-align: left;\">American Association of Orthodontists (AAO)<\/li>\n<li style=\"text-align: left;\">World Federation of Orthodontists (WFO)<\/li>\n<\/ul>\n\n\t\t<\/div>\n\t<\/div>\n<\/div><\/div><\/div><\/div><\/div><\/div><div class=\"vc_row wpb_row vc_row-fluid edgtf-section vc_custom_1732622842732 edgtf-content-aligment-center edgtf-grid-section\" style=\"\"><div class=\"clearfix edgtf-section-inner\"><div class=\"edgtf-section-inner-margin clearfix\"><div class=\"wpb_column vc_column_container vc_col-sm-6 vc_col-lg-4 vc_col-md-4\"><div class=\"vc_column-inner\"><div class=\"wpb_wrapper\">\n<div class=\"edgtf-team\">\n\t<div class=\"edgtf-team-inner\">\n\t\t\t\t\t<div class=\"edgtf-team-image\">\n                <img loading=\"lazy\" decoding=\"async\" width=\"500\" height=\"500\" src=\"https:\/\/www.dr-majdani.de\/wp-content\/uploads\/2020\/06\/profile.jpg\" class=\"attachment-full size-full\" alt=\"\" srcset=\"https:\/\/www.dr-majdani.de\/wp-content\/uploads\/2020\/06\/profile.jpg 500w, https:\/\/www.dr-majdani.de\/wp-content\/uploads\/2020\/06\/profile-300x300.jpg 300w, https:\/\/www.dr-majdani.de\/wp-content\/uploads\/2020\/06\/profile-150x150.jpg 150w\" sizes=\"auto, (max-width: 500px) 100vw, 500px\" \/>                \t\t\t<\/div>\n\t\t\n\t\t\t\t\t<div class=\"edgtf-team-info\">\n\t\t\t\t\t\t\t\t\t<div class=\"edgtf-team-title-holder\">\n\t\t\t\t\t\t\t\t\t\t\t\t\t<h3 class=\"edgtf-team-name\">\n\t\t\t\t\t\t\t\tDr. Anke Woltmann\t\t\t\t\t\t\t<\/h3>\n\t\t\t\t\t\t\t\t\t\t\t\t\t\t\t\t\t<\/div>\n\t\t\t\t\n\t\t\t\t\t\t<\/div>\n\t<\/div>\n<\/div><div class=\"vc_empty_space\"   style=\"height: 40px\"><span class=\"vc_empty_space_inner\"><\/span><\/div><\/div><\/div><\/div><div class=\"wpb_column vc_column_container vc_col-sm-7 vc_col-md-3\/5\"><div class=\"vc_column-inner\"><div class=\"wpb_wrapper\">\n\t<div class=\"wpb_text_column wpb_content_element\" >\n\t\t<div class=\"wpb_wrapper\">\n\t\t\t<p style=\"text-align: left;\">Dr. Anke Woltmann spent her childhood and youth in Kirchrode. She studied dentistry at the Hannover Medical School, where she also earned her doctorate. Dr. Woltmann eventually returned to the place of her childhood and has been working as an employed dentist at Dr. Majdani's practice since July 2012.<\/p>\n\n\t\t<\/div>\n\t<\/div>\n<\/div><\/div><\/div><\/div><\/div><\/div><div class=\"vc_row wpb_row vc_row-fluid edgtf-section edgtf-content-aligment-left\" style=\"\"><div class=\"clearfix edgtf-full-section-inner\"><div class=\"wpb_column vc_column_container vc_col-sm-4\"><div class=\"vc_column-inner\"><div class=\"wpb_wrapper\">\n<div class=\"edgtf-team\">\n\t<div class=\"edgtf-team-inner\">\n\t\t\t\t\t<div class=\"edgtf-team-image\">\n                <img loading=\"lazy\" decoding=\"async\" width=\"596\" height=\"596\" src=\"https:\/\/www.dr-majdani.de\/wp-content\/uploads\/2024\/12\/Dr.Meyer_.jpeg\" class=\"attachment-full size-full\" alt=\"\" srcset=\"https:\/\/www.dr-majdani.de\/wp-content\/uploads\/2024\/12\/Dr.Meyer_.jpeg 596w, https:\/\/www.dr-majdani.de\/wp-content\/uploads\/2024\/12\/Dr.Meyer_-300x300.jpeg 300w, https:\/\/www.dr-majdani.de\/wp-content\/uploads\/2024\/12\/Dr.Meyer_-150x150.jpeg 150w, https:\/\/www.dr-majdani.de\/wp-content\/uploads\/2024\/12\/Dr.Meyer_-550x550.jpeg 550w\" sizes=\"auto, (max-width: 596px) 100vw, 596px\" \/>                \t\t\t<\/div>\n\t\t\n\t\t\t\t\t<div class=\"edgtf-team-info\">\n\t\t\t\t\t\t\t\t\t<div class=\"edgtf-team-title-holder\">\n\t\t\t\t\t\t\t\t\t\t\t\t\t<h3 class=\"edgtf-team-name\">\n\t\t\t\t\t\t\t\tDr. Yvonne Meyer\t\t\t\t\t\t\t<\/h3>\n\t\t\t\t\t\t\t\t\t\t\t\t\t\t\t\t\t<\/div>\n\t\t\t\t\n\t\t\t\t\t\t<\/div>\n\t<\/div>\n<\/div><div class=\"vc_empty_space\"   style=\"height: 40px\"><span class=\"vc_empty_space_inner\"><\/span><\/div><\/div><\/div><\/div><div class=\"wpb_column vc_column_container vc_col-sm-4\"><div class=\"vc_column-inner\"><div class=\"wpb_wrapper\"><\/div><\/div><\/div><div class=\"wpb_column vc_column_container vc_col-sm-4\"><div class=\"vc_column-inner\"><div class=\"wpb_wrapper\"><\/div><\/div><\/div><\/div><\/div><div class=\"vc_row wpb_row vc_row-fluid edgtf-section edgtf-content-aligment-left\" style=\"\"><div class=\"clearfix edgtf-full-section-inner\"><div class=\"wpb_column vc_column_container vc_col-sm-4\"><div class=\"vc_column-inner\"><div class=\"wpb_wrapper\">\n<div class=\"edgtf-team\">\n\t<div class=\"edgtf-team-inner\">\n\t\t\t\t\t<div class=\"edgtf-team-image\">\n                <img loading=\"lazy\" decoding=\"async\" width=\"600\" height=\"600\" src=\"https:\/\/www.dr-majdani.de\/wp-content\/uploads\/2024\/11\/Zelmer-Angela.jpg\" class=\"attachment-full size-full\" alt=\"\" srcset=\"https:\/\/www.dr-majdani.de\/wp-content\/uploads\/2024\/11\/Zelmer-Angela.jpg 600w, https:\/\/www.dr-majdani.de\/wp-content\/uploads\/2024\/11\/Zelmer-Angela-300x300.jpg 300w, https:\/\/www.dr-majdani.de\/wp-content\/uploads\/2024\/11\/Zelmer-Angela-150x150.jpg 150w, https:\/\/www.dr-majdani.de\/wp-content\/uploads\/2024\/11\/Zelmer-Angela-550x550.jpg 550w\" sizes=\"auto, (max-width: 600px) 100vw, 600px\" \/>                \t\t\t<\/div>\n\t\t\n\t\t\t\t\t<div class=\"edgtf-team-info\">\n\t\t\t\t\t\t\t\t\t<div class=\"edgtf-team-title-holder\">\n\t\t\t\t\t\t\t\t\t\t\t\t\t<h3 class=\"edgtf-team-name\">\n\t\t\t\t\t\t\t\tAngela Zelmer\t\t\t\t\t\t\t<\/h3>\n\t\t\t\t\t\t\t\t\t\t\t\t\t\t\t\t\t\t\t<p class=\"edgtf-team-position\">Dental assistant<\/p>\n\t\t\t\t\t\t\t\t\t\t\t<\/div>\n\t\t\t\t\n\t\t\t\t\t\t<\/div>\n\t<\/div>\n<\/div><div class=\"vc_empty_space\"   style=\"height: 40px\"><span class=\"vc_empty_space_inner\"><\/span><\/div><\/div><\/div><\/div><div class=\"wpb_column vc_column_container vc_col-sm-4\"><div class=\"vc_column-inner\"><div class=\"wpb_wrapper\">\n<div class=\"edgtf-team\">\n\t<div class=\"edgtf-team-inner\">\n\t\t\t\t\t<div class=\"edgtf-team-image\">\n                <img loading=\"lazy\" decoding=\"async\" width=\"600\" height=\"600\" src=\"https:\/\/www.dr-majdani.de\/wp-content\/uploads\/2024\/11\/Peters-Angelika.jpg\" class=\"attachment-full size-full\" alt=\"\" srcset=\"https:\/\/www.dr-majdani.de\/wp-content\/uploads\/2024\/11\/Peters-Angelika.jpg 600w, https:\/\/www.dr-majdani.de\/wp-content\/uploads\/2024\/11\/Peters-Angelika-300x300.jpg 300w, https:\/\/www.dr-majdani.de\/wp-content\/uploads\/2024\/11\/Peters-Angelika-150x150.jpg 150w, https:\/\/www.dr-majdani.de\/wp-content\/uploads\/2024\/11\/Peters-Angelika-550x550.jpg 550w\" sizes=\"auto, (max-width: 600px) 100vw, 600px\" \/>                \t\t\t<\/div>\n\t\t\n\t\t\t\t\t<div class=\"edgtf-team-info\">\n\t\t\t\t\t\t\t\t\t<div class=\"edgtf-team-title-holder\">\n\t\t\t\t\t\t\t\t\t\t\t\t\t<h3 class=\"edgtf-team-name\">\n\t\t\t\t\t\t\t\tAngelika Peters\t\t\t\t\t\t\t<\/h3>\n\t\t\t\t\t\t\t\t\t\t\t\t\t\t\t\t\t\t\t<p class=\"edgtf-team-position\">Dental assistant<\/p>\n\t\t\t\t\t\t\t\t\t\t\t<\/div>\n\t\t\t\t\n\t\t\t\t\t\t<\/div>\n\t<\/div>\n<\/div><div class=\"vc_empty_space\"   style=\"height: 40px\"><span class=\"vc_empty_space_inner\"><\/span><\/div><\/div><\/div><\/div><div class=\"wpb_column vc_column_container vc_col-sm-4\"><div class=\"vc_column-inner\"><div class=\"wpb_wrapper\">\n<div class=\"edgtf-team\">\n\t<div class=\"edgtf-team-inner\">\n\t\t\t\t\t<div class=\"edgtf-team-image\">\n                <img loading=\"lazy\" decoding=\"async\" width=\"600\" height=\"600\" src=\"https:\/\/www.dr-majdani.de\/wp-content\/uploads\/2024\/11\/Ben-Nasr-Mohamed-Amine.jpg\" class=\"attachment-full size-full\" alt=\"\" srcset=\"https:\/\/www.dr-majdani.de\/wp-content\/uploads\/2024\/11\/Ben-Nasr-Mohamed-Amine.jpg 600w, https:\/\/www.dr-majdani.de\/wp-content\/uploads\/2024\/11\/Ben-Nasr-Mohamed-Amine-300x300.jpg 300w, https:\/\/www.dr-majdani.de\/wp-content\/uploads\/2024\/11\/Ben-Nasr-Mohamed-Amine-150x150.jpg 150w, https:\/\/www.dr-majdani.de\/wp-content\/uploads\/2024\/11\/Ben-Nasr-Mohamed-Amine-550x550.jpg 550w\" sizes=\"auto, (max-width: 600px) 100vw, 600px\" \/>                \t\t\t<\/div>\n\t\t\n\t\t\t\t\t<div class=\"edgtf-team-info\">\n\t\t\t\t\t\t\t\t\t<div class=\"edgtf-team-title-holder\">\n\t\t\t\t\t\t\t\t\t\t\t\t\t<h3 class=\"edgtf-team-name\">\n\t\t\t\t\t\t\t\tMohamed Amine Ben Nasr\t\t\t\t\t\t\t<\/h3>\n\t\t\t\t\t\t\t\t\t\t\t\t\t\t\t\t\t\t\t<p class=\"edgtf-team-position\">Dental assistant<\/p>\n\t\t\t\t\t\t\t\t\t\t\t<\/div>\n\t\t\t\t\n\t\t\t\t\t\t<\/div>\n\t<\/div>\n<\/div><div class=\"vc_empty_space\"   style=\"height: 40px\"><span class=\"vc_empty_space_inner\"><\/span><\/div><\/div><\/div><\/div><\/div><\/div><div class=\"vc_row wpb_row vc_row-fluid edgtf-section edgtf-content-aligment-left\" style=\"\"><div class=\"clearfix edgtf-full-section-inner\"><div class=\"wpb_column vc_column_container vc_col-sm-4\"><div class=\"vc_column-inner\"><div class=\"wpb_wrapper\">\n<div class=\"edgtf-team\">\n\t<div class=\"edgtf-team-inner\">\n\t\t\t\t\t<div class=\"edgtf-team-image\">\n                <img loading=\"lazy\" decoding=\"async\" width=\"600\" height=\"600\" src=\"https:\/\/www.dr-majdani.de\/wp-content\/uploads\/2024\/11\/Brunotte-Beate.jpg\" class=\"attachment-full size-full\" alt=\"\" srcset=\"https:\/\/www.dr-majdani.de\/wp-content\/uploads\/2024\/11\/Brunotte-Beate.jpg 600w, https:\/\/www.dr-majdani.de\/wp-content\/uploads\/2024\/11\/Brunotte-Beate-300x300.jpg 300w, https:\/\/www.dr-majdani.de\/wp-content\/uploads\/2024\/11\/Brunotte-Beate-150x150.jpg 150w, https:\/\/www.dr-majdani.de\/wp-content\/uploads\/2024\/11\/Brunotte-Beate-550x550.jpg 550w\" sizes=\"auto, (max-width: 600px) 100vw, 600px\" \/>                \t\t\t<\/div>\n\t\t\n\t\t\t\t\t<div class=\"edgtf-team-info\">\n\t\t\t\t\t\t\t\t\t<div class=\"edgtf-team-title-holder\">\n\t\t\t\t\t\t\t\t\t\t\t\t\t<h3 class=\"edgtf-team-name\">\n\t\t\t\t\t\t\t\tBeate Brunotte\t\t\t\t\t\t\t<\/h3>\n\t\t\t\t\t\t\t\t\t\t\t\t\t\t\t\t\t\t\t<p class=\"edgtf-team-position\">Dental Assistant Administration<\/p>\n\t\t\t\t\t\t\t\t\t\t\t<\/div>\n\t\t\t\t\n\t\t\t\t\t\t<\/div>\n\t<\/div>\n<\/div><div class=\"vc_empty_space\"   style=\"height: 40px\"><span class=\"vc_empty_space_inner\"><\/span><\/div><\/div><\/div><\/div><div class=\"wpb_column vc_column_container vc_col-sm-4\"><div class=\"vc_column-inner\"><div class=\"wpb_wrapper\">\n<div class=\"edgtf-team\">\n\t<div class=\"edgtf-team-inner\">\n\t\t\t\t\t<div class=\"edgtf-team-image\">\n                <img loading=\"lazy\" decoding=\"async\" width=\"500\" height=\"500\" src=\"https:\/\/www.dr-majdani.de\/wp-content\/uploads\/2021\/02\/hp.jpg\" class=\"attachment-full size-full\" alt=\"\" srcset=\"https:\/\/www.dr-majdani.de\/wp-content\/uploads\/2021\/02\/hp.jpg 500w, https:\/\/www.dr-majdani.de\/wp-content\/uploads\/2021\/02\/hp-300x300.jpg 300w, https:\/\/www.dr-majdani.de\/wp-content\/uploads\/2021\/02\/hp-150x150.jpg 150w\" sizes=\"auto, (max-width: 500px) 100vw, 500px\" \/>                \t\t\t<\/div>\n\t\t\n\t\t\t\t\t<div class=\"edgtf-team-info\">\n\t\t\t\t\t\t\t\t\t<div class=\"edgtf-team-title-holder\">\n\t\t\t\t\t\t\t\t\t\t\t\t\t<h3 class=\"edgtf-team-name\">\n\t\t\t\t\t\t\t\tHeike Prokot\t\t\t\t\t\t\t<\/h3>\n\t\t\t\t\t\t\t\t\t\t\t\t\t\t\t\t\t\t\t<p class=\"edgtf-team-position\">Dental Assistant Administration<\/p>\n\t\t\t\t\t\t\t\t\t\t\t<\/div>\n\t\t\t\t\n\t\t\t\t\t\t<\/div>\n\t<\/div>\n<\/div><div class=\"vc_empty_space\"   style=\"height: 40px\"><span class=\"vc_empty_space_inner\"><\/span><\/div><\/div><\/div><\/div><div class=\"wpb_column vc_column_container vc_col-sm-4\"><div class=\"vc_column-inner\"><div class=\"wpb_wrapper\"><\/div><\/div><\/div><\/div><\/div><div class=\"vc_row wpb_row vc_row-fluid edgtf-section edgtf-content-aligment-left\" style=\"\"><div class=\"clearfix edgtf-full-section-inner\"><div class=\"wpb_column vc_column_container vc_col-sm-4\"><div class=\"vc_column-inner\"><div class=\"wpb_wrapper\">\n<div class=\"edgtf-team\">\n\t<div class=\"edgtf-team-inner\">\n\t\t\t\t\t<div class=\"edgtf-team-image\">\n                <img loading=\"lazy\" decoding=\"async\" width=\"500\" height=\"500\" src=\"https:\/\/www.dr-majdani.de\/wp-content\/uploads\/2024\/11\/Marian-Pierzchala2.jpg\" class=\"attachment-full size-full\" alt=\"\" srcset=\"https:\/\/www.dr-majdani.de\/wp-content\/uploads\/2024\/11\/Marian-Pierzchala2.jpg 500w, https:\/\/www.dr-majdani.de\/wp-content\/uploads\/2024\/11\/Marian-Pierzchala2-300x300.jpg 300w, https:\/\/www.dr-majdani.de\/wp-content\/uploads\/2024\/11\/Marian-Pierzchala2-150x150.jpg 150w\" sizes=\"auto, (max-width: 500px) 100vw, 500px\" \/>                \t\t\t<\/div>\n\t\t\n\t\t\t\t\t<div class=\"edgtf-team-info\">\n\t\t\t\t\t\t\t\t\t<div class=\"edgtf-team-title-holder\">\n\t\t\t\t\t\t\t\t\t\t\t\t\t<h3 class=\"edgtf-team-name\">\n\t\t\t\t\t\t\t\tMarian Pierzchala\t\t\t\t\t\t\t<\/h3>\n\t\t\t\t\t\t\t\t\t\t\t\t\t\t\t\t\t\t\t<p class=\"edgtf-team-position\">Dental technician<\/p>\n\t\t\t\t\t\t\t\t\t\t\t<\/div>\n\t\t\t\t\n\t\t\t\t\t\t<\/div>\n\t<\/div>\n<\/div><div class=\"vc_empty_space\"   style=\"height: 40px\"><span class=\"vc_empty_space_inner\"><\/span><\/div><\/div><\/div><\/div><div class=\"wpb_column vc_column_container vc_col-sm-4\"><div class=\"vc_column-inner\"><div class=\"wpb_wrapper\">\n<div class=\"edgtf-team\">\n\t<div class=\"edgtf-team-inner\">\n\t\t\t\t\t<div class=\"edgtf-team-image\">\n                <img loading=\"lazy\" decoding=\"async\" width=\"600\" height=\"600\" src=\"https:\/\/www.dr-majdani.de\/wp-content\/uploads\/2024\/11\/Holomek-Agata.jpg\" class=\"attachment-full size-full\" alt=\"\" srcset=\"https:\/\/www.dr-majdani.de\/wp-content\/uploads\/2024\/11\/Holomek-Agata.jpg 600w, https:\/\/www.dr-majdani.de\/wp-content\/uploads\/2024\/11\/Holomek-Agata-300x300.jpg 300w, https:\/\/www.dr-majdani.de\/wp-content\/uploads\/2024\/11\/Holomek-Agata-150x150.jpg 150w, https:\/\/www.dr-majdani.de\/wp-content\/uploads\/2024\/11\/Holomek-Agata-550x550.jpg 550w\" sizes=\"auto, (max-width: 600px) 100vw, 600px\" \/>                \t\t\t<\/div>\n\t\t\n\t\t\t\t\t<div class=\"edgtf-team-info\">\n\t\t\t\t\t\t\t\t\t<div class=\"edgtf-team-title-holder\">\n\t\t\t\t\t\t\t\t\t\t\t\t\t<h3 class=\"edgtf-team-name\">\n\t\t\t\t\t\t\t\tAgata Holomek\t\t\t\t\t\t\t<\/h3>\n\t\t\t\t\t\t\t\t\t\t\t\t\t\t\t\t\t\t\t<p class=\"edgtf-team-position\">Dental technician<\/p>\n\t\t\t\t\t\t\t\t\t\t\t<\/div>\n\t\t\t\t\n\t\t\t\t\t\t<\/div>\n\t<\/div>\n<\/div><div class=\"vc_empty_space\"   style=\"height: 40px\"><span class=\"vc_empty_space_inner\"><\/span><\/div><\/div><\/div><\/div><div class=\"wpb_column vc_column_container vc_col-sm-4\"><div class=\"vc_column-inner\"><div class=\"wpb_wrapper\"><\/div><\/div><\/div><\/div><\/div><div class=\"vc_row wpb_row vc_row-fluid edgtf-section edgtf-content-aligment-left\" style=\"\"><div class=\"clearfix edgtf-full-section-inner\"><div class=\"wpb_column vc_column_container vc_col-sm-4\"><div class=\"vc_column-inner\"><div class=\"wpb_wrapper\"><\/div><\/div><\/div><div class=\"wpb_column vc_column_container vc_col-sm-4\"><div class=\"vc_column-inner\"><div class=\"wpb_wrapper\"><\/div><\/div><\/div><div class=\"wpb_column vc_column_container vc_col-sm-4\"><div class=\"vc_column-inner\"><div class=\"wpb_wrapper\"><\/div><\/div><\/div><\/div><\/div>","protected":false},"excerpt":{"rendered":"Team Dr. Aleksandra Majdani Fachzahn\u00e4rztin f\u00fcr Kieferorthop\u00e4die Nach dem Studium der Zahnheilkunde an der Freien Universit\u00e4t Berlin und Promotion an der Charit\u00e9 Berlin begann Dr. Majdani ihre zahn\u00e4rztliche T\u00e4tigkeit in einer renommierten Zahnarztpraxis in Berlin Zehlendorf. Ihre Facharztausbildung f\u00fcr Kieferorthop\u00e4die absolvierte sie in der Fachpraxis...","protected":false},"author":1,"featured_media":0,"parent":0,"menu_order":0,"comment_status":"closed","ping_status":"closed","template":"","meta":{"footnotes":""},"class_list":["post-6305","page","type-page","status-publish","hentry"],"aioseo_notices":[],"_links":{"self":[{"href":"https:\/\/www.dr-majdani.de\/en\/wp-json\/wp\/v2\/pages\/6305","targetHints":{"allow":["GET"]}}],"collection":[{"href":"https:\/\/www.dr-majdani.de\/en\/wp-json\/wp\/v2\/pages"}],"about":[{"href":"https:\/\/www.dr-majdani.de\/en\/wp-json\/wp\/v2\/types\/page"}],"author":[{"embeddable":true,"href":"https:\/\/www.dr-majdani.de\/en\/wp-json\/wp\/v2\/users\/1"}],"replies":[{"embeddable":true,"href":"https:\/\/www.dr-majdani.de\/en\/wp-json\/wp\/v2\/comments?post=6305"}],"version-history":[{"count":0,"href":"https:\/\/www.dr-majdani.de\/en\/wp-json\/wp\/v2\/pages\/6305\/revisions"}],"wp:attachment":[{"href":"https:\/\/www.dr-majdani.de\/en\/wp-json\/wp\/v2\/media?parent=6305"}],"curies":[{"name":"wp","href":"https:\/\/api.w.org\/{rel}","templated":true}]}}