{"id":6304,"date":"2018-07-04T08:15:09","date_gmt":"2018-07-04T08:15:09","guid":{"rendered":"http:\/\/www.dr-majdani.de\/?page_id=5770"},"modified":"2025-04-11T10:30:41","modified_gmt":"2025-04-11T08:30:41","slug":"datenschutzerklarung","status":"publish","type":"page","link":"https:\/\/www.dr-majdani.de\/en\/datenschutzerklarung\/","title":{"rendered":"Privacy Policy"},"content":{"rendered":"<div class=\"vc_row wpb_row vc_row-fluid edgtf-section edgtf-content-aligment-left\" style=\"\"><div class=\"clearfix edgtf-full-section-inner\"><div class=\"wpb_column vc_column_container vc_col-sm-12\"><div class=\"vc_column-inner\"><div class=\"wpb_wrapper\"><div class=\"vc_empty_space\"   style=\"height: 32px\"><span class=\"vc_empty_space_inner\"><\/span><\/div><\/div><\/div><\/div><\/div><\/div><div class=\"vc_row wpb_row vc_row-fluid edgtf-section vc_custom_1526292195421 edgtf-content-aligment-left\" style=\"\"><div class=\"clearfix edgtf-full-section-inner\"><div class=\"wpb_column vc_column_container vc_col-sm-12\"><div class=\"vc_column-inner\"><div class=\"wpb_wrapper\">\n\t<div class=\"wpb_text_column wpb_content_element\" >\n\t\t<div class=\"wpb_wrapper\">\n\t\t\t<h3 class=\"western\">Kontakt Datenschutzbeauftragter<\/h3>\n<p>E-Mail info@dr-majdani.de<br \/>\nTelefon 0511\/511628<\/p>\n<h3 class=\"western\">Datenschutz<\/h3>\n<p>Der Betreiber dieser Seiten nimmt den Schutz Ihrer pers\u00f6nlichen Daten sehr ernst. Wir behandeln Ihre personenbezogenen Daten vertraulich und entsprechend der gesetzlichen Datenschutzvorschriften sowie dieser Datenschutzerkl\u00e4rung.<\/p>\n<p>Die Nutzung unserer Webseite ist in der Regel ohne Angabe personenbezogener Daten m\u00f6glich. Soweit auf unseren Seiten personenbezogene Daten (beispielsweise Name, Anschrift oder E-Mail-Adressen) erhoben werden, erfolgt dies, soweit m\u00f6glich, stets auf freiwilliger Basis. Diese Daten werden ohne Ihre ausdr\u00fcckliche Zustimmung nicht an Dritte weitergegeben.<\/p>\n<p>Wir weisen darauf hin, dass die Daten\u00fcbertragung im Internet (z.B. bei der Kommunikation per E-Mail) Sicherheitsl\u00fccken aufweisen kann. Ein l\u00fcckenloser Schutz der Daten vor dem Zugriff durch Dritte ist nicht m\u00f6glich.<\/p>\n<p class=\"\" data-start=\"141\" data-end=\"1200\"><strong data-start=\"141\" data-end=\"173\">Einsatz von Google Analytics<\/strong><br data-start=\"173\" data-end=\"176\" \/>(1) Diese Website nutzt Google Analytics, einen Webanalysedienst der Google Inc. (\u201eGoogle\u201c). Google Analytics verwendet sogenannte \u201eCookies\u201c \u2013 kleine Textdateien, die auf Ihrem Endger\u00e4t gespeichert werden und eine Analyse der Benutzung der Website erm\u00f6glichen. Die durch Cookies erzeugten Informationen \u00fcber Ihre Nutzung der Website werden in der Regel an einen Server von Google in den USA \u00fcbertragen und dort gespeichert. Ist auf dieser Website die IP-Anonymisierung aktiviert, wird Ihre IP-Adresse zuvor von Google innerhalb der Mitgliedstaaten der EU oder in anderen Vertragsstaaten des Abkommens \u00fcber den Europ\u00e4ischen Wirtschaftsraum gek\u00fcrzt. Nur in Ausnahmef\u00e4llen wird die vollst\u00e4ndige IP-Adresse an einen Google-Server in den USA \u00fcbermittelt und dort gek\u00fcrzt. Google verarbeitet diese Informationen im Auftrag des Website-Betreibers, um die Nutzung der Website auszuwerten, Berichte \u00fcber die Websiteaktivit\u00e4ten zu erstellen und weitere mit der Website- und Internetnutzung verbundene Dienstleistungen bereitzustellen.<\/p>\n<p class=\"\" data-start=\"1202\" data-end=\"1339\">(2) Die im Rahmen von Google Analytics von Ihrem Browser \u00fcbermittelte IP-Adresse wird nicht mit anderen Daten von Google zusammengef\u00fchrt.<\/p>\n<p class=\"\" data-start=\"1341\" data-end=\"1982\">(3) Sie k\u00f6nnen die Speicherung von Cookies durch eine entsprechende Einstellung Ihrer Browser-Software verhindern. Bitte beachten Sie jedoch, dass Sie in diesem Fall gegebenenfalls nicht alle Funktionen dieser Website uneingeschr\u00e4nkt nutzen k\u00f6nnen. Dar\u00fcber hinaus k\u00f6nnen Sie die Erfassung der durch Cookies erzeugten und auf Ihre Nutzung der Website bezogenen Daten (inkl. Ihrer IP-Adresse) sowie die Verarbeitung dieser Daten durch Google verhindern, indem Sie das unter folgendem Link verf\u00fcgbare Browser-Plugin herunterladen und installieren:<br data-start=\"1885\" data-end=\"1888\" \/><a class=\"\" href=\"http:\/\/tools.google.com\/dlpage\/gaoptout?hl=de\" target=\"_new\" rel=\"noopener\" data-start=\"1888\" data-end=\"1982\">http:\/\/tools.google.com\/dlpage\/gaoptout?hl=de<\/a><\/p>\n<p class=\"\" data-start=\"1984\" data-end=\"2321\">(4) Diese Website verwendet Google Analytics mit der Erweiterung \u201e_anonymizeIp()\u201c. Dadurch werden IP-Adressen nur in gek\u00fcrzter Form weiterverarbeitet, sodass ein Personenbezug ausgeschlossen werden kann. Sollte in Einzelf\u00e4llen dennoch ein Personenbezug bestehen, wird dieser umgehend ausgeschlossen und die entsprechenden Daten gel\u00f6scht.<\/p>\n<p class=\"\" data-start=\"2323\" data-end=\"2902\">(5) Wir setzen Google Analytics ein, um die Nutzung unserer Website besser zu verstehen und kontinuierlich optimieren zu k\u00f6nnen. Die gewonnenen Erkenntnisse helfen uns, unser Angebot f\u00fcr Sie als Nutzer interessanter und benutzerfreundlicher zu gestalten. F\u00fcr Ausnahmef\u00e4lle, in denen personenbezogene Daten in die USA \u00fcbertragen werden, ist Google nach dem EU-US Privacy Shield zertifiziert:<br data-start=\"2713\" data-end=\"2716\" \/><a class=\"\" href=\"https:\/\/www.privacyshield.gov\/EU-US-Framework\" target=\"_new\" rel=\"noopener\" data-start=\"2716\" data-end=\"2810\">https:\/\/www.privacyshield.gov\/EU-US-Framework<\/a><br data-start=\"2810\" data-end=\"2813\" \/>Rechtsgrundlage f\u00fcr die Nutzung von Google Analytics ist Art. 6 Abs. 1 S. 1 lit. f DSGVO.<\/p>\n<p class=\"\" data-start=\"2904\" data-end=\"3406\">(6) Anbieterinformationen:<br data-start=\"2930\" data-end=\"2933\" \/>Google Ireland Ltd., Gordon House, Barrow Street, Dublin 4, Ireland<br data-start=\"3000\" data-end=\"3003\" \/>Fax: +353 (1) 436 1001<br data-start=\"3025\" data-end=\"3028\" \/>Nutzerbedingungen: <a class=\"\" href=\"http:\/\/www.google.com\/analytics\/terms\/de.html\" target=\"_new\" rel=\"noopener\" data-start=\"3047\" data-end=\"3141\">http:\/\/www.google.com\/analytics\/terms\/de.html<\/a><br data-start=\"3141\" data-end=\"3144\" \/>Datenschutz-\u00dcbersicht: <a class=\"\" href=\"http:\/\/www.google.com\/intl\/de\/analytics\/learn\/privacy.html\" target=\"_new\" rel=\"noopener\" data-start=\"3167\" data-end=\"3287\">http:\/\/www.google.com\/intl\/de\/analytics\/learn\/privacy.html<\/a><br data-start=\"3287\" data-end=\"3290\" \/>Datenschutzerkl\u00e4rung: <a class=\"\" href=\"http:\/\/www.google.de\/intl\/de\/policies\/privacy\" target=\"_new\" rel=\"noopener\" data-start=\"3312\" data-end=\"3406\">http:\/\/www.google.de\/intl\/de\/policies\/privacy<\/a><\/p>\n<p class=\"\" data-start=\"3408\" data-end=\"3653\">(7) Zus\u00e4tzlich verwendet diese Website Google Analytics f\u00fcr eine ger\u00e4te\u00fcbergreifende Analyse von Besucherstr\u00f6men \u00fcber eine sogenannte User-ID. Diese Funktion k\u00f6nnen Sie in Ihrem Kundenkonto unter \u201eMeine Daten\u201c &gt; \u201epers\u00f6nliche Daten\u201c deaktivieren.<\/p>\n<hr class=\"\" data-start=\"3655\" data-end=\"3658\" \/>\n<p class=\"\" data-start=\"3660\" data-end=\"4322\"><strong data-start=\"3660\" data-end=\"3694\">Einsatz von Google Tag Manager<\/strong><br data-start=\"3694\" data-end=\"3697\" \/>(1) Auf unserer Website kommt der \u201eGoogle Tag Manager\u201c zum Einsatz \u2013 ein Dienst der Google Ireland Ltd., Gordon House, Barrow Street, Dublin 4, Ireland (\u201eGoogle\u201c). Mit dem Google Tag Manager k\u00f6nnen wir als Betreiber Website-Tags \u00fcber eine zentrale Oberfl\u00e4che verwalten. Das Tool selbst arbeitet ohne Cookies und verarbeitet keine personenbezogenen Daten. Es dient lediglich dazu, andere Tags auszul\u00f6sen, die ihrerseits Daten erheben k\u00f6nnen. Der Google Tag Manager greift selbst nicht auf diese Daten zu. Eine Deaktivierung auf Cookie- oder Domain-Ebene wirkt sich auf alle mit dem Tag Manager eingebundenen Tracking-Tags aus.<\/p>\n<p class=\"\" data-start=\"4324\" data-end=\"4338\">Weitere Infos:<\/p>\n<ul data-start=\"4339\" data-end=\"4594\">\n<li class=\"\" data-start=\"4339\" data-end=\"4452\">\n<p class=\"\" data-start=\"4341\" data-end=\"4452\">FAQ: <a class=\"\" href=\"https:\/\/www.google.com\/intl\/de\/tagmanager\/faq.html\" target=\"_new\" rel=\"noopener\" data-start=\"4346\" data-end=\"4450\">https:\/\/www.google.com\/intl\/de\/tagmanager\/faq.html<\/a><\/p>\n<\/li>\n<li class=\"\" data-start=\"4453\" data-end=\"4594\">\n<p class=\"\" data-start=\"4455\" data-end=\"4594\">Nutzungsbedingungen: <a class=\"\" href=\"https:\/\/www.google.com\/intl\/de\/tagmanager\/use-policy.html\" target=\"_new\" rel=\"noopener\" data-start=\"4476\" data-end=\"4594\">https:\/\/www.google.com\/intl\/de\/tagmanager\/use-policy.html<\/a><\/p>\n<\/li>\n<\/ul>\n<p>&nbsp;<\/p>\n<p><strong>Browser Plugin<\/strong><\/p>\n<p>Sie k\u00f6nnen die Speicherung der Cookies durch eine entsprechende Einstellung Ihrer Browser-Software verhindern; wir weisen Sie jedoch darauf hin, dass Sie in diesem Fall gegebenenfalls nicht s\u00e4mtliche Funktionen dieser Website vollumf\u00e4nglich werden nutzen k\u00f6nnen. Sie k\u00f6nnen dar\u00fcber hinaus die Erfassung der durch das Cookie erzeugten und auf Ihre Nutzung der Website bezogenen Daten (inkl. Ihrer IP-Adresse) an Google sowie die Verarbeitung dieser Daten durch Google verhindern, indem sie das unter dem folgenden Link verf\u00fcgbare Browser-Plugin herunterladen und installieren:\u00a0<u><a href=\"https:\/\/tools.google.com\/dlpage\/gaoptout?hl=de\">https:\/\/tools.google.com\/dlpage\/gaoptout?hl=de<\/a><\/u><\/p>\n<p><strong>Widerspruch gegen Datenerfassung<\/strong><\/p>\n<p>Sie k\u00f6nnen die Erfassung Ihrer Daten durch Google Analytics verhindern, indem Sie auf folgenden Link klicken. Es wird ein Opt-Out-Cookie gesetzt, dass das Erfassung Ihrer Daten bei zuk\u00fcnftigen Besuchen dieser Website verhindert: Google Analytics deaktivieren<\/p>\n<p><strong>IP-Anonymisierung<\/strong><\/p>\n<p>Wir nutzen die Funktion \u201eAktivierung der IP-Anonymisierung\u201c auf dieser Webseite. Dadurch wird Ihre IP-Adresse von Google jedoch innerhalb von Mitgliedstaaten der Europ\u00e4ischen Union oder in anderen Vertragsstaaten des Abkommens \u00fcber den Europ\u00e4ischen Wirtschaftsraum zuvor gek\u00fcrzt. Nur in Ausnahmef\u00e4llen wird die volle IP-Adresse an einen Server von Google in den USA \u00fcbertragen und dort gek\u00fcrzt. Im Auftrag des Betreibers dieser Website wird Google diese Informationen benutzen, um Ihre Nutzung der Website auszuwerten, um Reports \u00fcber die Websiteaktivit\u00e4ten zusammenzustellen und um weitere mit der Websitenutzung und der Internetnutzung verbundene Dienstleistungen gegen\u00fcber dem Websitebetreiber zu erbringen. Die im Rahmen von Google Analytics von Ihrem Browser \u00fcbermittelte IP-Adresse wird nicht mit anderen Daten von Google zusammengef\u00fchrt.<\/p>\n<h3 class=\"western\">Datenschutzerkl\u00e4rung f\u00fcr die Nutzung von YouTube<\/h3>\n<p>Unsere Webseite nutzt Plugins der von Google betriebenen Seite YouTube. Betreiber der Seiten ist die YouTube, LLC, 901 Cherry Ave., San Bruno, CA 94066, USA. Wenn Sie eine unserer mit einem YouTube-Plugin ausgestatteten Seiten besuchen, wird eine Verbindung zu den Servern von YouTube hergestellt. Dabei wird dem Youtube-Server mitgeteilt, welche unserer Seiten Sie besucht haben.<\/p>\n<p>Wenn Sie in Ihrem YouTube-Account eingeloggt sind erm\u00f6glichen Sie YouTube, Ihr Surfverhalten direkt Ihrem pers\u00f6nlichen Profil zuzuordnen. Dies k\u00f6nnen Sie verhindern, indem Sie sich aus Ihrem YouTube-Account ausloggen.<\/p>\n<p>Weitere Informationen zum Umgang von Nutzerdaten finden Sie in der Datenschutzerkl\u00e4rung von YouTube unter\u00a0<u><a href=\"https:\/\/www.google.de\/intl\/de\/policies\/privacy\">https:\/\/www.google.de\/intl\/de\/policies\/privacy<\/a><\/u><\/p>\n<h3 class=\"western\">Auskunft, L\u00f6schung, Sperrung<\/h3>\n<p>Sie haben jederzeit das Recht auf unentgeltliche Auskunft \u00fcber Ihre gespeicherten personenbezogenen Daten, deren Herkunft und Empf\u00e4nger und den Zweck der Datenverarbeitung sowie ein Recht auf Berichtigung, Sperrung oder L\u00f6schung dieser Daten. Hierzu sowie zu weiteren Fragen zum Thema personenbezogene Daten k\u00f6nnen Sie sich jederzeit unter der im Impressum angegebenen Adresse an uns wenden.<\/p>\n<p>&nbsp;<\/p>\n<h3 class=\"western\">Cookies<\/h3>\n<p>Die Internetseiten verwenden teilweise so genannte Cookies. Cookies richten auf Ihrem Rechner keinen Schaden an und enthalten keine Viren. Cookies dienen dazu, unser Angebot nutzerfreundlicher, effektiver und sicherer zu machen. Cookies sind kleine Textdateien, die auf Ihrem Rechner abgelegt werden und die Ihr Browser speichert.<\/p>\n<p>Die meisten der von uns verwendeten Cookies sind so genannte \u201eSession-Cookies\u201c. Sie werden nach Ende Ihres Besuchs automatisch gel\u00f6scht. Andere Cookies bleiben auf Ihrem Endger\u00e4t gespeichert, bis Sie diese l\u00f6schen. Diese Cookies erm\u00f6glichen es uns, Ihren Browser beim n\u00e4chsten Besuch wiederzuerkennen.<\/p>\n<p>Sie k\u00f6nnen Ihren Browser so einstellen, dass Sie \u00fcber das Setzen von Cookies informiert werden und Cookies nur im Einzelfall erlauben, die Annahme von Cookies f\u00fcr bestimmte F\u00e4lle oder generell ausschlie\u00dfen sowie das automatische L\u00f6schen der Cookies beim Schlie\u00dfen des Browser aktivieren. Bei der Deaktivierung von Cookies kann die Funktionalit\u00e4t dieser Website eingeschr\u00e4nkt sein.<\/p>\n<h3 class=\"western\">Server-Log-Files<\/h3>\n<p>Der Provider der Seiten erhebt und speichert automatisch Informationen in so genannten Server-Log Files, die Ihr Browser automatisch an uns \u00fcbermittelt. Dies sind:<\/p>\n<ul>\n<li>Browsertyp\/ Browserversion<\/li>\n<li>verwendetes Betriebssystem<\/li>\n<li>Referrer URL<\/li>\n<li>Hostname des zugreifenden Rechners<\/li>\n<li>Uhrzeit der Serveranfrage<\/li>\n<\/ul>\n<p>Diese Daten sind nicht bestimmten Personen zuordenbar. Eine Zusammenf\u00fchrung dieser Daten mit anderen Datenquellen wird nicht vorgenommen. Wir behalten uns vor, diese Daten nachtr\u00e4glich zu pr\u00fcfen, wenn uns konkrete Anhaltspunkte f\u00fcr eine rechtswidrige Nutzung bekannt werden.<\/p>\n<h3 class=\"western\">Kontaktformular<\/h3>\n<p>Wenn Sie uns per Kontaktformular Anfragen zukommen lassen, werden Ihre Angaben aus dem Anfrageformular inklusive der von Ihnen dort angegebenen Kontaktdaten zwecks Bearbeitung der Anfrage und f\u00fcr den Fall von Anschlussfragen bei uns gespeichert. Diese Daten geben wir nicht ohne Ihre Einwilligung weiter.<\/p>\n<h3>321 MED<\/h3>\n<div>Diese Website nutzt den Online-Rezeptionsservicedienst 321 MED f\u00fcr die digitale, online-basierte Kommunikation und Interaktion zwischen Patienten\/-innen und Gesundheitseinrichtungen und\/oder Arztpraxen. Dienstanbieter ist die 321 MED GmbH, Am heimlichen Grund 5, 92421 Schwandorf.<\/div>\n<div><\/div>\n<div>321 MED erm\u00f6glicht uns eine unmittelbare Online-Betreuung unserer Patienten\/-innen sowie eine schnelle und unkomplizierte Kommunikation mit unseren Patienten\/-innen.\u00a0 Wenn Sie auf unserer Website \u00fcber unsere Online-Rezeption Daten, etwa Ihre Kontaktdaten, zum Zwecke des der Kommunikation mit uns eingeben, werden diese auf den Servern von 321 MED in Deutschland gespeichert. Ja nach individueller Konfiguration und Eingabe werden im Rahmen der Nutzung unseres Online-Rezeptionsdienstes unter Umst\u00e4nden personenbezogene Daten und\/oder Gesundheitsdaten erfasst.<\/div>\n<div><\/div>\n<div>Die Nutzung von 321 MED erfolgt im Interesse einer ansprechenden Darstellung unserer Online-Angebote sowie der Bereitstellung eines unmittelbaren und schnellen Services. Dies stellt ein berechtigtes Interesse dar, Rechtsgrundlage ist Art. 6 Abs. 1 lit. f DSGVO. Die Datenverarbeitung mittels 321 MED erfolgt mittels der von Ihnen zur Verf\u00fcgung gestellten\/eingegebenen Daten auf Grundlage Ihrer Einwilligung, Art. 6 Abs. 1 lit. a DSGVO. Soweit Sie optionale Daten wie Geschlecht oder Gesundheitsdaten angeben, erfolgt die Datenverarbeitung auf Grundlage Ihrer Einwilligung gem. Art. 9 Abs. 2 lit. a DSGVO.<\/div>\n<div><\/div>\n<div>Wenn Sie nicht m\u00f6chten, dass Ihre Daten an 321 MED \u00fcbertragen werden, k\u00f6nnen Sie Ihre Einwilligung zur Verarbeitung Ihrer personenbezogenen Daten oder Gesundheitsdaten jederzeit durch eine Nachricht an uns widerrufen. Wenn Sie Ihre Einwilligung widerrufen, werden Ihre Daten bei uns bzw. bei 321 MED gel\u00f6scht. Bitte beachten Sie, dass Sie in diesem Fall aber m\u00f6glicherweise nicht (mehr) s\u00e4mtliche Funktionen unseres Online-Rezeptionsdienstes vollst\u00e4ndig nutzen k\u00f6nnen. Daten, die zu anderen Zwecken bei uns oder 321 MED gespeichert wurden, bleiben hiervon unber\u00fchrt. Die Rechtm\u00e4\u00dfigkeit bereits erfolgter Datenverarbeitungsvorg\u00e4nge bleibt vom Widerruf unber\u00fchrt.<\/div>\n<div><\/div>\n<div>Wir haben mit dem Anbieter 321 MED einen datenschutzrechtlich vorgeschriebenen Vertrag \u00fcber Auftragsverarbeitung (AVV) geschlossen. Hierbei handelt es sich um einen Vertrag, der gew\u00e4hrleistet, dass der jeweilige Anbieter personenbezogene Daten der User unserer Website nur nach unseren Weisungen sowie unter Einhaltung der DSGVO verarbeitet.<\/div>\n<div><\/div>\n<div>Weitere Informationen zu den via 321 MED verarbeiteten Daten sowie dar\u00fcber, welche Cookies wir verwenden und wie Sie Ihre Cookie-Einstellungen verwalten k\u00f6nnen, finden Sie in der Datenschutzerkl\u00e4rung von 321 MED unter https:\/\/321med.com\/de\/dataprotection.<\/div>\n<div><\/div>\n\n\t\t<\/div>\n\t<\/div>\n\n\t<div class=\"wpb_text_column wpb_content_element\" >\n\t\t<div class=\"wpb_wrapper\">\n\t\t\t\n\t\t<\/div>\n\t<\/div>\n<div class=\"vc_empty_space\"   style=\"height: 32px\"><span class=\"vc_empty_space_inner\"><\/span><\/div>\n\t<div class=\"wpb_text_column wpb_content_element\" >\n\t\t<div class=\"wpb_wrapper\">\n\t\t\t<h2>Datenschutzeinstellungen<\/h2>\n\n\t\t<\/div>\n\t<\/div>\n\n\t<div class=\"wpb_raw_code wpb_content_element wpb_raw_html\" >\n\t\t<div class=\"wpb_wrapper\">\n\t\t\t<a href=\"#\" onclick=\"UC_UI.showSecondLayer();\">Datenschutzeinstellungen verwalten<\/a>\n\t\t<\/div>\n\t<\/div>\n<\/div><\/div><\/div><\/div><\/div><div class=\"vc_row wpb_row vc_row-fluid edgtf-section edgtf-content-aligment-left\" style=\"\"><div class=\"clearfix edgtf-full-section-inner\"><div class=\"wpb_column vc_column_container vc_col-sm-12\"><div class=\"vc_column-inner\"><div class=\"wpb_wrapper\"><div class=\"vc_empty_space\"   style=\"height: 120px\"><span class=\"vc_empty_space_inner\"><\/span><\/div><\/div><\/div><\/div><\/div><\/div>","protected":false},"excerpt":{"rendered":"Kontakt Datenschutzbeauftragter E-Mail info@dr-majdani.de Telefon 0511\/511628 Datenschutz Der Betreiber dieser Seiten nimmt den Schutz Ihrer pers\u00f6nlichen Daten sehr ernst. Wir behandeln Ihre personenbezogenen Daten vertraulich und entsprechend der gesetzlichen Datenschutzvorschriften sowie dieser Datenschutzerkl\u00e4rung. Die Nutzung unserer Webseite ist in der Regel ohne Angabe personenbezogener Daten...","protected":false},"author":1,"featured_media":0,"parent":0,"menu_order":0,"comment_status":"closed","ping_status":"closed","template":"full-width.php","meta":{"footnotes":""},"class_list":["post-6304","page","type-page","status-publish","hentry"],"aioseo_notices":[],"_links":{"self":[{"href":"https:\/\/www.dr-majdani.de\/en\/wp-json\/wp\/v2\/pages\/6304","targetHints":{"allow":["GET"]}}],"collection":[{"href":"https:\/\/www.dr-majdani.de\/en\/wp-json\/wp\/v2\/pages"}],"about":[{"href":"https:\/\/www.dr-majdani.de\/en\/wp-json\/wp\/v2\/types\/page"}],"author":[{"embeddable":true,"href":"https:\/\/www.dr-majdani.de\/en\/wp-json\/wp\/v2\/users\/1"}],"replies":[{"embeddable":true,"href":"https:\/\/www.dr-majdani.de\/en\/wp-json\/wp\/v2\/comments?post=6304"}],"version-history":[{"count":0,"href":"https:\/\/www.dr-majdani.de\/en\/wp-json\/wp\/v2\/pages\/6304\/revisions"}],"wp:attachment":[{"href":"https:\/\/www.dr-majdani.de\/en\/wp-json\/wp\/v2\/media?parent=6304"}],"curies":[{"name":"wp","href":"https:\/\/api.w.org\/{rel}","templated":true}]}}