{"id":6301,"date":"2018-06-29T08:26:03","date_gmt":"2018-06-29T08:26:03","guid":{"rendered":"http:\/\/www.dr-majdani.de\/?page_id=5626"},"modified":"2023-02-28T18:31:52","modified_gmt":"2023-02-28T17:31:52","slug":"damon","status":"publish","type":"page","link":"https:\/\/www.dr-majdani.de\/en\/damon\/","title":{"rendered":"Damon"},"content":{"rendered":"<div class=\"vc_row wpb_row vc_row-fluid edgtf-section vc_custom_1585501875729 edgtf-content-aligment-left\" style=\"\"><div class=\"clearfix edgtf-full-section-inner\"><div class=\"wpb_column vc_column_container vc_col-sm-12 vc_col-lg-offset-1 vc_col-lg-4\/5\"><div class=\"vc_column-inner\"><div class=\"wpb_wrapper\">\n\t<div class=\"wpb_text_column wpb_content_element\" >\n\t\t<div class=\"wpb_wrapper\">\n\t\t\t<h1>Damon<\/h1>\n<h2>Sanfte und biologische Kr\u00e4fte<\/h2>\n<p>Aufgrund der pr\u00e4zisen Feinmechanik dieses innovativen Verschluss- und Gleitmechanismus entstehen geringere Reibungskr\u00e4fte zwischen dem Drahtbogen und dem Bracket, so dass es nun m\u00f6glich ist, die f\u00fcr die Zahnbewegung erforderlichen Kr\u00e4fte im physiologischen Bereich so gering wie m\u00f6glich zu halten und gleichm\u00e4\u00dfig auf die Z\u00e4hne zu \u00fcbertragen. Aufgrund der Wahrung biologischer Prinzipien, die dem K\u00f6rper die nat\u00fcrliche Balance erm\u00f6glicht, finden diese Bracketsysteme zunehmend in der ganzheitlich orientierten Kieferorthop\u00e4die Anwendung.<\/p>\n<h2>Damon-System<\/h2>\n<p>The so-called DAMON technique \u2013 developed by Dr. Dwight Damon in the USA \u2013 is an advanced, biodynamic orthodontic treatment concept: The Damon system operates with significantly lower forces than any other conventional appliance. The design's near-complete lack of friction, combined with highly developed, thermoelastic archwires, enables biologically optimal tooth movement, while simultaneously providing significantly greater patient comfort and reducing the sensation of pressure. The enormous advantage of this treatment concept is that it reduces treatment time and largely eliminates the need for tooth extraction for orthodontic reasons.<\/p>\n\n\t\t<\/div>\n\t<\/div>\n\n\t<div class=\"wpb_text_column wpb_content_element\" >\n\t\t<div class=\"wpb_wrapper\">\n\t\t\t\n\t\t<\/div>\n\t<\/div>\n<div class=\"vc_empty_space\"   style=\"height: 32px\"><span class=\"vc_empty_space_inner\"><\/span><\/div><a href=\"http:\/\/www.dr-majdani.de\/en\/kontakt\/\" target=\"_self\"  class=\"edgtf-btn edgtf-btn-large edgtf-btn-outline\"  >\n    <span class=\"edgtf-btn-text\">Kontaktieren Sie uns<\/span><\/a><\/div><\/div><\/div><\/div><\/div><div class=\"vc_row wpb_row vc_row-fluid edgtf-section edgtf-content-aligment-left\" style=\"\"><div class=\"clearfix edgtf-full-section-inner\"><div class=\"wpb_column vc_column_container vc_col-sm-12\"><div class=\"vc_column-inner\"><div class=\"wpb_wrapper\"><div class=\"vc_empty_space\"   style=\"height: 120px\"><span class=\"vc_empty_space_inner\"><\/span><\/div><\/div><\/div><\/div><\/div><\/div>","protected":false},"excerpt":{"rendered":"Damon Sanfte und biologische Kr\u00e4fte Aufgrund der pr\u00e4zisen Feinmechanik dieses innovativen Verschluss- und Gleitmechanismus entstehen geringere Reibungskr\u00e4fte zwischen dem Drahtbogen und dem Bracket, so dass es nun m\u00f6glich ist, die f\u00fcr die Zahnbewegung erforderlichen Kr\u00e4fte im physiologischen Bereich so gering wie m\u00f6glich zu halten und...","protected":false},"author":1,"featured_media":0,"parent":0,"menu_order":0,"comment_status":"closed","ping_status":"closed","template":"full-width.php","meta":{"footnotes":""},"class_list":["post-6301","page","type-page","status-publish","hentry"],"aioseo_notices":[],"_links":{"self":[{"href":"https:\/\/www.dr-majdani.de\/en\/wp-json\/wp\/v2\/pages\/6301","targetHints":{"allow":["GET"]}}],"collection":[{"href":"https:\/\/www.dr-majdani.de\/en\/wp-json\/wp\/v2\/pages"}],"about":[{"href":"https:\/\/www.dr-majdani.de\/en\/wp-json\/wp\/v2\/types\/page"}],"author":[{"embeddable":true,"href":"https:\/\/www.dr-majdani.de\/en\/wp-json\/wp\/v2\/users\/1"}],"replies":[{"embeddable":true,"href":"https:\/\/www.dr-majdani.de\/en\/wp-json\/wp\/v2\/comments?post=6301"}],"version-history":[{"count":0,"href":"https:\/\/www.dr-majdani.de\/en\/wp-json\/wp\/v2\/pages\/6301\/revisions"}],"wp:attachment":[{"href":"https:\/\/www.dr-majdani.de\/en\/wp-json\/wp\/v2\/media?parent=6301"}],"curies":[{"name":"wp","href":"https:\/\/api.w.org\/{rel}","templated":true}]}}