{"id":6300,"date":"2018-06-29T08:23:46","date_gmt":"2018-06-29T08:23:46","guid":{"rendered":"http:\/\/www.dr-majdani.de\/?page_id=5624"},"modified":"2021-02-11T23:20:57","modified_gmt":"2021-02-11T22:20:57","slug":"fruhbehandlung","status":"publish","type":"page","link":"https:\/\/www.dr-majdani.de\/en\/fruhbehandlung\/","title":{"rendered":"Early treatment"},"content":{"rendered":"<div class=\"vc_row wpb_row vc_row-fluid edgtf-section vc_custom_1572949168137 edgtf-content-aligment-left\" style=\"\"><div class=\"clearfix edgtf-full-section-inner\"><div class=\"wpb_column vc_column_container vc_col-sm-12 vc_col-lg-offset-1 vc_col-lg-4\/5\"><div class=\"vc_column-inner\"><div class=\"wpb_wrapper\"><div class=\"vc_empty_space\"   style=\"height: 32px\"><span class=\"vc_empty_space_inner\"><\/span><\/div>\n\t<div class=\"wpb_text_column wpb_content_element\" >\n\t\t<div class=\"wpb_wrapper\">\n\t\t\t<h1>Early treatment<\/h1>\n<p><span style=\"color: #333333;\">Eine kieferorthop\u00e4dische Behandlung beginnt meist zwischen dem 9. und 11. Lebensjahr. Es gibt jedoch drei m\u00f6gliche Gr\u00fcnde, die f\u00fcr eine kieferorthop\u00e4dische Fr\u00fchbehandlung ab dem 4. Lebensjahr sprechen. Eine deutliche Zahn- und Kieferfehlstellung, sch\u00e4dliche Angewohnheiten wie z.B. Daumenlutschen oder ein fr\u00fchzeitiger Verlust von Milchz\u00e4hnen.<\/span><\/p>\n<p><span style=\"color: #333333;\"><strong>Zahn- und Kieferfehlstellungen:<\/strong><\/span><\/p>\n<p><span style=\"color: #333333;\">In einem normal geformten Gebiss stehen Ober- und Unterkiefer harmonisch zueinander und die\u00a0oberen\u00a0Z\u00e4hne \u00fcberdecken leicht die unteren. Bestimmte Zahn- und Kieferfehlstellungen neigen dazu, im weiteren Verlauf eine Wachstumshemmung auszul\u00f6sen. Daher ist unter anderem bei folgenden Befunden bereits eine Fr\u00fchbehandlung ab dem 4. Lebensjahr erforderlich:<\/span><\/p>\n<ul>\n<li><span style=\"color: #333333;\">Der Unterkiefer steht weit nach vorne oder nach hinten<\/span><\/li>\n<li><span style=\"color: #333333;\">Offener Biss: Zwischen den Schneidez\u00e4hnen ist bei geschlossenem Mund ein Spalt von mehr als 4 Millimetern<\/span><\/li>\n<li><span style=\"color: #333333;\">Extremer Tiefbiss mit Einbiss der unteren Schneidez\u00e4hne in den Gaumen<\/span><\/li>\n<li><span style=\"color: #333333;\">Seitlicher oder frontaler Kreuzbiss mit Zwangsf\u00fchrung des Unterkiefers<\/span><\/li>\n<li><span style=\"color: #333333;\">Vollst\u00e4ndiger Au\u00dfen- oder Innenstand von Z\u00e4hnen mit Zwangsbiss<\/span><\/li>\n<\/ul>\n\n\t\t<\/div>\n\t<\/div>\n<div class=\"vc_empty_space\"   style=\"height: 32px\"><span class=\"vc_empty_space_inner\"><\/span><\/div><a href=\"http:\/\/www.dr-majdani.de\/en\/kontakt\/\" target=\"_self\"  class=\"edgtf-btn edgtf-btn-large edgtf-btn-outline\"  >\n    <span class=\"edgtf-btn-text\">Kontaktieren Sie uns<\/span><\/a><\/div><\/div><\/div><\/div><\/div><div class=\"vc_row wpb_row vc_row-fluid edgtf-section edgtf-content-aligment-left\" style=\"\"><div class=\"clearfix edgtf-full-section-inner\"><div class=\"wpb_column vc_column_container vc_col-sm-12\"><div class=\"vc_column-inner\"><div class=\"wpb_wrapper\"><div class=\"vc_empty_space\"   style=\"height: 120px\"><span class=\"vc_empty_space_inner\"><\/span><\/div><\/div><\/div><\/div><\/div><\/div>","protected":false},"excerpt":{"rendered":"Fr\u00fchbehandlung Eine kieferorthop\u00e4dische Behandlung beginnt meist zwischen dem 9. und 11. Lebensjahr. Es gibt jedoch drei m\u00f6gliche Gr\u00fcnde, die f\u00fcr eine kieferorthop\u00e4dische Fr\u00fchbehandlung ab dem 4. Lebensjahr sprechen. Eine deutliche Zahn- und Kieferfehlstellung, sch\u00e4dliche Angewohnheiten wie z.B. Daumenlutschen oder ein fr\u00fchzeitiger Verlust von Milchz\u00e4hnen. Zahn-...","protected":false},"author":1,"featured_media":0,"parent":0,"menu_order":0,"comment_status":"closed","ping_status":"closed","template":"full-width.php","meta":{"footnotes":""},"class_list":["post-6300","page","type-page","status-publish","hentry"],"aioseo_notices":[],"_links":{"self":[{"href":"https:\/\/www.dr-majdani.de\/en\/wp-json\/wp\/v2\/pages\/6300","targetHints":{"allow":["GET"]}}],"collection":[{"href":"https:\/\/www.dr-majdani.de\/en\/wp-json\/wp\/v2\/pages"}],"about":[{"href":"https:\/\/www.dr-majdani.de\/en\/wp-json\/wp\/v2\/types\/page"}],"author":[{"embeddable":true,"href":"https:\/\/www.dr-majdani.de\/en\/wp-json\/wp\/v2\/users\/1"}],"replies":[{"embeddable":true,"href":"https:\/\/www.dr-majdani.de\/en\/wp-json\/wp\/v2\/comments?post=6300"}],"version-history":[{"count":0,"href":"https:\/\/www.dr-majdani.de\/en\/wp-json\/wp\/v2\/pages\/6300\/revisions"}],"wp:attachment":[{"href":"https:\/\/www.dr-majdani.de\/en\/wp-json\/wp\/v2\/media?parent=6300"}],"curies":[{"name":"wp","href":"https:\/\/api.w.org\/{rel}","templated":true}]}}