{"id":6299,"date":"2018-06-29T08:22:05","date_gmt":"2018-06-29T08:22:05","guid":{"rendered":"http:\/\/www.dr-majdani.de\/?page_id=5622"},"modified":"2020-07-06T14:29:12","modified_gmt":"2020-07-06T12:29:12","slug":"wechselgebiss","status":"publish","type":"page","link":"https:\/\/www.dr-majdani.de\/en\/wechselgebiss\/","title":{"rendered":"Mixed dentition"},"content":{"rendered":"<div class=\"vc_row wpb_row vc_row-fluid edgtf-section vc_custom_1530791180740 edgtf-content-aligment-left\" style=\"\"><div class=\"clearfix edgtf-full-section-inner\"><div class=\"wpb_column vc_column_container vc_col-sm-12 vc_col-lg-offset-1 vc_col-lg-4\/5\"><div class=\"vc_column-inner\"><div class=\"wpb_wrapper\">\n\t<div class=\"wpb_text_column wpb_content_element\" >\n\t\t<div class=\"wpb_wrapper\">\n\t\t\t<p><span style=\"color: #333333;\">In der Wechselgebissphase, werden Milchz\u00e4hne durch nachkommende bleibende Z\u00e4hne ersetzt. Im Rahmen unserer ganzheitlich orientierten Kieferorthop\u00e4die erfolgen therapeutische Ma\u00dfnahmen in der Regel mit herausnehmbaren Zahnspangen, diese machen sich das nat\u00fcrliche Wachstum Ihres Kindes zunutze. Durch eine rechtzeitige Behandlungsma\u00dfnahme k\u00f6nnen Fehlstellungen in ihrer Entwicklung verhindert oder reduziert werden.<\/span><br \/>\n<span style=\"color: #333333;\">Die biologische Harmonisierung der Kiefer in Verbindung mit der optimalen Einstellung der Verzahnung erh\u00f6ht die Stabilit\u00e4t des Gebiss-Systems Ihres Kindes, auf lange Sicht.<\/span><\/p>\n<h3><span style=\"color: #333333;\">Zu den h\u00e4ufigsten Ma\u00dfnhamen z\u00e4hlen hierbei:<\/span><\/h3>\n<ul>\n<li><span style=\"color: #333333;\">mehr Platz f\u00fcr die nachfolgenden Z\u00e4hne schaffen<\/span><\/li>\n<li><span style=\"color: #333333;\">gekippte Z\u00e4hne wieder in die Zahnreihe einordnen<\/span><\/li>\n<li><span style=\"color: #333333;\">Korrekturen von generellen Kieferfehlstellungen einleiten<\/span><\/li>\n<\/ul>\n\n\t\t<\/div>\n\t<\/div>\n\n\t<div class=\"wpb_text_column wpb_content_element\" >\n\t\t<div class=\"wpb_wrapper\">\n\t\t\t\n\t\t<\/div>\n\t<\/div>\n<div class=\"vc_empty_space\"   style=\"height: 32px\"><span class=\"vc_empty_space_inner\"><\/span><\/div><a href=\"http:\/\/www.dr-majdani.de\/en\/kontakt\/\" target=\"_self\"  class=\"edgtf-btn edgtf-btn-large edgtf-btn-outline\"  >\n    <span class=\"edgtf-btn-text\">Kontaktieren Sie uns<\/span><\/a><\/div><\/div><\/div><\/div><\/div><div class=\"vc_row wpb_row vc_row-fluid edgtf-section edgtf-content-aligment-left\" style=\"\"><div class=\"clearfix edgtf-full-section-inner\"><div class=\"wpb_column vc_column_container vc_col-sm-12\"><div class=\"vc_column-inner\"><div class=\"wpb_wrapper\"><div class=\"vc_empty_space\"   style=\"height: 120px\"><span class=\"vc_empty_space_inner\"><\/span><\/div><\/div><\/div><\/div><\/div><\/div>","protected":false},"excerpt":{"rendered":"In der Wechselgebissphase, werden Milchz\u00e4hne durch nachkommende bleibende Z\u00e4hne ersetzt. Im Rahmen unserer ganzheitlich orientierten Kieferorthop\u00e4die erfolgen therapeutische Ma\u00dfnahmen in der Regel mit herausnehmbaren Zahnspangen, diese machen sich das nat\u00fcrliche Wachstum Ihres Kindes zunutze. Durch eine rechtzeitige Behandlungsma\u00dfnahme k\u00f6nnen Fehlstellungen in ihrer Entwicklung verhindert oder...","protected":false},"author":1,"featured_media":0,"parent":0,"menu_order":0,"comment_status":"closed","ping_status":"closed","template":"full-width.php","meta":{"footnotes":""},"class_list":["post-6299","page","type-page","status-publish","hentry"],"aioseo_notices":[],"_links":{"self":[{"href":"https:\/\/www.dr-majdani.de\/en\/wp-json\/wp\/v2\/pages\/6299","targetHints":{"allow":["GET"]}}],"collection":[{"href":"https:\/\/www.dr-majdani.de\/en\/wp-json\/wp\/v2\/pages"}],"about":[{"href":"https:\/\/www.dr-majdani.de\/en\/wp-json\/wp\/v2\/types\/page"}],"author":[{"embeddable":true,"href":"https:\/\/www.dr-majdani.de\/en\/wp-json\/wp\/v2\/users\/1"}],"replies":[{"embeddable":true,"href":"https:\/\/www.dr-majdani.de\/en\/wp-json\/wp\/v2\/comments?post=6299"}],"version-history":[{"count":0,"href":"https:\/\/www.dr-majdani.de\/en\/wp-json\/wp\/v2\/pages\/6299\/revisions"}],"wp:attachment":[{"href":"https:\/\/www.dr-majdani.de\/en\/wp-json\/wp\/v2\/media?parent=6299"}],"curies":[{"name":"wp","href":"https:\/\/api.w.org\/{rel}","templated":true}]}}