{"id":6296,"date":"2018-05-22T10:32:59","date_gmt":"2018-05-22T10:32:59","guid":{"rendered":"http:\/\/www.dr-majdani.de\/?page_id=5535"},"modified":"2025-04-11T15:42:25","modified_gmt":"2025-04-11T13:42:25","slug":"invisalign","status":"publish","type":"page","link":"https:\/\/www.dr-majdani.de\/en\/invisalign\/","title":{"rendered":"Invisalign\u00ae Hannover"},"content":{"rendered":"<div class=\"vc_row wpb_row vc_row-fluid edgtf-section vc_custom_1585501813643 edgtf-content-aligment-left\" style=\"\"><div class=\"clearfix edgtf-full-section-inner\"><div class=\"wpb_column vc_column_container vc_col-sm-12 vc_col-lg-offset-1 vc_col-lg-4\/5\"><div class=\"vc_column-inner\"><div class=\"wpb_wrapper\">\n\t<div class=\"wpb_text_column wpb_content_element\" >\n\t\t<div class=\"wpb_wrapper\">\n\t\t\t<div class=\"btText\">\n<h3>The discreet alternative to braces<\/h3>\n<h1>INVISALIGN\u00ae<\/h1>\n<h2>transparent, convenient and effective<\/h2>\n<p>Do you want straight, beautiful teeth but don't want to wear visible braces? Invisalign aligners offer a discreet and comfortable solution for work, everyday life, and leisure. They're suitable not only for adults but also for children and teenagers.<\/p>\n<p>The transparent aligners are custom-made for you and are virtually invisible when worn. They can be removed and reinserted as needed.<\/p>\n<p>Our practice in Hanover specializes in treatment with Invisalign aligners and has years of experience as a certified Invisalign practitioner.<\/p>\n<\/div>\n<p><video poster=\"https:\/\/www.dr-majdani.de\/wp-content\/uploads\/2022\/09\/invis.png\" controls=\"controls\" width=\"368\" height=\"216\"><source src=\"https:\/\/www.dr-majdani.de\/wp-content\/uploads\/2022\/09\/Invisalign-Hannover.mp4\" type=\"video\/mp4\" \/>Your browser does not support the video tag.<\/video><\/p>\n\n\t\t<\/div>\n\t<\/div>\n<div class=\"vc_empty_space\"   style=\"height: 32px\"><span class=\"vc_empty_space_inner\"><\/span><\/div>\n\t<div class=\"wpb_text_column wpb_content_element\" >\n\t\t<div class=\"wpb_wrapper\">\n\t\t\t\n\t\t<\/div>\n\t<\/div>\n<\/div><\/div><\/div><div class=\"wpb_column vc_column_container vc_col-sm-12\"><div class=\"vc_column-inner\"><div class=\"wpb_wrapper\"><div data-edgtf-parallax-speed=\"1\" class=\"vc_row wpb_row vc_inner vc_row-fluid edgtf-section vc_custom_1664191391690 edgtf-content-aligment-left\" style=\"\"><div class=\"edgtf-full-section-inner\"><div class=\"wpb_column vc_column_container vc_col-sm-12 vc_col-lg-offset-1 vc_col-lg-4\/5\"><div class=\"vc_column-inner\"><div class=\"wpb_wrapper\">\n\t<div class=\"wpb_text_column wpb_content_element  vc_custom_1664191010792\" >\n\t\t<div class=\"wpb_wrapper\">\n\t\t\t<h3>\u201cI never thought my teeth would look so beautiful\u201d<\/h3>\n<p>\"The long treatment time was truly worth it! I never would have imagined my teeth would look so beautiful. Furthermore, the dental treatment with Invisalign aligners was very pleasant for me, not to mention that I always felt very comfortable in your practice anyway! Everyone was always very friendly and, above all, patient with me. I would like to thank you and your team once again, and I'm glad we found our way to your practice back then!\" <strong>Sonja, 19 years old<\/strong><\/p>\n\n\t\t<\/div>\n\t<\/div>\n<\/div><\/div><\/div><\/div><\/div><div data-edgtf-parallax-speed=\"1\" class=\"vc_row wpb_row vc_inner vc_row-fluid edgtf-section edgtf-content-aligment-left\" style=\"\"><div class=\"edgtf-full-section-inner\"><div class=\"wpb_column vc_column_container vc_col-sm-12 vc_col-lg-offset-1 vc_col-lg-4\/5\"><div class=\"vc_column-inner\"><div class=\"wpb_wrapper\"><div class=\"vc_empty_space\"   style=\"height: 22px\"><span class=\"vc_empty_space_inner\"><\/span><\/div><div class=\"vc_empty_space\"   style=\"height: 32px\"><span class=\"vc_empty_space_inner\"><\/span><\/div>\n\t<div class=\"wpb_text_column wpb_content_element\" >\n\t\t<div class=\"wpb_wrapper\">\n\t\t\t<div id=\"behandlung\"><\/div>\n<h2>How does Invisalign treatment work?<\/h2>\n<p>As a certified Invisalign partner, we guide you to straight teeth in just 3 steps<\/p>\n\n\t\t<\/div>\n\t<\/div>\n<\/div><\/div><\/div><\/div><\/div><div data-edgtf-parallax-speed=\"1\" class=\"vc_row wpb_row vc_inner vc_row-fluid edgtf-section edgtf-content-aligment-left\" style=\"\"><div class=\"edgtf-full-section-inner\"><div class=\"wpb_column vc_column_container vc_col-sm-2 vc_col-lg-offset-1\"><div class=\"vc_column-inner\"><div class=\"wpb_wrapper\">\n\t<div  class=\"wpb_single_image wpb_content_element vc_align_left\">\n\t\t\n\t\t<figure class=\"wpb_wrapper vc_figure\">\n\t\t\t<div class=\"vc_single_image-wrapper vc_box_circle  vc_box_border_grey\"><img loading=\"lazy\" decoding=\"async\" width=\"150\" height=\"150\" src=\"https:\/\/www.dr-majdani.de\/wp-content\/uploads\/2020\/06\/intraoral2-1-S-e1585317040643-150x150.jpg\" class=\"vc_single_image-img attachment-thumbnail\" alt=\"\" title=\"intraoral2-1-S-e1585317040643\" srcset=\"https:\/\/www.dr-majdani.de\/wp-content\/uploads\/2020\/06\/intraoral2-1-S-e1585317040643-150x150.jpg 150w, https:\/\/www.dr-majdani.de\/wp-content\/uploads\/2020\/06\/intraoral2-1-S-e1585317040643-300x300.jpg 300w, https:\/\/www.dr-majdani.de\/wp-content\/uploads\/2020\/06\/intraoral2-1-S-e1585317040643.jpg 500w\" sizes=\"auto, (max-width: 150px) 100vw, 150px\" \/><\/div>\n\t\t<\/figure>\n\t<\/div>\n<\/div><\/div><\/div><div class=\"wpb_column vc_column_container vc_col-sm-8\"><div class=\"vc_column-inner\"><div class=\"wpb_wrapper\">\n\t<div class=\"wpb_text_column wpb_content_element\" >\n\t\t<div class=\"wpb_wrapper\">\n\t\t\t<h3>Step 1 \u2013 Plan your new smile with us<\/h3>\n<p>If you are eligible for treatment with Invisalign aligners, we will first undergo a precise digital diagnosis. Using an intraoral scanner, we create a 3D scan of your teeth. Together, we will then develop a customized treatment plan that takes your personal wishes and needs into account. Thanks to our special planning software, we can present you with a preview of your new smile right away. Before treatment begins, you will also receive a cost estimate and, if desired, a customized installment plan.<\/p>\n\n\t\t<\/div>\n\t<\/div>\n<\/div><\/div><\/div><\/div><\/div><div data-edgtf-parallax-speed=\"1\" class=\"vc_row wpb_row vc_inner vc_row-fluid edgtf-section edgtf-content-aligment-left\" style=\"\"><div class=\"edgtf-full-section-inner\"><div class=\"wpb_column vc_column_container vc_col-sm-2 vc_col-lg-offset-1\"><div class=\"vc_column-inner\"><div class=\"wpb_wrapper\">\n\t<div  class=\"wpb_single_image wpb_content_element vc_align_left\">\n\t\t\n\t\t<figure class=\"wpb_wrapper vc_figure\">\n\t\t\t<div class=\"vc_single_image-wrapper vc_box_circle  vc_box_border_grey\"><img loading=\"lazy\" decoding=\"async\" width=\"150\" height=\"150\" src=\"https:\/\/www.dr-majdani.de\/wp-content\/uploads\/2022\/09\/invisalign3-150x150.jpg\" class=\"vc_single_image-img attachment-thumbnail\" alt=\"\" title=\"invisalign3\" srcset=\"https:\/\/www.dr-majdani.de\/wp-content\/uploads\/2022\/09\/invisalign3-150x150.jpg 150w, https:\/\/www.dr-majdani.de\/wp-content\/uploads\/2022\/09\/invisalign3.jpg 300w\" sizes=\"auto, (max-width: 150px) 100vw, 150px\" \/><\/div>\n\t\t<\/figure>\n\t<\/div>\n<\/div><\/div><\/div><div class=\"wpb_column vc_column_container vc_col-sm-8\"><div class=\"vc_column-inner\"><div class=\"wpb_wrapper\">\n\t<div class=\"wpb_text_column wpb_content_element\" >\n\t\t<div class=\"wpb_wrapper\">\n\t\t\t<h3>Step 2 \u2013 From the first aligner fitting to everyday life<\/h3>\n<p>Your transparent Invisalign aligners for teeth straightening are custom-made for you. Their perfect fit is crucial to the success of your treatment. Therefore, we check that your aligners are fitting well at the beginning and at regular intervals of 6 to 8 weeks. By comparison, with conventional braces you usually have to visit the orthodontist's office for a check-up every 4 weeks. You should wear the aligners for around 22 hours a day and change them yourself every 1 to 2 weeks. A colored signal system shows you when the next aligner should be used. The transparent Smart Track material of the aligners is impressive: With gentle pressure, your teeth are gradually corrected. Using the mobile Invisalign app for smartphones, you can schedule appointments and track your personal treatment progress at any time.<\/p>\n\n\t\t<\/div>\n\t<\/div>\n<\/div><\/div><\/div><\/div><\/div><div data-edgtf-parallax-speed=\"1\" class=\"vc_row wpb_row vc_inner vc_row-fluid edgtf-section edgtf-content-aligment-left\" style=\"\"><div class=\"edgtf-full-section-inner\"><div class=\"wpb_column vc_column_container vc_col-sm-2 vc_col-lg-offset-1\"><div class=\"vc_column-inner\"><div class=\"wpb_wrapper\">\n\t<div  class=\"wpb_single_image wpb_content_element vc_align_left\">\n\t\t\n\t\t<figure class=\"wpb_wrapper vc_figure\">\n\t\t\t<div class=\"vc_single_image-wrapper vc_box_circle  vc_box_border_grey\"><img loading=\"lazy\" decoding=\"async\" width=\"150\" height=\"150\" src=\"https:\/\/www.dr-majdani.de\/wp-content\/uploads\/2022\/09\/invisalign-2-150x150.jpg\" class=\"vc_single_image-img attachment-thumbnail\" alt=\"\" title=\"invisalign-2\" srcset=\"https:\/\/www.dr-majdani.de\/wp-content\/uploads\/2022\/09\/invisalign-2-150x150.jpg 150w, https:\/\/www.dr-majdani.de\/wp-content\/uploads\/2022\/09\/invisalign-2.jpg 300w\" sizes=\"auto, (max-width: 150px) 100vw, 150px\" \/><\/div>\n\t\t<\/figure>\n\t<\/div>\n<\/div><\/div><\/div><div class=\"wpb_column vc_column_container vc_col-sm-8\"><div class=\"vc_column-inner\"><div class=\"wpb_wrapper\">\n\t<div class=\"wpb_text_column wpb_content_element\" >\n\t\t<div class=\"wpb_wrapper\">\n\t\t\t<h3>Step 3 \u2013 Maintain your new smile<\/h3>\n<p>Most patients notice a change in their teeth after just three months. The first results are usually visible after just six months. And your Invisalign treatment is completed much faster than with conventional braces, with treatment lasting as little as 12 to 18 months. Our invisible retainers for the inside of the teeth help to ensure the permanent correction of your teeth. Our retainers are also custom-made for you and are significantly more robust and durable than conventional braces.<\/p>\n\n\t\t<\/div>\n\t<\/div>\n<\/div><\/div><\/div><div class=\"wpb_column vc_column_container vc_col-sm-12\"><div class=\"vc_column-inner\"><div class=\"wpb_wrapper\"><a href=\"#\" target=\"_self\" style=\"font-size: 14px\" class=\"edgtf-btn edgtf-btn-small edgtf-btn-outline float-right appointment\"  >\n    <span class=\"edgtf-btn-text\">Book an appointment<\/span><\/a><div class=\"vc_empty_space\"   style=\"height: 52px\"><span class=\"vc_empty_space_inner\"><\/span><\/div>\n\t<div class=\"wpb_text_column wpb_content_element\" >\n\t\t<div class=\"wpb_wrapper\">\n\t\t\t<p style=\"text-align: right;\">\n    <span class=\"edgtf-icon-shortcode normal\" style=\"margin: 2px\" data-color=\"#000\">\n        \n        <i class=\"edgtf-icon-font-awesome fa fa-mobile edgtf-icon-element\" style=\"color: #000;font-size:35px\" ><\/i>\n            <\/span>\n\n \u00a0<a href=\"tel:0511511628\">0511 51 16 28<\/a><\/p>\n<p style=\"text-align: right;\">\n    <span class=\"edgtf-icon-shortcode normal edgtf-icon-tiny\"  data-color=\"#000\">\n        \n        <i class=\"edgtf-icon-font-awesome fa fa-envelope edgtf-icon-element\" style=\"color: #000\" ><\/i>\n            <\/span>\n\n<a href=\"mailto:info@dr-majdani.de\">info@dr-majdani.de<\/a><\/p>\n\n\t\t<\/div>\n\t<\/div>\n<\/div><\/div><\/div><\/div><\/div><div class=\"vc_empty_space\"   style=\"height: 32px\"><span class=\"vc_empty_space_inner\"><\/span><\/div><div data-edgtf-parallax-speed=\"1\" class=\"vc_row wpb_row vc_inner vc_row-fluid edgtf-section vc_custom_1664191391690 edgtf-content-aligment-left\" style=\"\"><div class=\"edgtf-full-section-inner\"><div class=\"wpb_column vc_column_container vc_col-sm-12 vc_col-lg-offset-1 vc_col-lg-4\/5\"><div class=\"vc_column-inner\"><div class=\"wpb_wrapper\">\n\t<div class=\"wpb_text_column wpb_content_element  vc_custom_1665049004752\" >\n\t\t<div class=\"wpb_wrapper\">\n\t\t\t<h3>\u201cIf I had known how easy it would be to straighten my teeth with the braces, I would have started much earlier.\u201d<\/h3>\n<p>\"I had Invisalign aligners for my upper and lower jaw for about 1.5 years and am absolutely satisfied with the results. You get used to the aligners very quickly. I didn't have any speech problems from the start. The aligners are truly (almost) invisible. I'm glad I had the treatment. If I'd known how easy it would be to straighten my teeth with the aligners, I would have started much sooner.\" <strong>Rolf, 62 years old<\/strong><\/p>\n\n\t\t<\/div>\n\t<\/div>\n<\/div><\/div><\/div><\/div><\/div><div data-edgtf-parallax-speed=\"1\" class=\"vc_row wpb_row vc_inner vc_row-fluid edgtf-section edgtf-content-aligment-left\" style=\"\"><div class=\"edgtf-full-section-inner\"><div class=\"wpb_column vc_column_container vc_col-sm-12 vc_col-lg-offset-1 vc_col-lg-4\/5\"><div class=\"vc_column-inner\"><div class=\"wpb_wrapper\"><div class=\"vc_empty_space\"   style=\"height: 32px\"><span class=\"vc_empty_space_inner\"><\/span><\/div>\n\t<div class=\"wpb_text_column wpb_content_element\" >\n\t\t<div class=\"wpb_wrapper\">\n\t\t\t<div id=\"vorteile\"><\/div>\n<h3>What are the advantages of Invisalign aligners compared to other dental braces?<\/h3>\n<p>Treatment with Invisalign aligners is uncomplicated, practical, and effective. The transparent aligners can be easily removed for eating or brushing. Check-ups are only required every 6 to 8 weeks, instead of every 4 weeks as with conventional braces. Important, especially for children: If an Invisalign aligner gets lost, you simply receive a new set. Invisalign aligners enable both simple and extensive tooth alignment and are suitable for all ages: for those with a full dentition as well as a mixture of baby teeth and permanent teeth. The patented SmartTrack material corrects the position of your teeth in small increments with gentle pressure. However, treatment is faster than with conventional braces: many people see and feel an improvement after just 3 to 6 months. The average treatment time is only 12 to 18 months.<\/p>\n\n\t\t<\/div>\n\t<\/div>\n\n\t<div class=\"wpb_text_column wpb_content_element\" >\n\t\t<div class=\"wpb_wrapper\">\n\t\t\t<div id=\"kosten\"><\/div>\n<h3>How much does Invisalign treatment cost?<\/h3>\n<p>The cost of straightening your teeth with Invisalign aligners depends on the type of misalignment you have, the duration of treatment required, and your personal correction needs.<\/p>\n<p>Before treatment begins, we will provide you with a binding cost estimate. Upon request, we will be happy to create a personalized financing plan for you to spread the treatment costs over smaller installments.<\/p>\n\n\t\t<\/div>\n\t<\/div>\n\n\t<div class=\"wpb_text_column wpb_content_element\" >\n\t\t<div class=\"wpb_wrapper\">\n\t\t\t<h3>Will my health insurance cover the costs of Invisalign treatment?<\/h3>\n<p>Some private health insurance companies now cover the costs of Invisalign aligners. Information about coverage or possible subsidies can be obtained from your insurance company. Please contact us if you need assistance with your reimbursement application. Statutory health insurance (GKV) does not cover these services.<\/p>\n\n\t\t<\/div>\n\t<\/div>\n<\/div><\/div><\/div><\/div><\/div><a href=\"#\" target=\"_self\" style=\"font-size: 14px\" class=\"edgtf-btn edgtf-btn-small edgtf-btn-outline float-right appointment\"  >\n    <span class=\"edgtf-btn-text\">Book an appointment<\/span><\/a><div class=\"vc_empty_space\"   style=\"height: 52px\"><span class=\"vc_empty_space_inner\"><\/span><\/div>\n\t<div class=\"wpb_text_column wpb_content_element\" >\n\t\t<div class=\"wpb_wrapper\">\n\t\t\t<p style=\"text-align: right;\">\n    <span class=\"edgtf-icon-shortcode normal\" style=\"margin: 2px\" data-color=\"#000\">\n        \n        <i class=\"edgtf-icon-font-awesome fa fa-mobile edgtf-icon-element\" style=\"color: #000;font-size:35px\" ><\/i>\n            <\/span>\n\n \u00a0<a href=\"tel:0511511628\">0511 51 16 28<\/a><\/p>\n<p style=\"text-align: right;\">\n    <span class=\"edgtf-icon-shortcode normal edgtf-icon-tiny\"  data-color=\"#000\">\n        \n        <i class=\"edgtf-icon-font-awesome fa fa-envelope edgtf-icon-element\" style=\"color: #000\" ><\/i>\n            <\/span>\n\n<a href=\"mailto:info@dr-majdani.de\">info@dr-majdani.de<\/a><\/p>\n\n\t\t<\/div>\n\t<\/div>\n<\/div><\/div><\/div><\/div><\/div><div class=\"vc_row wpb_row vc_row-fluid edgtf-section vc_custom_1663074729639 edgtf-content-aligment-left\" style=\"\"><div class=\"clearfix edgtf-full-section-inner\"><div class=\"smallp wpb_column vc_column_container vc_col-sm-3\"><div class=\"vc_column-inner vc_custom_1663687363733\"><div class=\"wpb_wrapper\">\n\t<div class=\"wpb_text_column wpb_content_element\" >\n\t\t<div class=\"wpb_wrapper\">\n\t\t\t<h4>Dr. Aleksandra Majdani<\/h4>\n<p><span style=\"color: #000000;\">Tiergartenstr. 130, 30559 Hannover<\/span><\/p>\n<p>\n    <span class=\"edgtf-icon-shortcode normal\" style=\"margin: 2px\" data-color=\"#000\">\n        \n        <i class=\"edgtf-icon-font-awesome fa fa-mobile edgtf-icon-element\" style=\"color: #000;font-size:35px\" ><\/i>\n            <\/span>\n\n <a href=\"tel:+49511511628\">+49 (0) 511 51 16 28<\/a><\/p>\n<p>\n    <span class=\"edgtf-icon-shortcode normal edgtf-icon-tiny\"  data-color=\"#000\">\n        \n        <i class=\"edgtf-icon-font-awesome fa fa-envelope edgtf-icon-element\" style=\"color: #000\" ><\/i>\n            <\/span>\n\n<a href=\"mailto:invisalign@dr-majdani.de\">info@dr-majdani.de<\/a><\/p>\n<p><strong>Mon<\/strong> 09:00\u201312:30 14:00\u201318:00<br \/>\n<strong>Tue\u00a0<\/strong>08:30\u201312:00 13:30\u201318:00<br \/>\n<b>Wed\u00a0<\/b>08:30\u201313:00 13:30\u201317:00<br \/>\n<b>Thu\u00a0<\/b>08:30\u201312:00 14:00\u201318:00<br \/>\n<b>Fri\u00a0<\/b>By appointment<\/p>\n\n\t\t<\/div>\n\t<\/div>\n<\/div><\/div><\/div><div class=\"wpb_column vc_column_container vc_col-sm-9\"><div class=\"vc_column-inner\"><div class=\"wpb_wrapper\">\n\t<div class=\"wpb_raw_code wpb_content_element wpb_raw_html\" >\n\t\t<div class=\"wpb_wrapper\">\n\t\t\t<iframe\n  class=\"cookieconsent-optin-marketing\"\n  width=\"100%\"\n  height=\"330\"\n  frameborder=\"0\" style=\"border:0\"\n  referrerpolicy=\"no-referrer-when-downgrade\"\n  src=\"https:\/\/www.google.com\/maps\/embed\/v1\/place?key=AIzaSyCjV24tXwTSM7FPrP6zv9Gc939v8laWO_s&q=dr+majdani+tiergarten+strasse+130+hannover\"\n  loading=\"lazy\"\n  >\n<\/iframe>\n\t\t<\/div>\n\t<\/div>\n<\/div><\/div><\/div><\/div><\/div>","protected":false},"excerpt":{"rendered":"Die unauff\u00e4llige Alternative zur Zahnspange INVISALIGN\u00ae transparent, bequem und effektiv Sie w\u00fcnschen sich gerade, sch\u00f6ne Z\u00e4hne, m\u00f6chten aber keine sichtbare Zahnspange tragen? Invisalign Zahnschienen bieten Ihnen eine unauff\u00e4llige und bequeme L\u00f6sung f\u00fcr Beruf, Alltag und Freizeit. Sie sind nicht nur f\u00fcr Erwachsene, sondern auch f\u00fcr...","protected":false},"author":1,"featured_media":0,"parent":0,"menu_order":0,"comment_status":"closed","ping_status":"closed","template":"full-width.php","meta":{"footnotes":""},"class_list":["post-6296","page","type-page","status-publish","hentry"],"aioseo_notices":[],"_links":{"self":[{"href":"https:\/\/www.dr-majdani.de\/en\/wp-json\/wp\/v2\/pages\/6296","targetHints":{"allow":["GET"]}}],"collection":[{"href":"https:\/\/www.dr-majdani.de\/en\/wp-json\/wp\/v2\/pages"}],"about":[{"href":"https:\/\/www.dr-majdani.de\/en\/wp-json\/wp\/v2\/types\/page"}],"author":[{"embeddable":true,"href":"https:\/\/www.dr-majdani.de\/en\/wp-json\/wp\/v2\/users\/1"}],"replies":[{"embeddable":true,"href":"https:\/\/www.dr-majdani.de\/en\/wp-json\/wp\/v2\/comments?post=6296"}],"version-history":[{"count":0,"href":"https:\/\/www.dr-majdani.de\/en\/wp-json\/wp\/v2\/pages\/6296\/revisions"}],"wp:attachment":[{"href":"https:\/\/www.dr-majdani.de\/en\/wp-json\/wp\/v2\/media?parent=6296"}],"curies":[{"name":"wp","href":"https:\/\/api.w.org\/{rel}","templated":true}]}}