{"id":6295,"date":"2018-05-22T10:28:46","date_gmt":"2018-05-22T10:28:46","guid":{"rendered":"http:\/\/www.dr-majdani.de\/?page_id=5522"},"modified":"2025-05-12T09:43:58","modified_gmt":"2025-05-12T07:43:58","slug":"erwachsene","status":"publish","type":"page","link":"https:\/\/www.dr-majdani.de\/en\/erwachsene\/","title":{"rendered":"Kieferorthop\u00e4de Hannover f\u00fcr Erwachsene"},"content":{"rendered":"<div class=\"vc_row wpb_row vc_row-fluid edgtf-section edgtf-content-aligment-left\" style=\"\"><div class=\"clearfix edgtf-full-section-inner\"><div class=\"wpb_column vc_column_container vc_col-sm-12\"><div class=\"vc_column-inner\"><div class=\"wpb_wrapper\"><div class=\"vc_empty_space\"   style=\"height: 32px\"><span class=\"vc_empty_space_inner\"><\/span><\/div><\/div><\/div><\/div><\/div><\/div><div class=\"vc_row wpb_row vc_row-fluid edgtf-section vc_custom_1585502002744 edgtf-content-aligment-left\" style=\"\"><div class=\"clearfix edgtf-full-section-inner\"><div class=\"wpb_column vc_column_container vc_col-sm-12 vc_col-lg-offset-1 vc_col-lg-4\/5\"><div class=\"vc_column-inner\"><div class=\"wpb_wrapper\">\n\t<div class=\"wpb_text_column wpb_content_element\" >\n\t\t<div class=\"wpb_wrapper\">\n\t\t\t<h3>Your orthodontist in Hanover for<\/h3>\n<h1>Adults<\/h1>\n<h2>It is never too late for effective orthodontic treatment!<\/h2>\n<p>In orthodontic treatment for adults, aesthetics are not the only priority; rather, the general health and dental health of our patients are our primary focus. Through holistically oriented functional orthodontics, we focus on the entire organism of our patients.<br \/>\nIn our orthodontic practice in Kirchrode, you can expect a high degree of precision, quality, innovative therapy options and the most modern treatments using so-called CAD\/CAM methods by experienced orthodontists.<br \/>\nWe would be happy to advise you in detail in a personal consultation about the treatment methods suitable for your teeth correction or bleaching for noticeably whiter teeth.<\/p>\n\n\t\t<\/div>\n\t<\/div>\n\n\t<div class=\"wpb_text_column wpb_content_element\" >\n\t\t<div class=\"wpb_wrapper\">\n\t\t\t\n\t\t<\/div>\n\t<\/div>\n<\/div><\/div><\/div><\/div><\/div><div class=\"vc_row wpb_row vc_row-fluid edgtf-section vc_custom_1573551464370 edgtf-content-aligment-left\" style=\"\"><div class=\"clearfix edgtf-full-section-inner\"><div class=\"wpb_column vc_column_container vc_col-sm-6 vc_col-lg-offset-1 vc_col-lg-2\/5\"><div class=\"vc_column-inner vc_custom_1585752309469\"><div class=\"wpb_wrapper\">\n\t<div  class=\"wpb_single_image wpb_content_element vc_align_left\">\n\t\t\n\t\t<figure class=\"wpb_wrapper vc_figure\">\n\t\t\t<div class=\"vc_single_image-wrapper   vc_box_border_grey\"><img loading=\"lazy\" decoding=\"async\" width=\"999\" height=\"333\" src=\"https:\/\/www.dr-majdani.de\/wp-content\/uploads\/2021\/02\/s5.jpg\" class=\"vc_single_image-img attachment-full\" alt=\"Erwachsene\" title=\"Adults\" srcset=\"https:\/\/www.dr-majdani.de\/wp-content\/uploads\/2021\/02\/s5.jpg 999w, https:\/\/www.dr-majdani.de\/wp-content\/uploads\/2021\/02\/s5-300x100.jpg 300w, https:\/\/www.dr-majdani.de\/wp-content\/uploads\/2021\/02\/s5-768x256.jpg 768w\" sizes=\"auto, (max-width: 999px) 100vw, 999px\" \/><\/div>\n\t\t<\/figure>\n\t<\/div>\n\n\t<div class=\"wpb_text_column wpb_content_element\" >\n\t\t<div class=\"wpb_wrapper\">\n\t\t\t<h3><a href=\"https:\/\/www.dr-majdani.de\/en\/zahnspange-erwachsene\/\">Braces for adults<\/a><\/h3>\n<p>Healthy, straight teeth look well-groomed and attractive. If you had misaligned teeth that weren't corrected as a child or only appeared in adulthood, we're guaranteed to find the right solution for you at our orthodontic practice in Hannover Kirchrode.<\/p>\n<p><a href=\"https:\/\/www.dr-majdani.de\/en\/zahnspange-erwachsene\/\"><span style=\"color: #0000ff;\">Learn more<\/span><\/a><\/p>\n\n\t\t<\/div>\n\t<\/div>\n<\/div><\/div><\/div><div class=\"wpb_column vc_column_container vc_col-sm-6 vc_col-lg-2\/5\"><div class=\"vc_column-inner vc_custom_1585752315532\"><div class=\"wpb_wrapper\">\n\t<div  class=\"wpb_single_image wpb_content_element vc_align_left\">\n\t\t\n\t\t<figure class=\"wpb_wrapper vc_figure\">\n\t\t\t<div class=\"vc_single_image-wrapper   vc_box_border_grey\"><img loading=\"lazy\" decoding=\"async\" width=\"1000\" height=\"333\" src=\"https:\/\/www.dr-majdani.de\/wp-content\/uploads\/2024\/02\/invisalign.jpg\" class=\"vc_single_image-img attachment-full\" alt=\"Invisalign Hannover\" title=\"Invisalign Hannover\" srcset=\"https:\/\/www.dr-majdani.de\/wp-content\/uploads\/2024\/02\/invisalign.jpg 1000w, https:\/\/www.dr-majdani.de\/wp-content\/uploads\/2024\/02\/invisalign-300x100.jpg 300w, https:\/\/www.dr-majdani.de\/wp-content\/uploads\/2024\/02\/invisalign-768x256.jpg 768w\" sizes=\"auto, (max-width: 1000px) 100vw, 1000px\" \/><\/div>\n\t\t<\/figure>\n\t<\/div>\n\n\t<div class=\"wpb_text_column wpb_content_element\" >\n\t\t<div class=\"wpb_wrapper\">\n\t\t\t<h3><a href=\"https:\/\/www.dr-majdani.de\/en\/invisalign\/\">Invisalign<\/a><\/h3>\n<p>Do you want straight, beautiful teeth but don't want to wear visible braces? Invisalign aligners offer a discreet and comfortable solution for work, everyday life, and leisure. They're suitable not only for adults but also for children and teenagers.<\/p>\n<p><a href=\"https:\/\/www.dr-majdani.de\/en\/invisalign\/\"><span style=\"color: #0000ff;\">Learn more<\/span><\/a><\/p>\n\n\t\t<\/div>\n\t<\/div>\n<\/div><\/div><\/div><\/div><\/div><div class=\"vc_row wpb_row vc_row-fluid edgtf-section vc_custom_1572870110022 edgtf-content-aligment-left\" style=\"\"><div class=\"clearfix edgtf-full-section-inner\"><div class=\"wpb_column vc_column_container vc_col-sm-6 vc_col-lg-offset-1 vc_col-lg-2\/5\"><div class=\"vc_column-inner vc_custom_1585752326785\"><div class=\"wpb_wrapper\">\n\t<div  class=\"wpb_single_image wpb_content_element vc_align_left\">\n\t\t\n\t\t<figure class=\"wpb_wrapper vc_figure\">\n\t\t\t<div class=\"vc_single_image-wrapper   vc_box_border_grey\"><img loading=\"lazy\" decoding=\"async\" width=\"999\" height=\"333\" src=\"https:\/\/www.dr-majdani.de\/wp-content\/uploads\/2021\/02\/s7.jpg\" class=\"vc_single_image-img attachment-full\" alt=\"Philips Zoom\" title=\"Philips Zoom\" srcset=\"https:\/\/www.dr-majdani.de\/wp-content\/uploads\/2021\/02\/s7.jpg 999w, https:\/\/www.dr-majdani.de\/wp-content\/uploads\/2021\/02\/s7-300x100.jpg 300w, https:\/\/www.dr-majdani.de\/wp-content\/uploads\/2021\/02\/s7-768x256.jpg 768w\" sizes=\"auto, (max-width: 999px) 100vw, 999px\" \/><\/div>\n\t\t<\/figure>\n\t<\/div>\n\n\t<div class=\"wpb_text_column wpb_content_element\" >\n\t\t<div class=\"wpb_wrapper\">\n\t\t\t<h3><a href=\"https:\/\/www.dr-majdani.de\/en\/philips-zoom\/\">Philips Zoom Bleaching<\/a><\/h3>\n<p>Gentle tooth whitening is carried out under professional supervision according to the latest scientific standards in your orthodontic specialist dental practice in Hanover.<\/p>\n<p><a href=\"https:\/\/www.dr-majdani.de\/en\/philips-zoom\/\"><span style=\"color: #0000ff;\">Learn more<\/span><\/a><\/p>\n\n\t\t<\/div>\n\t<\/div>\n<\/div><\/div><\/div><div class=\"wpb_column vc_column_container vc_col-sm-6 vc_col-lg-2\/5\"><div class=\"vc_column-inner vc_custom_1585752333988\"><div class=\"wpb_wrapper\">\n\t<div  class=\"wpb_single_image wpb_content_element vc_align_left\">\n\t\t\n\t\t<figure class=\"wpb_wrapper vc_figure\">\n\t\t\t<div class=\"vc_single_image-wrapper   vc_box_border_grey\"><img loading=\"lazy\" decoding=\"async\" width=\"999\" height=\"333\" src=\"https:\/\/www.dr-majdani.de\/wp-content\/uploads\/2021\/02\/s6.jpg\" class=\"vc_single_image-img attachment-full\" alt=\"Jugendliche\" title=\"Youth\" srcset=\"https:\/\/www.dr-majdani.de\/wp-content\/uploads\/2021\/02\/s6.jpg 999w, https:\/\/www.dr-majdani.de\/wp-content\/uploads\/2021\/02\/s6-300x100.jpg 300w, https:\/\/www.dr-majdani.de\/wp-content\/uploads\/2021\/02\/s6-768x256.jpg 768w\" sizes=\"auto, (max-width: 999px) 100vw, 999px\" \/><\/div>\n\t\t<\/figure>\n\t<\/div>\n\n\t<div class=\"wpb_text_column wpb_content_element\" >\n\t\t<div class=\"wpb_wrapper\">\n\t\t\t<h3><a href=\"https:\/\/www.dr-majdani.de\/en\/lingualtechnik\/\">Lingual braces<\/a><\/h3>\n<p>Lingual braces are fixed braces that are attached to the inside of the teeth. They are also called \"invisible braces\" because they are unnoticeable when speaking or laughing.<\/p>\n<p><a href=\"https:\/\/www.dr-majdani.de\/en\/lingualtechnik\/\"><span style=\"color: #0000ff;\">Learn more<\/span><\/a><\/p>\n\n\t\t<\/div>\n\t<\/div>\n<\/div><\/div><\/div><\/div><\/div><div class=\"vc_row wpb_row vc_row-fluid edgtf-section vc_custom_1573551508265 edgtf-content-aligment-left\" style=\"\"><div class=\"clearfix edgtf-full-section-inner\"><div class=\"wpb_column vc_column_container vc_col-sm-6 vc_col-lg-offset-1 vc_col-lg-2\/5\"><div class=\"vc_column-inner vc_custom_1585752342324\"><div class=\"wpb_wrapper\">\n\t<div class=\"wpb_text_column wpb_content_element\" >\n\t\t<div class=\"wpb_wrapper\">\n\t\t\t<h3>SureSmile-Ortho<\/h3>\n<p>The SureSmile Ortho Aligner System is ideal for minor adjustments. The setup can be completed very quickly after the digital assessment in the practice. Each treatment step is printed on our in-house 3D printer, and the transparent aligners are manufactured directly in our in-house laboratory in Hannover Kirchrode.<\/p>\n\n\t\t<\/div>\n\t<\/div>\n<\/div><\/div><\/div><div class=\"wpb_column vc_column_container vc_col-sm-6 vc_col-lg-2\/5\"><div class=\"vc_column-inner vc_custom_1585752349364\"><div class=\"wpb_wrapper\">\n\t<div class=\"wpb_text_column wpb_content_element\" >\n\t\t<div class=\"wpb_wrapper\">\n\t\t\t<h3>Retainer<\/h3>\n<p>Teeth move throughout life. To maintain the desired results, we recommend that our patients wear a bonded, invisible retainer after orthodontic treatment, which ensures long-term retention of the teeth.<\/p>\n\n\t\t<\/div>\n\t<\/div>\n<\/div><\/div><\/div><\/div><\/div><div class=\"vc_row wpb_row vc_row-fluid edgtf-section vc_custom_1572870110022 edgtf-content-aligment-left\" style=\"\"><div class=\"clearfix edgtf-full-section-inner\"><div class=\"wpb_column vc_column_container vc_col-sm-6 vc_col-lg-offset-1 vc_col-lg-2\/5\"><div class=\"vc_column-inner vc_custom_1585752356571\"><div class=\"wpb_wrapper\">\n\t<div class=\"wpb_text_column wpb_content_element\" >\n\t\t<div class=\"wpb_wrapper\">\n\t\t\t<h3>Combined orthodontic and KCH treatment<\/h3>\n<div class=\"wpb_text_column wpb_content_element\">\n<div class=\"wpb_wrapper\">\n<p>In cases of severe skeletal malocclusion, a combined orthodontic-surgical treatment approach is required, as these often cannot be corrected with braces alone. This particularly applies to extreme skeletal malformations with unfavorable skull or jaw growth, which cannot be resolved with purely orthodontic measures.<\/p>\n<\/div>\n<\/div>\n\n\t\t<\/div>\n\t<\/div>\n<\/div><\/div><\/div><div class=\"wpb_column vc_column_container vc_col-sm-6 vc_col-lg-2\/5\"><div class=\"vc_column-inner vc_custom_1585752369572\"><div class=\"wpb_wrapper\">\n\t<div class=\"wpb_text_column wpb_content_element\" >\n\t\t<div class=\"wpb_wrapper\">\n\t\t\t<h3>Professionelle Zahnreinigung<\/h3>\n<p>In addition to personal dental care, regular professional teeth cleaning is also necessary during orthodontic treatment at a specialist's office. Patients with fixed braces require special care, as the appliances make certain areas more difficult to reach during brushing.<br \/>\nHowever, regular preventative examinations should still be carried out by your family dentist.<\/p>\n\n\t\t<\/div>\n\t<\/div>\n<\/div><\/div><\/div><\/div><\/div><div class=\"vc_row wpb_row vc_row-fluid edgtf-section vc_custom_1572870110022 edgtf-content-aligment-left\" style=\"\"><div class=\"clearfix edgtf-full-section-inner\"><div class=\"wpb_column vc_column_container vc_col-sm-6 vc_col-lg-offset-1 vc_col-lg-2\/5\"><div class=\"vc_column-inner vc_custom_1585752379696\"><div class=\"wpb_wrapper\">\n\t<div class=\"wpb_text_column wpb_content_element\" >\n\t\t<div class=\"wpb_wrapper\">\n\t\t\t<h3>Sports mouthguard<\/h3>\n<div class=\"wpb_text_column wpb_content_element\">\n<p>For some sports, it is advisable or even mandatory to wear a mouthguard. At our orthodontic practice in Hanover, our patients receive a custom-made sports mouthguard. <em>Convincing advantages: <\/em>Comfort, perfect fit, high quality.<\/p>\n<\/div>\n\n\t\t<\/div>\n\t<\/div>\n<\/div><\/div><\/div><div class=\"wpb_column vc_column_container vc_col-sm-6 vc_col-lg-2\/5\"><div class=\"vc_column-inner vc_custom_1585752384963\"><div class=\"wpb_wrapper\">\n\t<div class=\"wpb_text_column wpb_content_element\" >\n\t\t<div class=\"wpb_wrapper\">\n\t\t\t<h3>Positioner<\/h3>\n<div class=\"wpb_text_column wpb_content_element\">\n<div class=\"wpb_wrapper\">\n<p>To ensure optimal fine adjustment during the final phase of orthodontic treatment, a positioner can be used. The chewing pressure presses the teeth into the predefined recess and adjusts them to the ideal bite position.<\/p>\n<\/div>\n<\/div>\n\n\t\t<\/div>\n\t<\/div>\n<\/div><\/div><\/div><\/div><\/div><div class=\"vc_row wpb_row vc_row-fluid edgtf-section vc_custom_1572870110022 edgtf-content-aligment-left\" style=\"\"><div class=\"clearfix edgtf-full-section-inner\"><div class=\"wpb_column vc_column_container vc_col-sm-6 vc_col-lg-offset-1 vc_col-lg-2\/5\"><div class=\"vc_column-inner vc_custom_1744383828230\"><div class=\"wpb_wrapper\">\n\t<div class=\"wpb_text_column wpb_content_element\" >\n\t\t<div class=\"wpb_wrapper\">\n\t\t\t<h3>Damon-System<\/h3>\n<p>The so-called DAMON technique \u2013 developed by Dr. Dwight Damon in the USA \u2013 is an advanced, biodynamic orthodontic treatment concept: The Damon system operates with significantly lower forces than any other conventional appliance. The design's near-complete lack of friction, combined with highly developed, thermoelastic archwires, enables biologically optimal tooth movement, while simultaneously providing significantly greater patient comfort and reducing the sensation of pressure. The enormous advantage of this treatment concept is that it reduces treatment time and largely eliminates the need for tooth extraction for orthodontic reasons.<\/p>\n\n\t\t<\/div>\n\t<\/div>\n<\/div><\/div><\/div><div class=\"wpb_column vc_column_container vc_col-sm-6 vc_col-lg-2\/5\"><div class=\"vc_column-inner vc_custom_1744383875978\"><div class=\"wpb_wrapper\">\n\t<div class=\"wpb_text_column wpb_content_element\" >\n\t\t<div class=\"wpb_wrapper\">\n\t\t\t<h3>Insignia-Bracket-System<\/h3>\n<p>INSIGNIA are modern<a href=\"https:\/\/www.dr-majdani.de\/en\/feste-zahnspangen\/\">\u00a0fixed braces<\/a>, which enables completely individual, \"tailor-made\" orthodontic correction. With this innovative system, your perfect final result and the design of your braces can be visualized on a virtual 3D model even before treatment begins. A digital, radiation-free intraoral scanner is used to take a precise dental impression. This is used to create a digital model of the teeth, which is used to determine the optimal individual result before treatment. Tooth size, tooth and arch shape and many other clinical variables, such as bracket positioning, have a decisive influence on the outcome. The INSIGNIA software takes these variables into account right from the start when developing your treatment plan, thus enabling a significant reduction in treatment time and a perfect result.<\/p>\n\n\t\t<\/div>\n\t<\/div>\n<\/div><\/div><\/div><div class=\"wpb_column vc_column_container vc_col-sm-12\"><div class=\"vc_column-inner\"><div class=\"wpb_wrapper\"><div class=\"vc_empty_space\"   style=\"height: 30px\"><span class=\"vc_empty_space_inner\"><\/span><\/div><\/div><\/div><\/div><\/div><\/div><div class=\"vc_row wpb_row vc_row-fluid edgtf-section vc_custom_1744377315913 edgtf-content-aligment-left\" style=\"\"><div class=\"clearfix edgtf-full-section-inner\"><div class=\"edgtf-row-animations-holder edgtf-element-from-fade\" data-animation=\"edgtf-element-from-fade\"><div><div class=\"map wpb_column vc_column_container vc_col-sm-12 vc_col-lg-12 vc_col-sm-offset-0 vc_col-has-fill\"><div class=\"vc_column-inner vc_custom_1744377323246\"><div class=\"wpb_wrapper\">\n\t<div class=\"wpb_raw_code wpb_content_element wpb_raw_html\" >\n\t\t<div class=\"wpb_wrapper\">\n\t\t\t<iframe\n  class=\"cookieconsent-optin-marketing\"\n  width=\"100%\"\n  height=\"250\"\n  frameborder=\"0\" style=\"border:0\"\n  referrerpolicy=\"no-referrer-when-downgrade\"\n  src=\"https:\/\/www.google.com\/maps\/embed\/v1\/place?key=AIzaSyCjV24tXwTSM7FPrP6zv9Gc939v8laWO_s&q=dr+majdani+tiergarten+strasse+130+hannover\"\n  loading=\"lazy\"\n  >\n<\/iframe>\n\t\t<\/div>\n\t<\/div>\n<\/div><\/div><\/div><\/div><\/div><\/div><\/div><div class=\"vc_row wpb_row vc_row-fluid edgtf-section vc_custom_1742888246174 edgtf-content-aligment-left\" style=\"\"><div class=\"clearfix edgtf-full-section-inner\"><div class=\"wpb_column vc_column_container vc_col-sm-4 vc_col-lg-offset-0 vc_col-lg-3 vc_col-md-offset-0 vc_col-md-5 vc_col-sm-offset-0\"><div class=\"vc_column-inner vc_custom_1742888674779\"><div class=\"wpb_wrapper\"><div class=\"vc_empty_space\"   style=\"height: 12px\"><span class=\"vc_empty_space_inner\"><\/span><\/div>\n\t<div class=\"wpb_text_column wpb_content_element\" >\n\t\t<div class=\"wpb_wrapper\">\n\t\t\t<h3>Contact<\/h3>\n\n\t\t<\/div>\n\t<\/div>\n<div class=\"vc_empty_space\"   style=\"height: 12px\"><span class=\"vc_empty_space_inner\"><\/span><\/div><div class=\"edgtf-icon-list-item\">\n\t<div class=\"edgtf-icon-list-icon-holder\">\n        <div class=\"edgtf-icon-list-icon-holder-inner clearfix\">\n\t\t\t<i class=\"edgtf-icon-font-awesome fa fa-map-marker\" style=\"color:#000000;font-size:20px\" ><\/i>\t\t<\/div>\n\t<\/div>\n\t<p class=\"edgtf-icon-list-text\" style=\"color:#000000;font-size:14px\" > Tiergartenstr. 130, 30559 Hannover<\/p>\n<\/div><div class=\"edgtf-icon-list-item\">\n\t<div class=\"edgtf-icon-list-icon-holder\">\n        <div class=\"edgtf-icon-list-icon-holder-inner clearfix\">\n\t\t\t<i class=\"edgtf-icon-font-awesome fa fa-envelope\" style=\"color:#000000;font-size:20px\" ><\/i>\t\t<\/div>\n\t<\/div>\n\t<p class=\"edgtf-icon-list-text\" style=\"color:#000000;font-size:14px\" > info@dr-majdani.de<\/p>\n<\/div>\n\t<div class=\"wpb_raw_code wpb_content_element wpb_raw_html\" >\n\t\t<div class=\"wpb_wrapper\">\n\t\t\t<div class=\"edgtf-icon-list-item\">\n\t<div class=\"edgtf-icon-list-icon-holder\">\n        <div class=\"edgtf-icon-list-icon-holder-inner clearfix\">\n\t\t\t<i class=\"edgtf-icon-font-awesome fa fa-mobile-phone\" style=\"color:#000000;font-size:25px\"><\/i>\t\t<\/div>\n\t<\/div>\n\t<p class=\"edgtf-icon-list-text\" style=\"color:#000000;font-size:14px\"><a href=\"tel:+49511511628\"> +49 (0) 511 51 16 28<\/a><\/p>\n<\/div>\n\t\t<\/div>\n\t<\/div>\n<div class=\"edgtf-icon-list-item\">\n\t<div class=\"edgtf-icon-list-icon-holder\">\n        <div class=\"edgtf-icon-list-icon-holder-inner clearfix\">\n\t\t\t<i class=\"edgtf-icon-font-awesome fa fa-fax\" style=\"color:#000000;font-size:20px\" ><\/i>\t\t<\/div>\n\t<\/div>\n\t<p class=\"edgtf-icon-list-text\" style=\"color:#000000;font-size:14px\" > Fax: 0511 51 13 26<\/p>\n<\/div><div class=\"vc_empty_space\"   style=\"height: 12px\"><span class=\"vc_empty_space_inner\"><\/span><\/div><\/div><\/div><\/div><div class=\"wpb_column vc_column_container vc_col-sm-4 vc_col-lg-3 vc_col-md-offset-1 vc_col-md-5 vc_col-sm-offset-1\"><div class=\"vc_column-inner vc_custom_1742888681924\"><div class=\"wpb_wrapper\"><div class=\"vc_empty_space\"   style=\"height: 12px\"><span class=\"vc_empty_space_inner\"><\/span><\/div>\n\t<div class=\"wpb_text_column wpb_content_element\" >\n\t\t<div class=\"wpb_wrapper\">\n\t\t\t<h3>Opening hours<\/h3>\n\n\t\t<\/div>\n\t<\/div>\n<div class=\"vc_empty_space\"   style=\"height: 12px\"><span class=\"vc_empty_space_inner\"><\/span><\/div>\n\t<div class=\"wpb_text_column wpb_content_element  opentimes\" >\n\t\t<div class=\"wpb_wrapper\">\n\t\t\t<p><strong>Mon<\/strong> 09:00\u201312:30 14:00\u201318:00<\/p>\n\n\t\t<\/div>\n\t<\/div>\n\n\t<div class=\"wpb_text_column wpb_content_element  opentimes\" >\n\t\t<div class=\"wpb_wrapper\">\n\t\t\t<p style=\"text-align: left;\"><strong>Tue\u00a0<\/strong>08:30\u201312:00 13:30\u201318:00<\/p>\n\n\t\t<\/div>\n\t<\/div>\n\n\t<div class=\"wpb_text_column wpb_content_element  opentimes\" >\n\t\t<div class=\"wpb_wrapper\">\n\t\t\t<p><b>Wed\u00a0<\/b>08:30\u201313:00 13:30\u201317:00<\/p>\n\n\t\t<\/div>\n\t<\/div>\n\n\t<div class=\"wpb_text_column wpb_content_element  opentimes\" >\n\t\t<div class=\"wpb_wrapper\">\n\t\t\t<p><b>Thu\u00a0<\/b>08:30\u201312:00 14:00\u201318:00<\/p>\n\n\t\t<\/div>\n\t<\/div>\n\n\t<div class=\"wpb_text_column wpb_content_element  opentimes\" >\n\t\t<div class=\"wpb_wrapper\">\n\t\t\t<p><b>Fri\u00a0<\/b>By appointment<\/p>\n\n\t\t<\/div>\n\t<\/div>\n\n\t<div class=\"wpb_text_column wpb_content_element  opentimes\" >\n\t\t<div class=\"wpb_wrapper\">\n\t\t\t<p><b>Sat - Sun\u00a0<\/b>Closed<\/p>\n\n\t\t<\/div>\n\t<\/div>\n<div class=\"vc_empty_space\"   style=\"height: 12px\"><span class=\"vc_empty_space_inner\"><\/span><\/div><\/div><\/div><\/div><div class=\"wpb_column vc_column_container vc_col-sm-4 vc_col-lg-offset-0 vc_col-lg-2\/5 vc_col-md-offset-1 vc_hidden-md vc_col-sm-offset-1 vc_hidden-sm vc_col-xs-offset-1 vc_col-xs-11 vc_hidden-xs\"><div class=\"vc_column-inner\"><div class=\"wpb_wrapper\"><\/div><\/div><\/div><\/div><\/div>","protected":false},"excerpt":{"rendered":"Ihre Kieferorthop\u00e4de in Hannover f\u00fcr Erwachsene F\u00fcr eine effektive kieferorthop\u00e4dische Behandlung ist es nie zu sp\u00e4t! Nicht nur die \u00c4sthetik steht bei einer kieferorthop\u00e4dischen Behandlung von Erwachsenen im Vordergrund, vielmehr steht die allgemeine Gesundheit und Zahngesundheit unserer Patienten im Fokus. Durch eine ganzheitlich orientierte Funktionskieferorthop\u00e4die...","protected":false},"author":1,"featured_media":0,"parent":0,"menu_order":0,"comment_status":"closed","ping_status":"closed","template":"full-width.php","meta":{"footnotes":""},"class_list":["post-6295","page","type-page","status-publish","hentry"],"aioseo_notices":[],"_links":{"self":[{"href":"https:\/\/www.dr-majdani.de\/en\/wp-json\/wp\/v2\/pages\/6295","targetHints":{"allow":["GET"]}}],"collection":[{"href":"https:\/\/www.dr-majdani.de\/en\/wp-json\/wp\/v2\/pages"}],"about":[{"href":"https:\/\/www.dr-majdani.de\/en\/wp-json\/wp\/v2\/types\/page"}],"author":[{"embeddable":true,"href":"https:\/\/www.dr-majdani.de\/en\/wp-json\/wp\/v2\/users\/1"}],"replies":[{"embeddable":true,"href":"https:\/\/www.dr-majdani.de\/en\/wp-json\/wp\/v2\/comments?post=6295"}],"version-history":[{"count":0,"href":"https:\/\/www.dr-majdani.de\/en\/wp-json\/wp\/v2\/pages\/6295\/revisions"}],"wp:attachment":[{"href":"https:\/\/www.dr-majdani.de\/en\/wp-json\/wp\/v2\/media?parent=6295"}],"curies":[{"name":"wp","href":"https:\/\/api.w.org\/{rel}","templated":true}]}}