{"id":6294,"date":"2018-05-22T10:26:08","date_gmt":"2018-05-22T10:26:08","guid":{"rendered":"http:\/\/www.dr-majdani.de\/?page_id=5511"},"modified":"2022-09-30T10:50:57","modified_gmt":"2022-09-30T08:50:57","slug":"prophylaxe","status":"publish","type":"page","link":"https:\/\/www.dr-majdani.de\/en\/prophylaxe\/","title":{"rendered":"Prophylaxe"},"content":{"rendered":"<div class=\"vc_row wpb_row vc_row-fluid edgtf-section vc_custom_1585502634960 edgtf-content-aligment-left\" style=\"\"><div class=\"clearfix edgtf-full-section-inner\"><div class=\"wpb_column vc_column_container vc_col-sm-12 vc_col-lg-offset-1 vc_col-lg-4\/5\"><div class=\"vc_column-inner\"><div class=\"wpb_wrapper\">\n\t<div class=\"wpb_text_column wpb_content_element\" >\n\t\t<div class=\"wpb_wrapper\">\n\t\t\t<h1>Prophylaxe<\/h1>\n<div>In addition to personal dental care, regular professional teeth cleaning is also necessary during orthodontic treatment at a specialist's office. Patients with fixed braces require special care, as the appliances make certain areas more difficult to reach during brushing.<\/div>\n<div class=\"btText\">However, regular preventative examinations should still be carried out by your family dentist.<\/div>\n\n\t\t<\/div>\n\t<\/div>\n\n\t<div class=\"wpb_text_column wpb_content_element\" >\n\t\t<div class=\"wpb_wrapper\">\n\t\t\t\n\t\t<\/div>\n\t<\/div>\n<div class=\"vc_empty_space\"   style=\"height: 32px\"><span class=\"vc_empty_space_inner\"><\/span><\/div><a href=\"http:\/\/www.dr-majdani.de\/en\/kontakt\/\" target=\"_self\"  class=\"edgtf-btn edgtf-btn-large edgtf-btn-outline\"  >\n    <span class=\"edgtf-btn-text\">Kontaktieren Sie uns<\/span><i class=\"edgtf-icon-font-awesome fa  edgtf-btn-icon-holder\" ><\/i><\/a><\/div><\/div><\/div><\/div><\/div>","protected":false},"excerpt":{"rendered":"Prophylaxe Neben der pers\u00f6nlichen Zahnpflege ist auch eine professionelle Zahnreinigung w\u00e4hrend einer kieferorthop\u00e4dischen Behandlung in der Fachpraxis in regelm\u00e4\u00dfigen Abst\u00e4nden notwendig. Patienten mit festsitzenden Zahnspangen ben\u00f6tigen eine besondere Betreuung, da durch die Apparaturen bestimmte Fl\u00e4chen beim Putzen schwerer erreichbar sind. Regelm\u00e4\u00dfige Vorsorgeuntersuchungen sollten aber weiterhin...","protected":false},"author":1,"featured_media":0,"parent":0,"menu_order":0,"comment_status":"closed","ping_status":"closed","template":"full-width.php","meta":{"footnotes":""},"class_list":["post-6294","page","type-page","status-publish","hentry"],"aioseo_notices":[],"_links":{"self":[{"href":"https:\/\/www.dr-majdani.de\/en\/wp-json\/wp\/v2\/pages\/6294","targetHints":{"allow":["GET"]}}],"collection":[{"href":"https:\/\/www.dr-majdani.de\/en\/wp-json\/wp\/v2\/pages"}],"about":[{"href":"https:\/\/www.dr-majdani.de\/en\/wp-json\/wp\/v2\/types\/page"}],"author":[{"embeddable":true,"href":"https:\/\/www.dr-majdani.de\/en\/wp-json\/wp\/v2\/users\/1"}],"replies":[{"embeddable":true,"href":"https:\/\/www.dr-majdani.de\/en\/wp-json\/wp\/v2\/comments?post=6294"}],"version-history":[{"count":0,"href":"https:\/\/www.dr-majdani.de\/en\/wp-json\/wp\/v2\/pages\/6294\/revisions"}],"wp:attachment":[{"href":"https:\/\/www.dr-majdani.de\/en\/wp-json\/wp\/v2\/media?parent=6294"}],"curies":[{"name":"wp","href":"https:\/\/api.w.org\/{rel}","templated":true}]}}