{"id":6292,"date":"2018-05-22T10:24:26","date_gmt":"2018-05-22T10:24:26","guid":{"rendered":"http:\/\/www.dr-majdani.de\/?page_id=5504"},"modified":"2022-09-30T10:38:04","modified_gmt":"2022-09-30T08:38:04","slug":"retainer","status":"publish","type":"page","link":"https:\/\/www.dr-majdani.de\/en\/retainer\/","title":{"rendered":"Retainer"},"content":{"rendered":"<div class=\"vc_row wpb_row vc_row-fluid edgtf-section vc_custom_1585502184055 edgtf-content-aligment-left\" style=\"\"><div class=\"clearfix edgtf-full-section-inner\"><div class=\"wpb_column vc_column_container vc_col-sm-12 vc_col-lg-offset-1 vc_col-lg-4\/5\"><div class=\"vc_column-inner\"><div class=\"wpb_wrapper\">\n\t<div class=\"wpb_text_column wpb_content_element\" >\n\t\t<div class=\"wpb_wrapper\">\n\t\t\t<div class=\"btText\">\n<h3>Z\u00e4hne bewegen sich ein Leben lang\u2026<\/h3>\n<p>um das erzielte Behandlungsergebnis zu sichern, empfehlen wir unseren Patienten nach der kieferorthop\u00e4dischen Behandlung, einen geklebten, von au\u00dfen unsichtbaren Retainer, der die langfristige Sicherung der Zahnstellung gew\u00e4hrt.\n<\/p><\/div>\n\n\t\t<\/div>\n\t<\/div>\n\n\t<div class=\"wpb_text_column wpb_content_element\" >\n\t\t<div class=\"wpb_wrapper\">\n\t\t\t\n\t\t<\/div>\n\t<\/div>\n<div class=\"vc_empty_space\"   style=\"height: 32px\"><span class=\"vc_empty_space_inner\"><\/span><\/div><a href=\"http:\/\/www.dr-majdani.de\/en\/kontakt\/\" target=\"_self\"  class=\"edgtf-btn edgtf-btn-large edgtf-btn-outline\"  >\n    <span class=\"edgtf-btn-text\">Kontaktieren Sie uns<\/span><\/a><div class=\"vc_empty_space\"   style=\"height: 64px\"><span class=\"vc_empty_space_inner\"><\/span><\/div><\/div><\/div><\/div><\/div><\/div>","protected":false},"excerpt":{"rendered":"Z\u00e4hne bewegen sich ein Leben lang\u2026 um das erzielte Behandlungsergebnis zu sichern, empfehlen wir unseren Patienten nach der kieferorthop\u00e4dischen Behandlung, einen geklebten, von au\u00dfen unsichtbaren Retainer, der die langfristige Sicherung der Zahnstellung gew\u00e4hrt. Kontaktieren Sie uns","protected":false},"author":1,"featured_media":0,"parent":0,"menu_order":0,"comment_status":"closed","ping_status":"closed","template":"full-width.php","meta":{"footnotes":""},"class_list":["post-6292","page","type-page","status-publish","hentry"],"aioseo_notices":[],"_links":{"self":[{"href":"https:\/\/www.dr-majdani.de\/en\/wp-json\/wp\/v2\/pages\/6292","targetHints":{"allow":["GET"]}}],"collection":[{"href":"https:\/\/www.dr-majdani.de\/en\/wp-json\/wp\/v2\/pages"}],"about":[{"href":"https:\/\/www.dr-majdani.de\/en\/wp-json\/wp\/v2\/types\/page"}],"author":[{"embeddable":true,"href":"https:\/\/www.dr-majdani.de\/en\/wp-json\/wp\/v2\/users\/1"}],"replies":[{"embeddable":true,"href":"https:\/\/www.dr-majdani.de\/en\/wp-json\/wp\/v2\/comments?post=6292"}],"version-history":[{"count":0,"href":"https:\/\/www.dr-majdani.de\/en\/wp-json\/wp\/v2\/pages\/6292\/revisions"}],"wp:attachment":[{"href":"https:\/\/www.dr-majdani.de\/en\/wp-json\/wp\/v2\/media?parent=6292"}],"curies":[{"name":"wp","href":"https:\/\/api.w.org\/{rel}","templated":true}]}}