{"id":6290,"date":"2018-05-22T10:22:51","date_gmt":"2018-05-22T10:22:51","guid":{"rendered":"http:\/\/www.dr-majdani.de\/?page_id=5493"},"modified":"2021-02-11T22:57:42","modified_gmt":"2021-02-11T21:57:42","slug":"positioner","status":"publish","type":"page","link":"https:\/\/www.dr-majdani.de\/en\/positioner\/","title":{"rendered":"Positioner"},"content":{"rendered":"<div class=\"vc_row wpb_row vc_row-fluid edgtf-section vc_custom_1585502949325 edgtf-content-aligment-left\" style=\"\"><div class=\"clearfix edgtf-full-section-inner\"><div class=\"wpb_column vc_column_container vc_col-sm-12 vc_col-lg-offset-1 vc_col-lg-4\/5\"><div class=\"vc_column-inner\"><div class=\"wpb_wrapper\">\n\t<div class=\"wpb_text_column wpb_content_element\" >\n\t\t<div class=\"wpb_wrapper\">\n\t\t\t<h1>Positioner<\/h1>\n<p>To ensure optimal fine adjustment during the final phase of orthodontic treatment, a positioner can be used. The chewing pressure presses the teeth into the predefined recess and adjusts them to the ideal bite position.<\/p>\n\n\t\t<\/div>\n\t<\/div>\n\n\t<div class=\"wpb_text_column wpb_content_element\" >\n\t\t<div class=\"wpb_wrapper\">\n\t\t\t\n\t\t<\/div>\n\t<\/div>\n<div class=\"vc_empty_space\"   style=\"height: 32px\"><span class=\"vc_empty_space_inner\"><\/span><\/div><a href=\"http:\/\/www.dr-majdani.de\/en\/kontakt\/\" target=\"_self\"  class=\"edgtf-btn edgtf-btn-large edgtf-btn-outline\"  >\n    <span class=\"edgtf-btn-text\">Kontaktieren Sie uns<\/span><i class=\"edgtf-icon-font-awesome fa  edgtf-btn-icon-holder\" ><\/i><\/a><div class=\"vc_empty_space\"   style=\"height: 32px\"><span class=\"vc_empty_space_inner\"><\/span><\/div><\/div><\/div><\/div><\/div><\/div>","protected":false},"excerpt":{"rendered":"Positioner Um eine optimale Feineinstellung in der Schlussphase der kieferorthop\u00e4dischen Behandlung zu gew\u00e4hrleisten, kann ein Positioner eingesetzt werden. Durch den Kaudruck werden die Z\u00e4hne der Kiefer in die vorgegebene Aussparung gepresst und passen sich der idealen Bissposition an. Kontaktieren Sie uns","protected":false},"author":1,"featured_media":0,"parent":0,"menu_order":0,"comment_status":"closed","ping_status":"closed","template":"full-width.php","meta":{"footnotes":""},"class_list":["post-6290","page","type-page","status-publish","hentry"],"aioseo_notices":[],"_links":{"self":[{"href":"https:\/\/www.dr-majdani.de\/en\/wp-json\/wp\/v2\/pages\/6290","targetHints":{"allow":["GET"]}}],"collection":[{"href":"https:\/\/www.dr-majdani.de\/en\/wp-json\/wp\/v2\/pages"}],"about":[{"href":"https:\/\/www.dr-majdani.de\/en\/wp-json\/wp\/v2\/types\/page"}],"author":[{"embeddable":true,"href":"https:\/\/www.dr-majdani.de\/en\/wp-json\/wp\/v2\/users\/1"}],"replies":[{"embeddable":true,"href":"https:\/\/www.dr-majdani.de\/en\/wp-json\/wp\/v2\/comments?post=6290"}],"version-history":[{"count":0,"href":"https:\/\/www.dr-majdani.de\/en\/wp-json\/wp\/v2\/pages\/6290\/revisions"}],"wp:attachment":[{"href":"https:\/\/www.dr-majdani.de\/en\/wp-json\/wp\/v2\/media?parent=6290"}],"curies":[{"name":"wp","href":"https:\/\/api.w.org\/{rel}","templated":true}]}}