{"id":6289,"date":"2018-05-22T10:21:53","date_gmt":"2018-05-22T10:21:53","guid":{"rendered":"http:\/\/www.dr-majdani.de\/?page_id=5492"},"modified":"2025-04-11T17:09:43","modified_gmt":"2025-04-11T15:09:43","slug":"lingualtechnik","status":"publish","type":"page","link":"https:\/\/www.dr-majdani.de\/en\/lingualtechnik\/","title":{"rendered":"Lingualtechnik Linguale Zahnspange Hannover"},"content":{"rendered":"<div class=\"vc_row wpb_row vc_row-fluid edgtf-section vc_custom_1585502106607 edgtf-content-aligment-left\" style=\"\"><div class=\"clearfix edgtf-full-section-inner\"><div class=\"wpb_column vc_column_container vc_col-sm-12 vc_col-lg-offset-1 vc_col-lg-4\/5\"><div class=\"vc_column-inner vc_custom_1664523952213\"><div class=\"wpb_wrapper\">\n\t<div class=\"wpb_text_column wpb_content_element\" >\n\t\t<div class=\"wpb_wrapper\">\n\t\t\t<h3>Ihre unsichtbare Zahnspange<\/h3>\n<h1>Lingualtechnik Linguale Zahnspange<\/h1>\n<h2>F\u00fcr ein strahlendes L\u00e4cheln und gerade Z\u00e4hne ohne sichtbare Dr\u00e4hte oder Brackets im Mund!<\/h2>\n<p>Eine Lingualspange ist eine feste Zahnspange, die auf der Innenseite der Z\u00e4hne befestigt wird. Sie wird auch als \u201eunsichtbare <a href=\"https:\/\/www.dr-majdani.de\/en\/zahnspange\/\">Braces<\/a>\u201c bezeichnet, weil sie beim Sprechen und Lachen nicht auff\u00e4llt.<\/p>\n<p>Linguale Zahnspangen werden bei <a href=\"https:\/\/www.dr-majdani.de\/en\/zahnspange-erwachsene\/\">Erwachsenen<\/a> und Jugendlichen, f\u00fcr die Komfort und \u00c4sthetik eine Rolle spielen, immer beliebter: Sie erm\u00f6glichen eine effektive Korrektur von Zahnfehlstellungen, ohne dass ihre Zahnspange ungewollt bemerkt wird.<\/p>\n<p>Wir helfen Ihnen bei Ihrer unauff\u00e4lligen Zahnkorrektur mit Erfahrung und Qualit\u00e4t in unserer <a href=\"https:\/\/www.dr-majdani.de\/en\/\">kieferorthop\u00e4dischen Fachpraxis<\/a> Hannover.<\/p>\n\n\t\t<\/div>\n\t<\/div>\n<a href=\"http:\/\/www.dr-majdani.de\/en\/kontakt\/\" target=\"_self\"  class=\"edgtf-btn edgtf-btn-small edgtf-btn-outline float-right\"  >\n    <span class=\"edgtf-btn-text\">Book an appointment<\/span><\/a><div class=\"vc_empty_space\"   style=\"height: 52px\"><span class=\"vc_empty_space_inner\"><\/span><\/div>\n\t<div class=\"wpb_text_column wpb_content_element\" >\n\t\t<div class=\"wpb_wrapper\">\n\t\t\t<h3>Was genau versteht man unter Lingualtechnik?<\/h3>\n<p>Bei dieser Form der Zahnkorrektur werden besonders flache Brackets (Befestigungselemente) innen auf die Z\u00e4hne geklebt \u2013 nicht wie bei herk\u00f6mmlichen festen Zahnspangen auf die Au\u00dfenseite. Die von uns verwendeten Brackets sind selbstligierend, das hei\u00dft sie verf\u00fcgen \u00fcber einen besonderen Verschlussmechanismus. Mit diesem halten sie den Drahtbogen, ohne dass daf\u00fcr zus\u00e4tzliche Gummis oder Metallb\u00e4nder erforderlich sind. Sowohl die Lingual-Brackets als auch Drahtb\u00f6gen werden individuell f\u00fcr Sie angefertigt.<\/p>\n<p>Bei der Behandlung mit Lingualbrackets unterscheiden wir zwischen der aktiven Phase und der Retentionsphase. In der aktiven Phase werden die Z\u00e4hne mit ihrer Lingualspange an die vorgesehene Stelle bewegt. Nach Abschluss der Behandlung wird die linguale Zahnspange entfernt \u2013 nun beginnt die Retentionsphase. Damit die Z\u00e4hne sich nicht erneut verschieben, wird die Lingualspange durch einen ebenfalls innen liegenden Retainer ersetzt. Dieser h\u00e4lt ihre Z\u00e4hne in Position und stabilisiert nachhaltig die neue Gebisslinie.<\/p>\n<p>Die Behandlung mit innenliegenden, selbstligierenden Brackets ist ein High-Tech-Verfahren auf h\u00f6chstem medizinischem Niveau und f\u00fchrt zu einer schnelleren, komfortableren und schmerz\u00e4rmeren Bewegung der Z\u00e4hne. In unserer kieferorthop\u00e4dischen Praxis in Hannover verf\u00fcgen wir \u00fcber jahrelange Erfahrungen in der Lingualtechnik und informieren Sie gerne in einem pers\u00f6nlichen Beratungsgespr\u00e4ch!<\/p>\n<h3>F\u00fcr wen sind Lingualspangen geeignet?<\/h3>\n<p>Lingualbrackets erm\u00f6glichen sowohl die Korrektur von einfachen als auch von schweren Zahnfehlstellungen. Sie sind f\u00fcr Erwachsene und Jugendliche geeignet. Die Voraussetzung ist ein abgeschlossener Zahnwechsel. Wir beraten Sie gerne, ob die Lingualtechnik bei Ihnen zur Zahnkorrektur geeignet ist!<\/p>\n<h3>Wie lange dauert die Lingualtechnik Behandlung?<\/h3>\n<p>Die Behandlungsdauer mit einer lingualen Zahnspange kann wenige Monate und bis hin zu vier Jahren betragen. Der genaue Zeitbedarf ist abh\u00e4ngig vom Umfang der erforderlichen Zahnkorrektur und wird Ihnen in einem pers\u00f6nlichen Beratungsgespr\u00e4ch von uns erl\u00e4utert.<\/p>\n<h3>Kann man mit einer Lingualspange gut sprechen?<\/h3>\n<p>Bei lingualen Zahnspangen liegen die Brackets und Metalldr\u00e4hte auf der Innenseite der Z\u00e4hne. Daher sind sie f\u00fcr die Zunge deutlicher zu sp\u00fcren als feste Zahnspangen, die auf den Au\u00dfenseiten der Z\u00e4hne befestigt sind. \u00a0Daher m\u00fcssen Sie oder Ihr Kind sich an das Sprechen mit einer nach der Lingualtechnik eingesetzten Zahnspange zun\u00e4chst gew\u00f6hnen. Unsere Erfahrungen zeigen aber, dass die meisten Patienten nach einer kurzen Eingew\u00f6hnungszeit von 1 bis 4 Wochen und einigen einfachen \u00dcbungen problemlos mit Ihrer Lingual &#8211; Zahnspange sprechen k\u00f6nnen. Dies gilt auch f\u00fcr S-Laute, die ein besonderes Zusammenspiel von Zunge und Z\u00e4hnen erfordern. Sprechen Sie uns gerne an, wenn Sie Fragen oder Bedenken zum Sprechen mit einer Lingualspange haben!<\/p>\n<h3>Welche Vorteile hat die Lingualtechnik?<\/h3>\n<p>Der gr\u00f6\u00dfte Pluspunkt der Lingualspangen ist, dass sie von au\u00dfen nicht sichtbar sind. Gleichzeitig bieten Sie durch die dauerhafte und ununterbrochene Tragezeit der Zahnspange eine effektive Korrektur. \u00a0Dank der unverdeckten Vorderseiten der Z\u00e4hne ist jeder Behandlungsfortschritt sofort erkennbar und f\u00fchrt zu motivierenden Erfolgserlebnissen. Dies erleichtert auch das Durchhalten der kieferothop\u00e4dischen Behandlung \u2013 nicht nur f\u00fcr Jugendliche, sondern auch f\u00fcr Erwachsene. Nicht ohne Grund werden linguale Zahnspangen seit einigen Jahren immer st\u00e4rker nachgefragt.<\/p>\n<h3>Haben linguale Zahnspangen auch Nachteile?<\/h3>\n<p>Durch die Befestigung der Lingualbrackets auf den Innenseiten der Z\u00e4hne ist das Nachstellen der Drahtb\u00f6gen etwas zeitaufw\u00e4ndiger. Daher kann auch der Kontrolltermin in unserer Praxis etwas l\u00e4nger dauern als bei anderen Zahnspangen. In den ersten Wochen berichten Patientinnen und Patienten zun\u00e4chst von Schwierigkeiten bei bestimmten Lautbildungen oder beim Sprechen. Diese klingen aber in der Regel nach wenigen Wochen ab. Die unsichtbare Zahnkorrektur ist zudem trotz m\u00f6glicher Zusch\u00fcsse der Krankenkassen oder Zahnzusatzversicherungen mit einem h\u00f6heren Eigenanteil verbunden. Gerne bieten wir Ihnen in unserer Praxis einen auf Sie zugeschnittenen Ratenfinanzierungsplan an.<\/p>\n<h3>Wie werden die Lingualbrackets gereinigt?<\/h3>\n<p>Die innenliegenden Brackets m\u00fcssen von Ihnen regelm\u00e4\u00dfig und gr\u00fcndlich gereinigt werden. Selbstverst\u00e4ndlich erhalten Sie von uns eine professionelle Beratung und hilfreiche Tipps zur optimalen Pflege Ihrer Lingualspange und zu bew\u00e4hrten Pflegemitteln. Auch bei jedem Kontrolltermin in unserer kieferorthop\u00e4dischen Praxis werden Ihre Lingualbrackets von uns bei Bedarf gereinigt.<\/p>\n<h3>Wieviel kostet eine Lingualspange?<\/h3>\n<p>Durch den Mehraufwand f\u00fcr das Anbringen der Brackets und Metallb\u00f6gen auf der Zahninnenseite ist eine unsichtbare, innenliegende Zahnspange teurer als herk\u00f6mmliche feste Zahnspangen.\u00a0 Informationen \u00fcber m\u00f6gliche Zusch\u00fcsse erhalten Sie von Ihrer Krankenkasse. Auch einige private Zahnzusatzversicherungen beinhalten Zahnkorrekturen mittels Lingualtechnik. Sprechen Sie uns gerne an, wenn wir Sie in Bezug auf eine Kosten\u00fcbernahme oder m\u00f6gliche Zusch\u00fcsse beraten sollen. Gerne weisen wir Sie au\u00dferdem auf die M\u00f6glichkeit hin, anfallende Eigenleistungen in kleinen Raten und mit einem auf Sie zugeschnittenen Finanzierungsplan zu erbringen.<\/p>\n\n\t\t<\/div>\n\t<\/div>\n<a href=\"http:\/\/www.dr-majdani.de\/en\/kontakt\/\" target=\"_self\"  class=\"edgtf-btn edgtf-btn-small edgtf-btn-outline float-right\"  >\n    <span class=\"edgtf-btn-text\">Book an appointment<\/span><\/a><div class=\"vc_empty_space\"   style=\"height: 32px\"><span class=\"vc_empty_space_inner\"><\/span><\/div><\/div><\/div><\/div><\/div><\/div>","protected":false},"excerpt":{"rendered":"Ihre unsichtbare Zahnspange Lingualtechnik Linguale Zahnspange F\u00fcr ein strahlendes L\u00e4cheln und gerade Z\u00e4hne ohne sichtbare Dr\u00e4hte oder Brackets im Mund! Eine Lingualspange ist eine feste Zahnspange, die auf der Innenseite der Z\u00e4hne befestigt wird. Sie wird auch als \u201eunsichtbare Zahnspange\u201c bezeichnet, weil sie beim Sprechen...","protected":false},"author":1,"featured_media":0,"parent":0,"menu_order":0,"comment_status":"closed","ping_status":"closed","template":"full-width.php","meta":{"footnotes":""},"class_list":["post-6289","page","type-page","status-publish","hentry"],"aioseo_notices":[],"_links":{"self":[{"href":"https:\/\/www.dr-majdani.de\/en\/wp-json\/wp\/v2\/pages\/6289","targetHints":{"allow":["GET"]}}],"collection":[{"href":"https:\/\/www.dr-majdani.de\/en\/wp-json\/wp\/v2\/pages"}],"about":[{"href":"https:\/\/www.dr-majdani.de\/en\/wp-json\/wp\/v2\/types\/page"}],"author":[{"embeddable":true,"href":"https:\/\/www.dr-majdani.de\/en\/wp-json\/wp\/v2\/users\/1"}],"replies":[{"embeddable":true,"href":"https:\/\/www.dr-majdani.de\/en\/wp-json\/wp\/v2\/comments?post=6289"}],"version-history":[{"count":0,"href":"https:\/\/www.dr-majdani.de\/en\/wp-json\/wp\/v2\/pages\/6289\/revisions"}],"wp:attachment":[{"href":"https:\/\/www.dr-majdani.de\/en\/wp-json\/wp\/v2\/media?parent=6289"}],"curies":[{"name":"wp","href":"https:\/\/api.w.org\/{rel}","templated":true}]}}