{"id":6286,"date":"2018-05-22T10:16:11","date_gmt":"2018-05-22T10:16:11","guid":{"rendered":"http:\/\/www.dr-majdani.de\/?page_id=5483"},"modified":"2022-09-30T10:59:24","modified_gmt":"2022-09-30T08:59:24","slug":"itero-intraoral-scanner","status":"publish","type":"page","link":"https:\/\/www.dr-majdani.de\/en\/itero-intraoral-scanner\/","title":{"rendered":"iTero intraoral Scanner"},"content":{"rendered":"<div class=\"vc_row wpb_row vc_row-fluid edgtf-section vc_custom_1585503564686 edgtf-content-aligment-left\" style=\"\"><div class=\"clearfix edgtf-full-section-inner\"><div class=\"wpb_column vc_column_container vc_col-sm-12 vc_col-lg-offset-1 vc_col-lg-2\/5 vc_col-md-2\/5\"><div class=\"vc_column-inner\"><div class=\"wpb_wrapper\">\n\t<div class=\"wpb_text_column wpb_content_element\" >\n\t\t<div class=\"wpb_wrapper\">\n\t\t\t<div class=\"btText\">\n<h3>Dank digitaler Abformung, geh\u00f6rt ein unangenehmes Gef\u00fchl bei der Abdrucknahme der Vergangenheit an!<\/h3>\n<p>Der iTero\u00ae intraorale Scanner erfasst pr\u00e4zise Messwerte von Z\u00e4hnen und Weichgewebe des Patienten. In der neuen digitalen KFO-Welt werden die Z\u00e4hne virtuell abgeformt. Mit unserem 3D-Scanner werden die Z\u00e4hne sanft und in hoher Geschwindigkeit gescannt und ein digitales Modell erstellt.<\/p>\n<h3>Vorteile die \u00fcberzeugen:<\/h3>\n<ul>\n<li>Puderfrei<\/li>\n<li>Der Abdruck kann in Echtzeit vorgestellt werden<\/li>\n<li>Angenehme Alternative zu konventionellen Abformtechniken<\/li>\n<li>Pr\u00e4zise Bildgebung<\/li>\n<\/ul>\n<\/div>\n\n\t\t<\/div>\n\t<\/div>\n<div class=\"vc_empty_space\"   style=\"height: 32px\"><span class=\"vc_empty_space_inner\"><\/span><\/div><\/div><\/div><\/div><div class=\"wpb_column vc_column_container vc_col-sm-4 vc_col-lg-1\/5\"><div class=\"vc_column-inner\"><div class=\"wpb_wrapper\"><div class=\"edgtf-separator-holder clearfix  edgtf-separator-center\">\n\t<div class=\"edgtf-separator\" ><\/div>\n<\/div>\n\n\t<div class=\"wpb_raw_code wpb_content_element wpb_raw_html\" >\n\t\t<div class=\"wpb_wrapper\">\n\t\t\t<video width=\"400\" controls>\n  <source src=\"https:\/\/www.dr-majdani.de\/wp-content\/uploads\/2021\/12\/scanner1.mp4\" type=\"video\/mp4\">\n  Your browser does not support HTML video.\n<\/video>\n\t\t<\/div>\n\t<\/div>\n<\/div><\/div><\/div><\/div><\/div>","protected":false},"excerpt":{"rendered":"Dank digitaler Abformung, geh\u00f6rt ein unangenehmes Gef\u00fchl bei der Abdrucknahme der Vergangenheit an! Der iTero\u00ae intraorale Scanner erfasst pr\u00e4zise Messwerte von Z\u00e4hnen und Weichgewebe des Patienten. In der neuen digitalen KFO-Welt werden die Z\u00e4hne virtuell abgeformt. Mit unserem 3D-Scanner werden die Z\u00e4hne sanft und in...","protected":false},"author":1,"featured_media":0,"parent":0,"menu_order":0,"comment_status":"closed","ping_status":"closed","template":"full-width.php","meta":{"footnotes":""},"class_list":["post-6286","page","type-page","status-publish","hentry"],"aioseo_notices":[],"_links":{"self":[{"href":"https:\/\/www.dr-majdani.de\/en\/wp-json\/wp\/v2\/pages\/6286","targetHints":{"allow":["GET"]}}],"collection":[{"href":"https:\/\/www.dr-majdani.de\/en\/wp-json\/wp\/v2\/pages"}],"about":[{"href":"https:\/\/www.dr-majdani.de\/en\/wp-json\/wp\/v2\/types\/page"}],"author":[{"embeddable":true,"href":"https:\/\/www.dr-majdani.de\/en\/wp-json\/wp\/v2\/users\/1"}],"replies":[{"embeddable":true,"href":"https:\/\/www.dr-majdani.de\/en\/wp-json\/wp\/v2\/comments?post=6286"}],"version-history":[{"count":0,"href":"https:\/\/www.dr-majdani.de\/en\/wp-json\/wp\/v2\/pages\/6286\/revisions"}],"wp:attachment":[{"href":"https:\/\/www.dr-majdani.de\/en\/wp-json\/wp\/v2\/media?parent=6286"}],"curies":[{"name":"wp","href":"https:\/\/api.w.org\/{rel}","templated":true}]}}