{"id":6285,"date":"2018-05-22T10:15:05","date_gmt":"2018-05-22T10:15:05","guid":{"rendered":"http:\/\/www.dr-majdani.de\/?page_id=5482"},"modified":"2022-09-30T11:17:43","modified_gmt":"2022-09-30T09:17:43","slug":"anti-lutsch-therapie","status":"publish","type":"page","link":"https:\/\/www.dr-majdani.de\/en\/anti-lutsch-therapie\/","title":{"rendered":"Anti-sucking therapy"},"content":{"rendered":"<div class=\"vc_row wpb_row vc_row-fluid edgtf-section vc_custom_1585501607974 edgtf-content-aligment-left\" style=\"\"><div class=\"clearfix edgtf-full-section-inner\"><div class=\"wpb_column vc_column_container vc_col-sm-12 vc_col-lg-offset-1 vc_col-lg-4\/5\"><div class=\"vc_column-inner\"><div class=\"wpb_wrapper\"><div class=\"vc_empty_space\"   style=\"height: 32px\"><span class=\"vc_empty_space_inner\"><\/span><\/div>\n\t<div class=\"wpb_text_column wpb_content_element\" >\n\t\t<div class=\"wpb_wrapper\">\n\t\t\t<h1>Anti-sucking therapy<\/h1>\n<p>Angewohnheiten (Habits) k\u00f6nnen die Zahngesundheit ihres Kindes beeinflussen und sogar zu einer Zahn- und Kieferfehlstellung f\u00fchren. Kinder die nach dem 3. Lebensjahr noch unter Lutschgewohnheiten leiden, k\u00f6nnen eine Fehlstellung der Schneidez\u00e4hne und eine R\u00fccklage des Unterkiefers erhalten.<\/p>\n<p>In unserer Praxis werden diese Symptome mithilfe verschiedenster M\u00f6glichkeiten behandelt. Gerne beraten wir Sie in einem pers\u00f6nlichen Gespr\u00e4ch \u00fcber eine m\u00f6gliche Behandlungsmethode.<\/p>\n\n\t\t<\/div>\n\t<\/div>\n<div class=\"vc_empty_space\"   style=\"height: 32px\"><span class=\"vc_empty_space_inner\"><\/span><\/div><a href=\"http:\/\/www.dr-majdani.de\/en\/kontakt\/\" target=\"_self\"  class=\"edgtf-btn edgtf-btn-large edgtf-btn-outline\"  >\n    <span class=\"edgtf-btn-text\">Kontaktieren Sie uns<\/span><\/a><div class=\"vc_empty_space\"   style=\"height: 100px\"><span class=\"vc_empty_space_inner\"><\/span><\/div><\/div><\/div><\/div><\/div><\/div>","protected":false},"excerpt":{"rendered":"Anti-Lutsch-Therapie Angewohnheiten (Habits) k\u00f6nnen die Zahngesundheit ihres Kindes beeinflussen und sogar zu einer Zahn- und Kieferfehlstellung f\u00fchren. Kinder die nach dem 3. Lebensjahr noch unter Lutschgewohnheiten leiden, k\u00f6nnen eine Fehlstellung der Schneidez\u00e4hne und eine R\u00fccklage des Unterkiefers erhalten. In unserer Praxis werden diese Symptome mithilfe...","protected":false},"author":1,"featured_media":0,"parent":0,"menu_order":0,"comment_status":"closed","ping_status":"closed","template":"full-width.php","meta":{"footnotes":""},"class_list":["post-6285","page","type-page","status-publish","hentry"],"aioseo_notices":[],"_links":{"self":[{"href":"https:\/\/www.dr-majdani.de\/en\/wp-json\/wp\/v2\/pages\/6285","targetHints":{"allow":["GET"]}}],"collection":[{"href":"https:\/\/www.dr-majdani.de\/en\/wp-json\/wp\/v2\/pages"}],"about":[{"href":"https:\/\/www.dr-majdani.de\/en\/wp-json\/wp\/v2\/types\/page"}],"author":[{"embeddable":true,"href":"https:\/\/www.dr-majdani.de\/en\/wp-json\/wp\/v2\/users\/1"}],"replies":[{"embeddable":true,"href":"https:\/\/www.dr-majdani.de\/en\/wp-json\/wp\/v2\/comments?post=6285"}],"version-history":[{"count":0,"href":"https:\/\/www.dr-majdani.de\/en\/wp-json\/wp\/v2\/pages\/6285\/revisions"}],"wp:attachment":[{"href":"https:\/\/www.dr-majdani.de\/en\/wp-json\/wp\/v2\/media?parent=6285"}],"curies":[{"name":"wp","href":"https:\/\/api.w.org\/{rel}","templated":true}]}}