{"id":6284,"date":"2018-05-22T10:13:26","date_gmt":"2018-05-22T10:13:26","guid":{"rendered":"http:\/\/www.dr-majdani.de\/?page_id=5481"},"modified":"2022-10-05T11:49:58","modified_gmt":"2022-10-05T09:49:58","slug":"herausnehmbare-zahnspange","status":"publish","type":"page","link":"https:\/\/www.dr-majdani.de\/en\/herausnehmbare-zahnspange\/","title":{"rendered":"Herausnehmbare Zahnspangen Hannover"},"content":{"rendered":"<div class=\"vc_row wpb_row vc_row-fluid edgtf-section vc_custom_1664191713696 edgtf-content-aligment-left\" style=\"\"><div class=\"clearfix edgtf-full-section-inner\"><div class=\"wpb_column vc_column_container vc_col-sm-12 vc_col-lg-offset-1 vc_col-lg-4\/5\"><div class=\"vc_column-inner\"><div class=\"wpb_wrapper\"><div class=\"vc_empty_space\"   style=\"height: 32px\"><span class=\"vc_empty_space_inner\"><\/span><\/div>\n\t<div class=\"wpb_text_column wpb_content_element\" >\n\t\t<div class=\"wpb_wrapper\">\n\t\t\t<h1>Removable braces<\/h1>\n<p>Mit herausnehmbaren Spangen behandeln wir in unserer <a href=\"https:\/\/www.dr-majdani.de\/en\/\">Orthodontics in Hannover<\/a> vor allem Kinder im Alter von 8 bis 14 Jahren, solange das Kind noch Milchz\u00e4hne hat. In diesem Alter lassen sich der Kiefer und das Gebiss besonders leicht formen. Je nach Spangendesign werden in dieser Zeit Wachstumssch\u00fcbe des Kindes ausgenutzt, um zum Beispiel unterentwickelte Kiefer und Kieferabschnitte zu f\u00f6rdern, oder um das Wachstum \u00fcberentwickelter Kiefer zu hemmen.<\/p>\n<p>Grunds\u00e4tzlich sind lose <a href=\"https:\/\/www.dr-majdani.de\/en\/zahnspange\/\">Braces<\/a> auch f\u00fcr <a href=\"https:\/\/www.dr-majdani.de\/en\/jugendliche\/\">Youth<\/a> und <a href=\"https:\/\/www.dr-majdani.de\/en\/erwachsene\/\">Adults<\/a> m\u00f6glich.<\/p>\n<h3>Wie funktionieren herausnehmbare Zahnspangen?<\/h3>\n<p>Herausnehmbare Zahnspangen k\u00f6nnen eigenst\u00e4ndig in den Mund eingesetzt und wieder herausgenommen werden. Jede lose Zahnspange wird individuell angefertigt. Sie werden in der Regel nachts und mehrere Stunden am Tag getragen. Die Dr\u00e4hte der Zahnspange dr\u00fccken oder ziehen die Z\u00e4hne in die gew\u00fcnschte Richtung. Au\u00dferdem enthalten sie oft Schrauben, mit denen sie sich in kleinen Stufen weiter stellen lassen. Dies kann etwa bei einem zu engen Oberkiefer genutzt werden, um ihn nach und nach zu verbreitern. Die Funktion der herausnehmbaren Zahnspangen wird bei Ihren Kontrollterminen in unserer kieferorthop\u00e4dischen Praxis kontrolliert und nachgestellt.<\/p>\n<h3>Was sind die Vorteile von herausnehmbaren Zahnspangen?<\/h3>\n<p>Der gro\u00dfe Vorteil ist, dass man lose Zahnspangen bei Bedarf herausnehmen kann. Das kann beim Essen oder beim Sport hilfreich sein. Auch beim Z\u00e4hneputzen wird die lose Spange herausgenommen. Die Z\u00e4hne k\u00f6nnen so wie gewohnt geputzt werden. Auch die Zahnspange kann von den Kindern einfach mit der Zahnb\u00fcrste und Zahnpasta gereinigt werden. Alternativ gibt es Zahnspangenreiniger als Pulver oder Brausetabletten zum Aufl\u00f6sen in Wasser.<\/p>\n<p>Hinzu kommt, dass lose Zahnspangen weniger Schmerzen verursachen, wenn sie nachgestellt werden.<\/p>\n<h3>Was sind die Nachteile von herausnehmbaren Zahnspangen?<\/h3>\n<p>Die M\u00f6glichkeit, lose Zahnspangen eigenst\u00e4ndig aus dem Mund zu nehmen, bedeutet auch, dass f\u00fcr das Tragen eine gewisse Disziplin notwendig ist. Gerade zu Beginn der Behandlung oder nach dem Nachstellen der Druckwirkung k\u00f6nnen auch herausnehmbare Zahnspangen Schmerzen verursachen. Hier ist gerade bei Kindern die Verlockung gro\u00df, die Zahnspange herauszunehmen.<\/p>\n<p>Zudem empfinden einige Kinder und Jugendliche es als schwierig, mit der herausnehmbaren Zahnspange zu sprechen. Daher nehmen sie die Spange aus dem Mund, wenn sie viel reden m\u00fcssen wie etwa im Schulunterricht.<\/p>\n<p>Wird allerdings die vorgeschriebene Tragezeit nicht eingehalten, kann die Zahn- oder Kieferfehlstellung nicht wie gew\u00fcnscht korrigiert werden.<\/p>\n<p>Nicht jede Zahnfehlstellung kann mit einer herausnehmbaren Zahnspange korrigiert werden. So kann im Gegensatz zu einer festen Zahnspange die Wurzel des Zahns mit einer losen nicht ver\u00e4ndert werden.<\/p>\n<p>Zudem dauert die Behandlung mit einer losen Zahnspange in der Regel l\u00e4nger als mit einer festen.<\/p>\n<h3>Wer \u00fcbernimmt die Kosten f\u00fcr lose Zahnspangen?<\/h3>\n<p>Bei Kindern und medizinisch notwendigen Behandlungen \u00fcbernehmen die Krankenkassen in der Regel den Gro\u00dfteil der Kosten. Bei Erwachsenen ist dies nur selten der Fall. Einige Zahnzusatzversicherungen decken auch den Bedarf kieferorthop\u00e4discher Behandlungen nach dem 18. Lebensjahr ab.<\/p>\n<h3>Welche Arten von herausnehmbaren Zahnspangen gibt es?<\/h3>\n<p>Mit losen Zahnspangen k\u00f6nnen wir Z\u00e4hnen mehr Platz verschaffen, L\u00fccken schlie\u00dfen oder auch den Kiefer erweitern. Sie haben Einfluss auf die Zungen-, Kau- und Lippenfunktion.<\/p>\n<p><strong>Aktive Platte<\/strong><\/p>\n<p>Die aktive Platte ist das Allround-Talent unter den Zahnspangen. Sie wird individuell f\u00fcr jede Patientin und jeden Patienten angefertigt und besteht aus einer Kunststoffplatte, die der Form des Gaumens nachempfunden ist. Sie enth\u00e4lt Schrauben und Federn zum Erweitern oder Verkleinern und wird Drahtb\u00f6gen an den Z\u00e4hnen befestigt. Die aktive Platte dient der Zahnbewegung und Kieferformung. Um das gew\u00fcnschte Ergebnis zu erzielen, sollte die Spange t\u00e4glich mindestens 16 Stunden getragen werden.<\/p>\n<p><strong>Doppelvorschubplatte<\/strong><\/p>\n<p>Dieses funktionskieferorthop\u00e4dische Ger\u00e4t besteht aus zwei getrennten herausnehmbaren Zahnspangen und wird vor allem bei einem zur\u00fcckliegenden Unterkiefer (R\u00fcckbiss\/ Distalbiss) angewendet, um die Kau- und Bissfunktion zu verbessern. Sie kommt meistens bei Kindern zum Einsatz, die sich noch im Wachstum befinden. Sie besteht ebenfalls aus einer Kunststoffbasis und\u00a0 enth\u00e4lt sowohl Schrauben zur Kieferformung als auch zwei Stege, die dazu dienen, den Unterkiefer nach vorne zu verlagern.<\/p>\n<p><strong>Platzhalter \/ L\u00fcckenhalter<\/strong><\/p>\n<p>Neben festen L\u00fcckenhaltern gibt es auch herausnehmbare Zahnspangen, die entstandene Zahnl\u00fccken f\u00fcr die nachfolgenden Z\u00e4hne offenhalten. Sie werden vor allem dann eingesetzt, wenn Kinder ihre Milchz\u00e4hne etwa durch Karies oder einen Unfall fr\u00fchzeitig verlieren. Damit die nebenstehenden Z\u00e4hne die L\u00fccke nicht in Anspruch nehmen und der Platz frei bleibt f\u00fcr die nachfolgenden, bleibenden Z\u00e4hne, kann eine Platzhalter- oder L\u00fcckenhalter-Zahnspange eingesetzt werden. Au\u00dferdem sichert sie die Kaufunktion. Platzhalter oder L\u00fcckenhalter werden in der Regel nur nachts getragen.<\/p>\n<p><strong>Aktivatoren<\/strong><\/p>\n<p>Ein Aktivator ist eine Zahnspange, in die sowohl der Unterkiefer als auch der Oberkiefer einbei\u00dft. Sie besteht aus einem Kunststoffkern, an dem Dr\u00e4hte f\u00fcr die obere und untere Zahnreihe befestigt sind. Ein Aktivator wirkt gleichzeitig auf beide Kiefer und wird vor allem f\u00fcr die Korrektur eines \u00dcberbisses oder Tiefbisses verwendet. Durch das Bewegen oder Spielen mit dieser losen Zahnspange im Mund wird die Kiefer-, Mund- und Gesichtsmuskulatur trainiert und angeregt, Ober- und Unterkiefer in die korrekte Position zueinander zu bringen.<\/p>\n<p><strong>Funktionsregler nach Fr\u00e4nkel<\/strong><\/p>\n<p>Diese herausnehmbare Zahnspange wurde von dem deutschen Kieferorthop\u00e4den Rolf Fr\u00e4nkel erfunden und geh\u00f6rt zu den funktionskieferorthop\u00e4dischen Ger\u00e4ten. Sie wird bei Wachstums- und Fehlstellungen der Kiefer verwendet. Durch Kunststoffl\u00e4chen in den Wangen und im Innenbereich der Lippen kann das Knochenwachstum an bestimmten Stellen angeregt werden. Die Kunststofffl\u00e4chen des Funktio0nsreglers werden durch Drahtb\u00f6gen in der richtigen Position gehalten.<\/p>\n<p><strong>Retentionsger\u00e4te (Retainer) \/ Haltespangen<\/strong><\/p>\n<p>Damit die Z\u00e4hne nach Abschluss einer kieferorthop\u00e4dischen Behandlung in ihrer Position bleiben und nicht erneut kippen oder zur\u00fcckwandern, werden sogenannte Retainer oder Haltespangen eingesetzt. Es gibt sowohl feste als auch lose Retainer. Die herausnehmbaren Haltespangen werden in der Regel nur nachts getragen.<\/p>\n\n\t\t<\/div>\n\t<\/div>\n<div class=\"vc_empty_space\"   style=\"height: 32px\"><span class=\"vc_empty_space_inner\"><\/span><\/div><a href=\"http:\/\/www.dr-majdani.de\/en\/kontakt\/\" target=\"_self\" style=\"font-size: 14px\" class=\"edgtf-btn edgtf-btn-small edgtf-btn-outline float-right\"  >\n    <span class=\"edgtf-btn-text\">Book an appointment<\/span><\/a><\/div><\/div><\/div><\/div><\/div><div class=\"vc_row wpb_row vc_row-fluid edgtf-section edgtf-content-aligment-left\" style=\"\"><div class=\"clearfix edgtf-full-section-inner\"><div class=\"wpb_column vc_column_container vc_col-sm-12\"><div class=\"vc_column-inner\"><div class=\"wpb_wrapper\"><div class=\"vc_empty_space\"   style=\"height: 32px\"><span class=\"vc_empty_space_inner\"><\/span><\/div><\/div><\/div><\/div><\/div><\/div>","protected":false},"excerpt":{"rendered":"Herausnehmbare Zahnspangen Mit herausnehmbaren Spangen behandeln wir in unserer Kieferorthop\u00e4die in Hannover vor allem Kinder im Alter von 8 bis 14 Jahren, solange das Kind noch Milchz\u00e4hne hat. In diesem Alter lassen sich der Kiefer und das Gebiss besonders leicht formen. Je nach Spangendesign werden...","protected":false},"author":1,"featured_media":0,"parent":0,"menu_order":0,"comment_status":"closed","ping_status":"closed","template":"full-width.php","meta":{"footnotes":""},"class_list":["post-6284","page","type-page","status-publish","hentry"],"aioseo_notices":[],"_links":{"self":[{"href":"https:\/\/www.dr-majdani.de\/en\/wp-json\/wp\/v2\/pages\/6284","targetHints":{"allow":["GET"]}}],"collection":[{"href":"https:\/\/www.dr-majdani.de\/en\/wp-json\/wp\/v2\/pages"}],"about":[{"href":"https:\/\/www.dr-majdani.de\/en\/wp-json\/wp\/v2\/types\/page"}],"author":[{"embeddable":true,"href":"https:\/\/www.dr-majdani.de\/en\/wp-json\/wp\/v2\/users\/1"}],"replies":[{"embeddable":true,"href":"https:\/\/www.dr-majdani.de\/en\/wp-json\/wp\/v2\/comments?post=6284"}],"version-history":[{"count":0,"href":"https:\/\/www.dr-majdani.de\/en\/wp-json\/wp\/v2\/pages\/6284\/revisions"}],"wp:attachment":[{"href":"https:\/\/www.dr-majdani.de\/en\/wp-json\/wp\/v2\/media?parent=6284"}],"curies":[{"name":"wp","href":"https:\/\/api.w.org\/{rel}","templated":true}]}}