{"id":6281,"date":"2018-05-22T10:07:28","date_gmt":"2018-05-22T10:07:28","guid":{"rendered":"http:\/\/www.dr-majdani.de\/?page_id=5472"},"modified":"2022-10-05T12:41:39","modified_gmt":"2022-10-05T10:41:39","slug":"kinder","status":"publish","type":"page","link":"https:\/\/www.dr-majdani.de\/en\/kinder\/","title":{"rendered":"Kieferorthop\u00e4die f\u00fcr Kinder in Hannover"},"content":{"rendered":"<div class=\"vc_row wpb_row vc_row-fluid edgtf-section vc_custom_1585502331045 edgtf-content-aligment-left\" style=\"\"><div class=\"clearfix edgtf-full-section-inner\"><div class=\"wpb_column vc_column_container vc_col-sm-12 vc_col-lg-offset-1 vc_col-lg-4\/5\"><div class=\"vc_column-inner\"><div class=\"wpb_wrapper\">\n\t<div class=\"wpb_text_column wpb_content_element\" >\n\t\t<div class=\"wpb_wrapper\">\n\t\t\t<h3>Your practice in Hanover<\/h3>\n<h1>Orthodontics for children<\/h1>\n<h2>Your child is our focus\u2026<\/h2>\n<p>The special requirements of orthodontic treatment for children are taken into account in our practice on a holistic basis.<\/p>\n<p>On the one hand, treating our young patients requires a certain degree of sensitivity, both in personal interaction and in therapy. On the other hand, comprehensive specialist knowledge and close and cooperative collaboration with specialists from other medical fields are essential.<\/p>\n<p>By regularly participating in orthodontic continuing education courses, your child can expect a high level of precision, quality and innovative treatment options.<\/p>\n\n\t\t<\/div>\n\t<\/div>\n<\/div><\/div><\/div><\/div><\/div><div class=\"vc_row wpb_row vc_row-fluid edgtf-section vc_custom_1572870101103 edgtf-content-aligment-left\" style=\"\"><div class=\"clearfix edgtf-full-section-inner\"><div class=\"wpb_column vc_column_container vc_col-sm-6 vc_col-lg-offset-1 vc_col-lg-2\/5\"><div class=\"vc_column-inner vc_custom_1585752460702\"><div class=\"wpb_wrapper\">\n\t<div  class=\"wpb_single_image wpb_content_element vc_align_left\">\n\t\t\n\t\t<figure class=\"wpb_wrapper vc_figure\">\n\t\t\t<div class=\"vc_single_image-wrapper   vc_box_border_grey\"><img loading=\"lazy\" decoding=\"async\" width=\"1000\" height=\"333\" src=\"https:\/\/www.dr-majdani.de\/wp-content\/uploads\/2020\/06\/zahnspange-small-1.jpg\" class=\"vc_single_image-img attachment-full\" alt=\"\" title=\"zahnspange-small\" srcset=\"https:\/\/www.dr-majdani.de\/wp-content\/uploads\/2020\/06\/zahnspange-small-1.jpg 1000w, https:\/\/www.dr-majdani.de\/wp-content\/uploads\/2020\/06\/zahnspange-small-1-300x100.jpg 300w, https:\/\/www.dr-majdani.de\/wp-content\/uploads\/2020\/06\/zahnspange-small-1-768x256.jpg 768w\" sizes=\"auto, (max-width: 1000px) 100vw, 1000px\" \/><\/div>\n\t\t<\/figure>\n\t<\/div>\n\n\t<div class=\"wpb_text_column wpb_content_element\" >\n\t\t<div class=\"wpb_wrapper\">\n\t\t\t<h3><a href=\"https:\/\/www.dr-majdani.de\/en\/herausnehmbare-zahnspange\/\">Removable braces<\/a><\/h3>\n<p>Removable braces are primarily used to treat children between the ages of 8 and 14, as long as the child still has baby teeth.<\/p>\n<p><span style=\"color: #0000ff; text-decoration: underline;\"><a style=\"color: #0000ff;\" href=\"https:\/\/www.dr-majdani.de\/en\/herausnehmbare-zahnspange\/\">More information<\/a><\/span><\/p>\n\n\t\t<\/div>\n\t<\/div>\n<\/div><\/div><\/div><div class=\"wpb_column vc_column_container vc_col-sm-6 vc_col-lg-2\/5\"><div class=\"vc_column-inner vc_custom_1585752466767\"><div class=\"wpb_wrapper\">\n\t<div  class=\"wpb_single_image wpb_content_element vc_align_left\">\n\t\t\n\t\t<figure class=\"wpb_wrapper vc_figure\">\n\t\t\t<div class=\"vc_single_image-wrapper   vc_box_border_grey\"><img loading=\"lazy\" decoding=\"async\" width=\"1000\" height=\"333\" src=\"https:\/\/www.dr-majdani.de\/wp-content\/uploads\/2020\/06\/wechselgebiss-small.jpg\" class=\"vc_single_image-img attachment-full\" alt=\"\" title=\"wechselgebiss-small\" srcset=\"https:\/\/www.dr-majdani.de\/wp-content\/uploads\/2020\/06\/wechselgebiss-small.jpg 1000w, https:\/\/www.dr-majdani.de\/wp-content\/uploads\/2020\/06\/wechselgebiss-small-300x100.jpg 300w, https:\/\/www.dr-majdani.de\/wp-content\/uploads\/2020\/06\/wechselgebiss-small-768x256.jpg 768w\" sizes=\"auto, (max-width: 1000px) 100vw, 1000px\" \/><\/div>\n\t\t<\/figure>\n\t<\/div>\n\n\t<div class=\"wpb_text_column wpb_content_element\" >\n\t\t<div class=\"wpb_wrapper\">\n\t\t\t<h3><a href=\"https:\/\/www.dr-majdani.de\/en\/wechselgebiss\/\">Mixed dentition<\/a><\/h3>\n<p>Mixed dentition the mixed dentition phase, milk teeth are replaced by permanent teeth.<\/p>\n<p><a href=\"https:\/\/www.dr-majdani.de\/en\/wechselgebiss\/\"><span style=\"color: #0000ff; text-decoration: underline;\">More information<\/span><\/a><\/p>\n\n\t\t<\/div>\n\t<\/div>\n<\/div><\/div><\/div><\/div><\/div><div class=\"vc_row wpb_row vc_row-fluid edgtf-section vc_custom_1572870110022 edgtf-content-aligment-left\" style=\"\"><div class=\"clearfix edgtf-full-section-inner\"><div class=\"wpb_column vc_column_container vc_col-sm-6 vc_col-lg-offset-1 vc_col-lg-2\/5\"><div class=\"vc_column-inner vc_custom_1585752472366\"><div class=\"wpb_wrapper\">\n\t<div  class=\"wpb_single_image wpb_content_element vc_align_left\">\n\t\t\n\t\t<figure class=\"wpb_wrapper vc_figure\">\n\t\t\t<div class=\"vc_single_image-wrapper   vc_box_border_grey\"><img loading=\"lazy\" decoding=\"async\" width=\"1000\" height=\"335\" src=\"https:\/\/www.dr-majdani.de\/wp-content\/uploads\/2020\/06\/antilutsch-e1592165025582.jpg\" class=\"vc_single_image-img attachment-full\" alt=\"\" title=\"Boy sucking thumb\" \/><\/div>\n\t\t<\/figure>\n\t<\/div>\n\n\t<div class=\"wpb_text_column wpb_content_element\" >\n\t\t<div class=\"wpb_wrapper\">\n\t\t\t<h3><a href=\"https:\/\/www.dr-majdani.de\/en\/anti-lutsch-therapie\/\">Anti-sucking therapy<\/a><\/h3>\n<p>Habits can affect your child's dental health and even lead to tooth and jaw misalignment.<\/p>\n<p><span style=\"color: #0000ff; text-decoration: underline;\"><a style=\"color: #0000ff;\" href=\"https:\/\/www.dr-majdani.de\/en\/anti-lutsch-therapie\/\">More information<\/a><\/span><\/p>\n\n\t\t<\/div>\n\t<\/div>\n<\/div><\/div><\/div><div class=\"wpb_column vc_column_container vc_col-sm-6 vc_col-lg-2\/5\"><div class=\"vc_column-inner vc_custom_1585752477330\"><div class=\"wpb_wrapper\">\n\t<div  class=\"wpb_single_image wpb_content_element vc_align_left\">\n\t\t\n\t\t<figure class=\"wpb_wrapper vc_figure\">\n\t\t\t<div class=\"vc_single_image-wrapper   vc_box_border_grey\"><img loading=\"lazy\" decoding=\"async\" width=\"1000\" height=\"333\" src=\"https:\/\/www.dr-majdani.de\/wp-content\/uploads\/2020\/06\/fruhbehandlung-small.jpg\" class=\"vc_single_image-img attachment-full\" alt=\"\" title=\"fruhbehandlung-small\" srcset=\"https:\/\/www.dr-majdani.de\/wp-content\/uploads\/2020\/06\/fruhbehandlung-small.jpg 1000w, https:\/\/www.dr-majdani.de\/wp-content\/uploads\/2020\/06\/fruhbehandlung-small-300x100.jpg 300w, https:\/\/www.dr-majdani.de\/wp-content\/uploads\/2020\/06\/fruhbehandlung-small-768x256.jpg 768w\" sizes=\"auto, (max-width: 1000px) 100vw, 1000px\" \/><\/div>\n\t\t<\/figure>\n\t<\/div>\n\n\t<div class=\"wpb_text_column wpb_content_element\" >\n\t\t<div class=\"wpb_wrapper\">\n\t\t\t<h3><a href=\"https:\/\/www.dr-majdani.de\/en\/fruhbehandlung\/\">Early treatment<\/a><\/h3>\n<p><span style=\"color: #333333;\">Orthodontic treatment usually begins between the ages of 9 and 11.<\/span><\/p>\n<p><span style=\"color: #333333;\"><span style=\"color: #0000ff;\"><a style=\"color: #0000ff; text-decoration: underline;\" href=\"https:\/\/www.dr-majdani.de\/en\/fruhbehandlung\/\">More information<\/a><\/span><\/span><\/p>\n\n\t\t<\/div>\n\t<\/div>\n<\/div><\/div><\/div><\/div><\/div><div class=\"vc_row wpb_row vc_row-fluid edgtf-section vc_custom_1572870110022 edgtf-content-aligment-left\" style=\"\"><div class=\"clearfix edgtf-full-section-inner\"><div class=\"wpb_column vc_column_container vc_col-sm-6 vc_col-lg-offset-1 vc_col-lg-2\/5\"><div class=\"vc_column-inner vc_custom_1585752483055\"><div class=\"wpb_wrapper\">\n\t<div  class=\"wpb_single_image wpb_content_element vc_align_left\">\n\t\t\n\t\t<figure class=\"wpb_wrapper vc_figure\">\n\t\t\t<div class=\"vc_single_image-wrapper   vc_box_border_grey\"><img loading=\"lazy\" decoding=\"async\" width=\"1000\" height=\"332\" src=\"https:\/\/www.dr-majdani.de\/wp-content\/uploads\/2020\/06\/Milchgebiss-31S-e1592164941760.jpg\" class=\"vc_single_image-img attachment-full\" alt=\"\" title=\"Milchgebiss-31S\" \/><\/div>\n\t\t<\/figure>\n\t<\/div>\n\n\t<div class=\"wpb_text_column wpb_content_element\" >\n\t\t<div class=\"wpb_wrapper\">\n\t\t\t<h3><a href=\"https:\/\/www.dr-majdani.de\/en\/milchgebiss\/\">Milk teeth<\/a><\/h3>\n<p>Early detection of tooth and jaw misalignments and the associated initiation of treatment are often necessary in early childhood.<\/p>\n<p><span style=\"color: #0000ff;\"><a style=\"color: #0000ff; text-decoration: underline;\" href=\"https:\/\/www.dr-majdani.de\/en\/milchgebiss\/\">More information<\/a><\/span><\/p>\n\n\t\t<\/div>\n\t<\/div>\n<\/div><\/div><\/div><div class=\"wpb_column vc_column_container vc_col-sm-6 vc_col-lg-4\"><div class=\"vc_column-inner vc_custom_1572870153614\"><div class=\"wpb_wrapper\"><\/div><\/div><\/div><\/div><\/div><div class=\"vc_row wpb_row vc_row-fluid edgtf-section edgtf-content-aligment-left\" style=\"\"><div class=\"clearfix edgtf-full-section-inner\"><div class=\"wpb_column vc_column_container vc_col-sm-12\"><div class=\"vc_column-inner\"><div class=\"wpb_wrapper\"><div class=\"vc_empty_space\"   style=\"height: 32px\"><span class=\"vc_empty_space_inner\"><\/span><\/div><\/div><\/div><\/div><\/div><\/div>","protected":false},"excerpt":{"rendered":"Ihre Praxis in Hannover Kieferorthop\u00e4die f\u00fcr Kinder Ihr Kind steht bei uns im Mittelpunkt\u2026 Die besonderen Anforderungen der kieferorthop\u00e4dischen Therapie von Kindern werden in unserer Praxis auf ganzheitlicher Basis ber\u00fccksichtigt. Zum einen erfordert die Behandlung unserer jungen Patienten ein gewisses Fingerspitzengef\u00fchl sowohl im pers\u00f6nlichen Umgang...","protected":false},"author":1,"featured_media":0,"parent":0,"menu_order":0,"comment_status":"closed","ping_status":"closed","template":"full-width.php","meta":{"footnotes":""},"class_list":["post-6281","page","type-page","status-publish","hentry"],"aioseo_notices":[],"_links":{"self":[{"href":"https:\/\/www.dr-majdani.de\/en\/wp-json\/wp\/v2\/pages\/6281","targetHints":{"allow":["GET"]}}],"collection":[{"href":"https:\/\/www.dr-majdani.de\/en\/wp-json\/wp\/v2\/pages"}],"about":[{"href":"https:\/\/www.dr-majdani.de\/en\/wp-json\/wp\/v2\/types\/page"}],"author":[{"embeddable":true,"href":"https:\/\/www.dr-majdani.de\/en\/wp-json\/wp\/v2\/users\/1"}],"replies":[{"embeddable":true,"href":"https:\/\/www.dr-majdani.de\/en\/wp-json\/wp\/v2\/comments?post=6281"}],"version-history":[{"count":0,"href":"https:\/\/www.dr-majdani.de\/en\/wp-json\/wp\/v2\/pages\/6281\/revisions"}],"wp:attachment":[{"href":"https:\/\/www.dr-majdani.de\/en\/wp-json\/wp\/v2\/media?parent=6281"}],"curies":[{"name":"wp","href":"https:\/\/api.w.org\/{rel}","templated":true}]}}