{"id":6279,"date":"2018-05-16T10:16:11","date_gmt":"2018-05-16T10:16:11","guid":{"rendered":"http:\/\/www.dr-majdani.de\/?page_id=5300"},"modified":"2022-09-30T16:05:32","modified_gmt":"2022-09-30T14:05:32","slug":"insignia","status":"publish","type":"page","link":"https:\/\/www.dr-majdani.de\/en\/insignia\/","title":{"rendered":"INSIGNIA"},"content":{"rendered":"<div class=\"vc_row wpb_row vc_row-fluid edgtf-section vc_custom_1585501829050 edgtf-content-aligment-left\" style=\"\"><div class=\"clearfix edgtf-full-section-inner\"><div class=\"wpb_column vc_column_container vc_col-sm-12 vc_col-lg-offset-1 vc_col-lg-4\/5\"><div class=\"vc_column-inner\"><div class=\"wpb_wrapper\">\n\t<div class=\"wpb_text_column wpb_content_element\" >\n\t\t<div class=\"wpb_wrapper\">\n\t\t\t<h1>INSIGNIA<\/h1>\n<p>I<em>NSIGNIA<sup>TM<\/sup><\/em> ist eine moderne <a href=\"https:\/\/www.dr-majdani.de\/en\/feste-zahnspangen\/\">fixed braces<\/a>, mit dem eine ganz individuelle, \u201ema\u00dfgeschneiderte\u201d kieferorthop\u00e4dische Korrektur m\u00f6glich wird. Mit diesem innovativen System kann noch vor Behandlungsbeginn, Ihr perfektes Endergebnis und das Design Ihrer Zahnspange an einem virtuellen 3D-Modell visualisiert werden.<\/p>\n\n\t\t<\/div>\n\t<\/div>\n\n\t<div class=\"wpb_text_column wpb_content_element\" >\n\t\t<div class=\"wpb_wrapper\">\n\t\t\t<p>Mit einem digitalen, strahlungsfreien Intraoral-Scanner wird ein pr\u00e4ziser Zahn-Abdruck genommen. Daraus wird ein digitales Modell der Z\u00e4hne erstellt, an dem das individuell optimale Ergebnis vor der Behandlung festgelegt wird. Zahngr\u00f6\u00dfe, Zahn- und Bogenform und viele andere klinische Variablen, wie z.B. die Bracketpositionierung beeinflussen entscheidend das Resultat. Die I<em>NSIGNIA<sup>TM<\/sup><\/em> -Software bezieht diese Variablen bei der Entwicklung Ihres Behandlungskonzeptes von Anfang an mit ein und erm\u00f6glicht so eine deutliche Verk\u00fcrzung der Behandlungszeit mit einem perfekten Ergebnis.<\/p>\n\n\t\t<\/div>\n\t<\/div>\n\n\t<div class=\"wpb_text_column wpb_content_element\" >\n\t\t<div class=\"wpb_wrapper\">\n\t\t\t\n\t\t<\/div>\n\t<\/div>\n<div class=\"vc_empty_space\"   style=\"height: 32px\"><span class=\"vc_empty_space_inner\"><\/span><\/div>\n\t<div class=\"wpb_video_widget wpb_content_element vc_clearfix   vc_video-aspect-ratio-169 vc_video-el-width-100 vc_video-align-left\" >\n\t\t<div class=\"wpb_wrapper\">\n\t\t\t\n\t\t\t<div class=\"wpb_video_wrapper\"><iframe loading=\"lazy\" title=\"insignia\" src=\"https:\/\/player.vimeo.com\/video\/401599712?dnt=1&amp;app_id=122963\" width=\"640\" height=\"360\" frameborder=\"0\" allow=\"autoplay; fullscreen\" allowfullscreen><\/iframe><\/div>\n\t\t<\/div>\n\t<\/div>\n<\/div><\/div><\/div><\/div><\/div><div class=\"vc_row wpb_row vc_row-fluid edgtf-section edgtf-content-aligment-left\" style=\"\"><div class=\"clearfix edgtf-full-section-inner\"><div class=\"wpb_column vc_column_container vc_col-sm-12\"><div class=\"vc_column-inner\"><div class=\"wpb_wrapper\"><div class=\"vc_empty_space\"   style=\"height: 32px\"><span class=\"vc_empty_space_inner\"><\/span><\/div><\/div><\/div><\/div><\/div><\/div>","protected":false},"excerpt":{"rendered":"INSIGNIA INSIGNIATM ist eine moderne feste Zahnspange, mit dem eine ganz individuelle, \u201ema\u00dfgeschneiderte\u201d kieferorthop\u00e4dische Korrektur m\u00f6glich wird. Mit diesem innovativen System kann noch vor Behandlungsbeginn, Ihr perfektes Endergebnis und das Design Ihrer Zahnspange an einem virtuellen 3D-Modell visualisiert werden. Mit einem digitalen, strahlungsfreien Intraoral-Scanner wird...","protected":false},"author":1,"featured_media":0,"parent":0,"menu_order":0,"comment_status":"closed","ping_status":"closed","template":"full-width.php","meta":{"footnotes":""},"class_list":["post-6279","page","type-page","status-publish","hentry"],"aioseo_notices":[],"_links":{"self":[{"href":"https:\/\/www.dr-majdani.de\/en\/wp-json\/wp\/v2\/pages\/6279","targetHints":{"allow":["GET"]}}],"collection":[{"href":"https:\/\/www.dr-majdani.de\/en\/wp-json\/wp\/v2\/pages"}],"about":[{"href":"https:\/\/www.dr-majdani.de\/en\/wp-json\/wp\/v2\/types\/page"}],"author":[{"embeddable":true,"href":"https:\/\/www.dr-majdani.de\/en\/wp-json\/wp\/v2\/users\/1"}],"replies":[{"embeddable":true,"href":"https:\/\/www.dr-majdani.de\/en\/wp-json\/wp\/v2\/comments?post=6279"}],"version-history":[{"count":0,"href":"https:\/\/www.dr-majdani.de\/en\/wp-json\/wp\/v2\/pages\/6279\/revisions"}],"wp:attachment":[{"href":"https:\/\/www.dr-majdani.de\/en\/wp-json\/wp\/v2\/media?parent=6279"}],"curies":[{"name":"wp","href":"https:\/\/api.w.org\/{rel}","templated":true}]}}