{"id":6275,"date":"2018-05-12T17:50:12","date_gmt":"2018-05-12T17:50:12","guid":{"rendered":"http:\/\/www.dr-majdani.de\/?page_id=5061"},"modified":"2025-04-15T11:49:48","modified_gmt":"2025-04-15T09:49:48","slug":"fragen-und-antworten","status":"publish","type":"page","link":"https:\/\/www.dr-majdani.de\/en\/fragen-und-antworten\/","title":{"rendered":"FAQ"},"content":{"rendered":"<div class=\"vc_row wpb_row vc_row-fluid edgtf-section edgtf-content-aligment-left\" style=\"\"><div class=\"clearfix edgtf-full-section-inner\"><div class=\"wpb_column vc_column_container vc_col-sm-12 vc_col-lg-offset-1 vc_col-lg-4\/5 vc_col-md-4\/5\"><div class=\"vc_column-inner vc_custom_1586074410299\"><div class=\"wpb_wrapper\"><div class=\"vc_empty_space\"   style=\"height: 32px\"><span class=\"vc_empty_space_inner\"><\/span><\/div>\n\t<div class=\"wpb_text_column wpb_content_element\" >\n\t\t<div class=\"wpb_wrapper\">\n\t\t\t<h1>FAQ<\/h1>\n\n\t\t<\/div>\n\t<\/div>\n<div class=\"vc_empty_space\"   style=\"height: 32px\"><span class=\"vc_empty_space_inner\"><\/span><\/div><\/div><\/div><\/div><\/div><\/div><div class=\"vc_row wpb_row vc_row-fluid edgtf-section edgtf-content-aligment-left\" style=\"\"><div class=\"clearfix edgtf-full-section-inner\"><div class=\"wpb_column vc_column_container vc_col-sm-12 vc_col-lg-offset-1 vc_col-lg-4\/5 vc_col-md-4\/5\"><div class=\"vc_column-inner vc_custom_1586074430931\"><div class=\"wpb_wrapper\"><div class=\"edgtf-accordion-holder clearfix edgtf-accordion edgtf-initial\">\n\t<h5 class=\"clearfix edgtf-title-holder\">\n\t<span class=\"edgtf-tab-title-holder\">\n\t\t<span class=\"edgtf-tab-title-inner\">\n\t\t\t<span class=\"edgtf-tab-title\">\n\t\t\t\tDoes the health insurance company pay for the initial examination?\t\t\t<\/span>\n\t\t\t<span class=\"edgtf-accordion-mark\">\n\t\t\t\t<span class=\"edgtf-accordion-mark-icon\">\n\t\t\t\t\t<span class=\"icon_plus\"><\/span>\n\t\t\t\t\t<span class=\"icon_minus-06\"><\/span>\n\t\t\t\t<\/span>\n\t\t\t<\/span>\n\t\t<\/span>\n\t<\/span>\n<\/h5>\n<div class=\"edgtf-accordion-content\">\n\t<div class=\"edgtf-accordion-content-inner\">\n\t\t\n\t<div class=\"wpb_text_column wpb_content_element\" >\n\t\t<div class=\"wpb_wrapper\">\n\t\t\t<p>For children, adolescents and adults, the costs of the initial examination are covered by both statutory and private health insurance.<\/p>\n\n\t\t<\/div>\n\t<\/div>\n\t<\/div>\n<\/div><h6 class=\"clearfix edgtf-title-holder\">\n\t<span class=\"edgtf-tab-title-holder\">\n\t\t<span class=\"edgtf-tab-title-inner\">\n\t\t\t<span class=\"edgtf-tab-title\">\n\t\t\t\tWhen should you see an orthodontist?\t\t\t<\/span>\n\t\t\t<span class=\"edgtf-accordion-mark\">\n\t\t\t\t<span class=\"edgtf-accordion-mark-icon\">\n\t\t\t\t\t<span class=\"icon_plus\"><\/span>\n\t\t\t\t\t<span class=\"icon_minus-06\"><\/span>\n\t\t\t\t<\/span>\n\t\t\t<\/span>\n\t\t<\/span>\n\t<\/span>\n<\/h6>\n<div class=\"edgtf-accordion-content\">\n\t<div class=\"edgtf-accordion-content-inner\">\n\t\t\n\t<div class=\"wpb_text_column wpb_content_element\" >\n\t\t<div class=\"wpb_wrapper\">\n\t\t\t<p>The success of orthodontic treatment depends crucially on determining the right time to begin treatment. In cases of severe tooth and jaw misalignment that adversely affect jaw growth, early treatment as early as three or four years of age may be beneficial.<\/p>\n\n\t\t<\/div>\n\t<\/div>\n\t<\/div>\n<\/div><h6 class=\"clearfix edgtf-title-holder\">\n\t<span class=\"edgtf-tab-title-holder\">\n\t\t<span class=\"edgtf-tab-title-inner\">\n\t\t\t<span class=\"edgtf-tab-title\">\n\t\t\t\tAre tooth and jaw misalignments hereditary?\t\t\t<\/span>\n\t\t\t<span class=\"edgtf-accordion-mark\">\n\t\t\t\t<span class=\"edgtf-accordion-mark-icon\">\n\t\t\t\t\t<span class=\"icon_plus\"><\/span>\n\t\t\t\t\t<span class=\"icon_minus-06\"><\/span>\n\t\t\t\t<\/span>\n\t\t\t<\/span>\n\t\t<\/span>\n\t<\/span>\n<\/h6>\n<div class=\"edgtf-accordion-content\">\n\t<div class=\"edgtf-accordion-content-inner\">\n\t\t\n\t<div class=\"wpb_text_column wpb_content_element\" >\n\t\t<div class=\"wpb_wrapper\">\n\t\t\t<p>Misaligned teeth and jaws can be hereditary. If you, as a parent, have been affected by misaligned teeth, we recommend having your child examined by an orthodontist early on. Preventive orthodontic treatment can correct misalignments in a timely manner.<\/p>\n\n\t\t<\/div>\n\t<\/div>\n\t<\/div>\n<\/div><h6 class=\"clearfix edgtf-title-holder\">\n\t<span class=\"edgtf-tab-title-holder\">\n\t\t<span class=\"edgtf-tab-title-inner\">\n\t\t\t<span class=\"edgtf-tab-title\">\n\t\t\t\tCan sucking cause teeth and jaw misalignment?\t\t\t<\/span>\n\t\t\t<span class=\"edgtf-accordion-mark\">\n\t\t\t\t<span class=\"edgtf-accordion-mark-icon\">\n\t\t\t\t\t<span class=\"icon_plus\"><\/span>\n\t\t\t\t\t<span class=\"icon_minus-06\"><\/span>\n\t\t\t\t<\/span>\n\t\t\t<\/span>\n\t\t<\/span>\n\t<\/span>\n<\/h6>\n<div class=\"edgtf-accordion-content\">\n\t<div class=\"edgtf-accordion-content-inner\">\n\t\t\n\t<div class=\"wpb_text_column wpb_content_element\" >\n\t\t<div class=\"wpb_wrapper\">\n\t\t\t<p>If sucking continues beyond the age of three, the jaw is usually permanently deformed and the teeth shift. If the child can be weaned from sucking before the age of three, growth usually returns to normal.<\/p>\n\n\t\t<\/div>\n\t<\/div>\n\t<\/div>\n<\/div><h6 class=\"clearfix edgtf-title-holder\">\n\t<span class=\"edgtf-tab-title-holder\">\n\t\t<span class=\"edgtf-tab-title-inner\">\n\t\t\t<span class=\"edgtf-tab-title\">\n\t\t\t\tWhat are the most modern\/newest treatment methods?\t\t\t<\/span>\n\t\t\t<span class=\"edgtf-accordion-mark\">\n\t\t\t\t<span class=\"edgtf-accordion-mark-icon\">\n\t\t\t\t\t<span class=\"icon_plus\"><\/span>\n\t\t\t\t\t<span class=\"icon_minus-06\"><\/span>\n\t\t\t\t<\/span>\n\t\t\t<\/span>\n\t\t<\/span>\n\t<\/span>\n<\/h6>\n<div class=\"edgtf-accordion-content\">\n\t<div class=\"edgtf-accordion-content-inner\">\n\t\t\n\t<div class=\"wpb_text_column wpb_content_element\" >\n\t\t<div class=\"wpb_wrapper\">\n\t\t\t<p>At our orthodontic practice in Hanover, we rely on the latest technologies and innovative techniques. These modern treatment methods are known as CAD\/CAM methods and, thanks to digitally assisted treatment planning, often offer advantages in terms of precision and treatment time. These methods include suresmile\u00ae Ortho treatment, Insignia treatment, and Invisalign\u00ae therapy. The braces used in these procedures are largely or completely invisible.<\/p>\n<p>We would be happy to advise you in more detail in a personal consultation.<\/p>\n\n\t\t<\/div>\n\t<\/div>\n\t<\/div>\n<\/div><h6 class=\"clearfix edgtf-title-holder\">\n\t<span class=\"edgtf-tab-title-holder\">\n\t\t<span class=\"edgtf-tab-title-inner\">\n\t\t\t<span class=\"edgtf-tab-title\">\n\t\t\t\tUp to what age is orthodontic treatment possible?\t\t\t<\/span>\n\t\t\t<span class=\"edgtf-accordion-mark\">\n\t\t\t\t<span class=\"edgtf-accordion-mark-icon\">\n\t\t\t\t\t<span class=\"icon_plus\"><\/span>\n\t\t\t\t\t<span class=\"icon_minus-06\"><\/span>\n\t\t\t\t<\/span>\n\t\t\t<\/span>\n\t\t<\/span>\n\t<\/span>\n<\/h6>\n<div class=\"edgtf-accordion-content\">\n\t<div class=\"edgtf-accordion-content-inner\">\n\t\t\n\t<div class=\"wpb_text_column wpb_content_element\" >\n\t\t<div class=\"wpb_wrapper\">\n\t\t\t<p>With the help of the latest technologies, we are able to treat our patients gently, regardless of their age.<\/p>\n\n\t\t<\/div>\n\t<\/div>\n\t<\/div>\n<\/div><h6 class=\"clearfix edgtf-title-holder\">\n\t<span class=\"edgtf-tab-title-holder\">\n\t\t<span class=\"edgtf-tab-title-inner\">\n\t\t\t<span class=\"edgtf-tab-title\">\n\t\t\t\tIs there an option to pay in installments?\t\t\t<\/span>\n\t\t\t<span class=\"edgtf-accordion-mark\">\n\t\t\t\t<span class=\"edgtf-accordion-mark-icon\">\n\t\t\t\t\t<span class=\"icon_plus\"><\/span>\n\t\t\t\t\t<span class=\"icon_minus-06\"><\/span>\n\t\t\t\t<\/span>\n\t\t\t<\/span>\n\t\t<\/span>\n\t<\/span>\n<\/h6>\n<div class=\"edgtf-accordion-content\">\n\t<div class=\"edgtf-accordion-content-inner\">\n\t\t\n\t<div class=\"wpb_text_column wpb_content_element\" >\n\t\t<div class=\"wpb_wrapper\">\n\t\t\t<p>At our orthodontic practice in Hannover Kirchrode, we offer you the option of paying all costs conveniently in installments. We would be happy to discuss our installment payment program with you in person.<\/p>\n\n\t\t<\/div>\n\t<\/div>\n\t<\/div>\n<\/div><h6 class=\"clearfix edgtf-title-holder\">\n\t<span class=\"edgtf-tab-title-holder\">\n\t\t<span class=\"edgtf-tab-title-inner\">\n\t\t\t<span class=\"edgtf-tab-title\">\n\t\t\t\tCan fixed braces cause pain?\t\t\t<\/span>\n\t\t\t<span class=\"edgtf-accordion-mark\">\n\t\t\t\t<span class=\"edgtf-accordion-mark-icon\">\n\t\t\t\t\t<span class=\"icon_plus\"><\/span>\n\t\t\t\t\t<span class=\"icon_minus-06\"><\/span>\n\t\t\t\t<\/span>\n\t\t\t<\/span>\n\t\t<\/span>\n\t<\/span>\n<\/h6>\n<div class=\"edgtf-accordion-content\">\n\t<div class=\"edgtf-accordion-content-inner\">\n\t\t\n\t<div class=\"wpb_text_column wpb_content_element\" >\n\t\t<div class=\"wpb_wrapper\">\n\t\t\t<p>Attaching brackets or wires is generally painless. However, the patient needs to get used to the braces first, and the fixed nature of the appliance may cause temporary sensitivity. Generally speaking, after some time, the various tissues in the oral cavity adapt so well to the new situation that brackets, archwires, and bands are barely noticeable. The adjustment period is certainly individual and varies from patient to patient.<\/p>\n\n\t\t<\/div>\n\t<\/div>\n\t<\/div>\n<\/div><h6 class=\"clearfix edgtf-title-holder\">\n\t<span class=\"edgtf-tab-title-holder\">\n\t\t<span class=\"edgtf-tab-title-inner\">\n\t\t\t<span class=\"edgtf-tab-title\">\n\t\t\t\tCan removable braces cause pain?\t\t\t<\/span>\n\t\t\t<span class=\"edgtf-accordion-mark\">\n\t\t\t\t<span class=\"edgtf-accordion-mark-icon\">\n\t\t\t\t\t<span class=\"icon_plus\"><\/span>\n\t\t\t\t\t<span class=\"icon_minus-06\"><\/span>\n\t\t\t\t<\/span>\n\t\t\t<\/span>\n\t\t<\/span>\n\t<\/span>\n<\/h6>\n<div class=\"edgtf-accordion-content\">\n\t<div class=\"edgtf-accordion-content-inner\">\n\t\t\n\t<div class=\"wpb_text_column wpb_content_element\" >\n\t\t<div class=\"wpb_wrapper\">\n\t\t\t<p>Removable braces can cause sensitivity in individual teeth and increased drooling in the first few days. Unlike fixed braces, removable braces may be tempting to remove them. However, this is not recommended. Removable braces must be worn adequately from the beginning.<\/p>\n\n\t\t<\/div>\n\t<\/div>\n\t<\/div>\n<\/div><h6 class=\"clearfix edgtf-title-holder\">\n\t<span class=\"edgtf-tab-title-holder\">\n\t\t<span class=\"edgtf-tab-title-inner\">\n\t\t\t<span class=\"edgtf-tab-title\">\n\t\t\t\tDoes fixed braces cause tooth decay?\t\t\t<\/span>\n\t\t\t<span class=\"edgtf-accordion-mark\">\n\t\t\t\t<span class=\"edgtf-accordion-mark-icon\">\n\t\t\t\t\t<span class=\"icon_plus\"><\/span>\n\t\t\t\t\t<span class=\"icon_minus-06\"><\/span>\n\t\t\t\t<\/span>\n\t\t\t<\/span>\n\t\t<\/span>\n\t<\/span>\n<\/h6>\n<div class=\"edgtf-accordion-content\">\n\t<div class=\"edgtf-accordion-content-inner\">\n\t\t\n\t<div class=\"wpb_text_column wpb_content_element\" >\n\t\t<div class=\"wpb_wrapper\">\n\t\t\t<p>Cleaning teeth with fixed braces is more time-consuming and should be done carefully. With proper dental care, cavities cannot develop.<\/p>\n\n\t\t<\/div>\n\t<\/div>\n\t<\/div>\n<\/div><h6 class=\"clearfix edgtf-title-holder\">\n\t<span class=\"edgtf-tab-title-holder\">\n\t\t<span class=\"edgtf-tab-title-inner\">\n\t\t\t<span class=\"edgtf-tab-title\">\n\t\t\t\tWhat can I do if my braces are pressing?\t\t\t<\/span>\n\t\t\t<span class=\"edgtf-accordion-mark\">\n\t\t\t\t<span class=\"edgtf-accordion-mark-icon\">\n\t\t\t\t\t<span class=\"icon_plus\"><\/span>\n\t\t\t\t\t<span class=\"icon_minus-06\"><\/span>\n\t\t\t\t<\/span>\n\t\t\t<\/span>\n\t\t<\/span>\n\t<\/span>\n<\/h6>\n<div class=\"edgtf-accordion-content\">\n\t<div class=\"edgtf-accordion-content-inner\">\n\t\t\n\t<div class=\"wpb_text_column wpb_content_element\" >\n\t\t<div class=\"wpb_wrapper\">\n\t\t\t<p>It's important to distinguish whether the braces are pressing on the teeth or the gums. If the braces are pressing on the teeth, this is a desired effect and indicates tooth movement. However, if the braces are pressing on the gums and this doesn't go away after a short time, please schedule an emergency appointment.<\/p>\n\n\t\t<\/div>\n\t<\/div>\n\t<\/div>\n<\/div><h6 class=\"clearfix edgtf-title-holder\">\n\t<span class=\"edgtf-tab-title-holder\">\n\t\t<span class=\"edgtf-tab-title-inner\">\n\t\t\t<span class=\"edgtf-tab-title\">\n\t\t\t\tWhat should I do if my removable braces are broken?\t\t\t<\/span>\n\t\t\t<span class=\"edgtf-accordion-mark\">\n\t\t\t\t<span class=\"edgtf-accordion-mark-icon\">\n\t\t\t\t\t<span class=\"icon_plus\"><\/span>\n\t\t\t\t\t<span class=\"icon_minus-06\"><\/span>\n\t\t\t\t<\/span>\n\t\t\t<\/span>\n\t\t<\/span>\n\t<\/span>\n<\/h6>\n<div class=\"edgtf-accordion-content\">\n\t<div class=\"edgtf-accordion-content-inner\">\n\t\t\n\t<div class=\"wpb_text_column wpb_content_element\" >\n\t\t<div class=\"wpb_wrapper\">\n\t\t\t<p>If a small piece has broken off and it doesn't interfere with your braces, you can leave them as they are and we'll see you at your next check-up. However, if wearing them is uncomfortable or the braces are so damaged that you can't continue wearing them, please call us and schedule an emergency appointment at our practice.<\/p>\n<p>If a wire on the removable brace breaks, please contact us for an emergency appointment.<\/p>\n\n\t\t<\/div>\n\t<\/div>\n\t<\/div>\n<\/div><h6 class=\"clearfix edgtf-title-holder\">\n\t<span class=\"edgtf-tab-title-holder\">\n\t\t<span class=\"edgtf-tab-title-inner\">\n\t\t\t<span class=\"edgtf-tab-title\">\n\t\t\t\tWieso passt meine herausnehmbare Zahnspange nicht mehr?\t\t\t<\/span>\n\t\t\t<span class=\"edgtf-accordion-mark\">\n\t\t\t\t<span class=\"edgtf-accordion-mark-icon\">\n\t\t\t\t\t<span class=\"icon_plus\"><\/span>\n\t\t\t\t\t<span class=\"icon_minus-06\"><\/span>\n\t\t\t\t<\/span>\n\t\t\t<\/span>\n\t\t<\/span>\n\t<\/span>\n<\/h6>\n<div class=\"edgtf-accordion-content\">\n\t<div class=\"edgtf-accordion-content-inner\">\n\t\t\n\t<div class=\"wpb_text_column wpb_content_element\" >\n\t\t<div class=\"wpb_wrapper\">\n\t\t\t<p>There can be various reasons for this:<\/p>\n<ol>\n<li>If you adjust the braces, it may happen that your teeth or jaw have not adjusted sufficiently. This could indicate insufficient wear time. In this case, we recommend adjusting the braces once in the opposite direction of the arrow to see if they fit better. Repeat this process several times if necessary. If this does not achieve the desired result, please contact our practice for an emergency appointment.<\/li>\n<li>If you adjust the braces, it may happen that your teeth or jaw have not adjusted sufficiently. This could indicate insufficient wear time. In this case, we recommend adjusting the braces once in the opposite direction of the arrow to see if they fit better. Repeat this process several times if necessary. If this does not achieve the desired result, please contact our practice for an emergency appointment.<\/li>\n<li>For retainers and braces that are no longer being adjusted, the recommended wearing time is especially important, as otherwise the teeth may shift again. If this happens to you, please call our practice for a follow-up appointment.<\/li>\n<\/ol>\n\n\t\t<\/div>\n\t<\/div>\n\t<\/div>\n<\/div><h6 class=\"clearfix edgtf-title-holder\">\n\t<span class=\"edgtf-tab-title-holder\">\n\t\t<span class=\"edgtf-tab-title-inner\">\n\t\t\t<span class=\"edgtf-tab-title\">\n\t\t\t\tWhat should I do if a bracket or metal ring (band) on my fixed braces is loose?\t\t\t<\/span>\n\t\t\t<span class=\"edgtf-accordion-mark\">\n\t\t\t\t<span class=\"edgtf-accordion-mark-icon\">\n\t\t\t\t\t<span class=\"icon_plus\"><\/span>\n\t\t\t\t\t<span class=\"icon_minus-06\"><\/span>\n\t\t\t\t<\/span>\n\t\t\t<\/span>\n\t\t<\/span>\n\t<\/span>\n<\/h6>\n<div class=\"edgtf-accordion-content\">\n\t<div class=\"edgtf-accordion-content-inner\">\n\t\t\n\t<div class=\"wpb_text_column wpb_content_element\" >\n\t\t<div class=\"wpb_wrapper\">\n\t\t\t<p>If a bracket or band has come loose, it must be reattached promptly. Please contact our practice for an emergency appointment.<\/p>\n\n\t\t<\/div>\n\t<\/div>\n\t<\/div>\n<\/div><h6 class=\"clearfix edgtf-title-holder\">\n\t<span class=\"edgtf-tab-title-holder\">\n\t\t<span class=\"edgtf-tab-title-inner\">\n\t\t\t<span class=\"edgtf-tab-title\">\n\t\t\t\tWhat should I do if a wire is pricking or the bow has come loose?\t\t\t<\/span>\n\t\t\t<span class=\"edgtf-accordion-mark\">\n\t\t\t\t<span class=\"edgtf-accordion-mark-icon\">\n\t\t\t\t\t<span class=\"icon_plus\"><\/span>\n\t\t\t\t\t<span class=\"icon_minus-06\"><\/span>\n\t\t\t\t<\/span>\n\t\t\t<\/span>\n\t\t<\/span>\n\t<\/span>\n<\/h6>\n<div class=\"edgtf-accordion-content\">\n\t<div class=\"edgtf-accordion-content-inner\">\n\t\t\n\t<div class=\"wpb_text_column wpb_content_element\" >\n\t\t<div class=\"wpb_wrapper\">\n\t\t\t<p>Due to tooth movement, one end of the wire (arch end) may protrude and prick the cheek mucosa or the tongue.<\/p>\n<p>As a first aid measure for a bothersome bow, use the protective wax we provide (dry the area thoroughly and apply a pea-sized amount of protective wax until the area is well coated). Please do not attempt to shorten or cut off the bow yourself. If the protruding end of the bow does not bother you, please return to your scheduled follow-up appointment. Otherwise, please contact us for an emergency appointment.<\/p>\n\n\t\t<\/div>\n\t<\/div>\n\t<\/div>\n<\/div><h6 class=\"clearfix edgtf-title-holder\">\n\t<span class=\"edgtf-tab-title-holder\">\n\t\t<span class=\"edgtf-tab-title-inner\">\n\t\t\t<span class=\"edgtf-tab-title\">\n\t\t\t\tCan a gap in the teeth occur during the treatment phase?\t\t\t<\/span>\n\t\t\t<span class=\"edgtf-accordion-mark\">\n\t\t\t\t<span class=\"edgtf-accordion-mark-icon\">\n\t\t\t\t\t<span class=\"icon_plus\"><\/span>\n\t\t\t\t\t<span class=\"icon_minus-06\"><\/span>\n\t\t\t\t<\/span>\n\t\t\t<\/span>\n\t\t<\/span>\n\t<\/span>\n<\/h6>\n<div class=\"edgtf-accordion-content\">\n\t<div class=\"edgtf-accordion-content-inner\">\n\t\t\n\t<div class=\"wpb_text_column wpb_content_element\" >\n\t\t<div class=\"wpb_wrapper\">\n\t\t\t<p>Especially at the beginning of treatment with fixed braces, when the dental arches are being shaped, small gaps may temporarily appear between the teeth. These gaps will disappear over the course of treatment. If you are still unsure, please call us.<\/p>\n\n\t\t<\/div>\n\t<\/div>\n\t<\/div>\n<\/div><h6 class=\"clearfix edgtf-title-holder\">\n\t<span class=\"edgtf-tab-title-holder\">\n\t\t<span class=\"edgtf-tab-title-inner\">\n\t\t\t<span class=\"edgtf-tab-title\">\n\t\t\t\tWhat should I do if a hook for attaching elastic bands has come loose?\t\t\t<\/span>\n\t\t\t<span class=\"edgtf-accordion-mark\">\n\t\t\t\t<span class=\"edgtf-accordion-mark-icon\">\n\t\t\t\t\t<span class=\"icon_plus\"><\/span>\n\t\t\t\t\t<span class=\"icon_minus-06\"><\/span>\n\t\t\t\t<\/span>\n\t\t\t<\/span>\n\t\t<\/span>\n\t<\/span>\n<\/h6>\n<div class=\"edgtf-accordion-content\">\n\t<div class=\"edgtf-accordion-content-inner\">\n\t\t\n\t<div class=\"wpb_text_column wpb_content_element\" >\n\t\t<div class=\"wpb_wrapper\">\n\t\t\t<p>To reattach the hook, please make an appointment with our practice.<\/p>\n\n\t\t<\/div>\n\t<\/div>\n\t<\/div>\n<\/div><h6 class=\"clearfix edgtf-title-holder\">\n\t<span class=\"edgtf-tab-title-holder\">\n\t\t<span class=\"edgtf-tab-title-inner\">\n\t\t\t<span class=\"edgtf-tab-title\">\n\t\t\t\tWhat can I do if my TMJ splint is broken or chafing?\t\t\t<\/span>\n\t\t\t<span class=\"edgtf-accordion-mark\">\n\t\t\t\t<span class=\"edgtf-accordion-mark-icon\">\n\t\t\t\t\t<span class=\"icon_plus\"><\/span>\n\t\t\t\t\t<span class=\"icon_minus-06\"><\/span>\n\t\t\t\t<\/span>\n\t\t\t<\/span>\n\t\t<\/span>\n\t<\/span>\n<\/h6>\n<div class=\"edgtf-accordion-content\">\n\t<div class=\"edgtf-accordion-content-inner\">\n\t\t\n\t<div class=\"wpb_text_column wpb_content_element\" >\n\t\t<div class=\"wpb_wrapper\">\n\t\t\t<p>If your TMJ splint is broken, defective, or rubbing against your gums, please schedule an appointment at our practice. In individual cases, the splint can be repaired or adjusted, but in most cases, a new splint will be necessary. An in-person appointment with your splinter is required to determine this.<\/p>\n\n\t\t<\/div>\n\t<\/div>\n\t<\/div>\n<\/div><h6 class=\"clearfix edgtf-title-holder\">\n\t<span class=\"edgtf-tab-title-holder\">\n\t\t<span class=\"edgtf-tab-title-inner\">\n\t\t\t<span class=\"edgtf-tab-title\">\n\t\t\t\tWhat should I do if the adhesive point on the retainer wire is loose?\t\t\t<\/span>\n\t\t\t<span class=\"edgtf-accordion-mark\">\n\t\t\t\t<span class=\"edgtf-accordion-mark-icon\">\n\t\t\t\t\t<span class=\"icon_plus\"><\/span>\n\t\t\t\t\t<span class=\"icon_minus-06\"><\/span>\n\t\t\t\t<\/span>\n\t\t\t<\/span>\n\t\t<\/span>\n\t<\/span>\n<\/h6>\n<div class=\"edgtf-accordion-content\">\n\t<div class=\"edgtf-accordion-content-inner\">\n\t\t\n\t<div class=\"wpb_text_column wpb_content_element\" >\n\t\t<div class=\"wpb_wrapper\">\n\t\t\t<p>It's important to ensure that the removable retainer\/splint is worn every night, as otherwise the teeth in the loosened area can quickly shift again. Please schedule an appointment for reattachment as soon as possible.<\/p>\n\n\t\t<\/div>\n\t<\/div>\n\t<\/div>\n<\/div><\/div><div class=\"vc_empty_space\"   style=\"height: 32px\"><span class=\"vc_empty_space_inner\"><\/span><\/div><\/div><\/div><\/div><\/div><\/div>","protected":false},"excerpt":{"rendered":"Fragen &amp; Antworten Zahlt die Krankenkasse die Erstuntersuchung? Bei Kindern, Jugendlichen und Erwachsenen werden die Kosten f\u00fcr die Erstuntersuchung sowohl von den gesetzlichen als auch von den privaten Krankenversicherungen \u00fcbernommen. Wann sollte man sich bei einem Kieferorthop\u00e4den vorstellen? Der Behandlungserfolg einer kieferorthop\u00e4dischen Behandlung h\u00e4ngt ganz...","protected":false},"author":1,"featured_media":0,"parent":0,"menu_order":0,"comment_status":"closed","ping_status":"closed","template":"full-width.php","meta":{"footnotes":""},"class_list":["post-6275","page","type-page","status-publish","hentry"],"aioseo_notices":[],"_links":{"self":[{"href":"https:\/\/www.dr-majdani.de\/en\/wp-json\/wp\/v2\/pages\/6275","targetHints":{"allow":["GET"]}}],"collection":[{"href":"https:\/\/www.dr-majdani.de\/en\/wp-json\/wp\/v2\/pages"}],"about":[{"href":"https:\/\/www.dr-majdani.de\/en\/wp-json\/wp\/v2\/types\/page"}],"author":[{"embeddable":true,"href":"https:\/\/www.dr-majdani.de\/en\/wp-json\/wp\/v2\/users\/1"}],"replies":[{"embeddable":true,"href":"https:\/\/www.dr-majdani.de\/en\/wp-json\/wp\/v2\/comments?post=6275"}],"version-history":[{"count":0,"href":"https:\/\/www.dr-majdani.de\/en\/wp-json\/wp\/v2\/pages\/6275\/revisions"}],"wp:attachment":[{"href":"https:\/\/www.dr-majdani.de\/en\/wp-json\/wp\/v2\/media?parent=6275"}],"curies":[{"name":"wp","href":"https:\/\/api.w.org\/{rel}","templated":true}]}}