{"id":12,"date":"2020-06-14T20:39:04","date_gmt":"2020-06-14T18:39:04","guid":{"rendered":"https:\/\/dr-majdani.de\/?page_id=12"},"modified":"2025-09-07T14:22:09","modified_gmt":"2025-09-07T12:22:09","slug":"home","status":"publish","type":"page","link":"https:\/\/www.dr-majdani.de\/en\/","title":{"rendered":"Dr. Aleksandra Majdani &#8211; Kieferorthop\u00e4die Hannover"},"content":{"rendered":"<div class=\"vc_row wpb_row vc_row-fluid edgtf-section edgtf-content-aligment-left\" style=\"\"><div class=\"clearfix edgtf-full-section-inner\"><div class=\"ontop wpb_column vc_column_container vc_col-sm-2\/5 vc_col-lg-offset-0 vc_col-lg-12 vc_col-md-offset-0 vc_col-md-12 vc_col-sm-offset-0 vc_col-xs-12\"><div class=\"vc_column-inner\"><div class=\"wpb_wrapper\"><a href=\"#\" target=\"_self\" style=\"color: #000000;background-color: #ffffff;border-color: #ffffff;font-size: 15px;font-weight: 500;margin: 1px 1px 1px 1px\" class=\"edgtf-btn edgtf-btn-small edgtf-btn-solid edgtf-btn-custom-hover-bg edgtf-btn-custom-border-hover edgtf-btn-custom-hover-color appointment homeButton appointmentButton\" data-hover-bg-color=\"#f7f7f7\" data-hover-color=\"#efefef\" data-hover-border-color=\"#ffffff\" >\n    <span class=\"edgtf-btn-text\">Book an appointment \ud83d\udcc6<\/span><\/a><\/div><\/div><\/div><\/div><\/div><div class=\"vc_row wpb_row vc_row-fluid edgtf-section vc_custom_1743605408022 edgtf-content-aligment-left\" style=\"\"><div class=\"clearfix edgtf-full-section-inner\"><div class=\"float-left wpb_column vc_column_container vc_col-sm-12 vc_col-lg-offset-1 vc_col-lg-10\"><div class=\"vc_column-inner\"><div class=\"wpb_wrapper\">\n    <span class=\"edgtf-icon-shortcode normal edgtf-icon-large\"  data-color=\"#000000\">\n        \n        <i class=\"edgtf-icon-font-awesome fa fa-exclamation-circle edgtf-icon-element\" style=\"color: #000000\" ><\/i>\n            <\/span>\n\n\n\t<div class=\"wpb_text_column wpb_content_element\" >\n\t\t<div class=\"wpb_wrapper\">\n\t\t\t<p>Dear new patients, we are a modern, fully digitalized practice and strive to offer you excellent treatment. To ensure we can meet this standard, we recommend taking out supplementary private insurance before your first consultation. Since we cannot predict which costs your statutory health insurance will cover for your child, additional costs may apply in most cases.<\/p>\n\n\t\t<\/div>\n\t<\/div>\n<\/div><\/div><\/div><\/div><\/div><div class=\"vc_row wpb_row vc_row-fluid edgtf-section vc_custom_1665394752600 edgtf-content-aligment-left\" style=\"\"><div class=\"clearfix edgtf-full-section-inner\"><div class=\"wpb_column vc_column_container vc_col-sm-12 vc_col-lg-offset-1 vc_col-lg-10\"><div class=\"vc_column-inner vc_custom_1664359239691\"><div class=\"wpb_wrapper\">\n\t<div class=\"wpb_text_column wpb_content_element\" >\n\t\t<div class=\"wpb_wrapper\">\n\t\t\t<h3>Your practice for<\/h3>\n<h1>Orthodontics in Hannover<\/h1>\n<p>We look forward to your visit to our modern orthodontic practice in Hannover Kirchrode \u2013 Bemerode! We offer comprehensive consultations and qualified orthodontic treatment tailored to your needs.<\/p>\n<h3>Effective and uncomplicated tooth correction is possible at any age<\/h3>\n<p>Beautiful, straight teeth look attractive and keep you healthy \u2013 whether in adults, teenagers, or children. Therefore, in addition to the classic treatment of malocclusions and temporomandibular joint disorders, we specialize in comfortable and discreet tooth correction with removable braces and invisible aligners. These include <a href=\"https:\/\/www.dr-majdani.de\/en\/invisalign\/\">Invisalign<\/a>\u00ae Aligner and Insignia\u2122 Advanced Smile Design.<\/p>\n<p>Our costs are also transparent: If additional payments or out-of-pocket expenses are required, we will provide you with a binding cost estimate. Upon request, we will be happy to prepare a personalized financing plan for you.<\/p>\n<p>We accompany you on the way to a radiant smile,<\/p>\n<p>Dr. Aleksandra Majdani &amp; Team<\/p>\n<p>Specialist practice for innovative orthodontics Hannover<\/p>\n\n\t\t<\/div>\n\t<\/div>\n<div class=\"vc_empty_space\"   style=\"height: 32px\"><span class=\"vc_empty_space_inner\"><\/span><\/div><\/div><\/div><\/div><\/div><\/div><div class=\"vc_row wpb_row vc_row-fluid edgtf-section vc_custom_1744386033857 edgtf-content-aligment-left\" style=\"\"><div class=\"clearfix edgtf-full-section-inner\"><div class=\"wpb_column vc_column_container vc_col-sm-12 vc_col-lg-offset-1 vc_col-lg-10\"><div class=\"vc_column-inner vc_custom_1744385672271\"><div class=\"wpb_wrapper\">\n    <span class=\"edgtf-icon-shortcode normal edgtf-icon-tiny\"  >\n        \n        <i class=\"edgtf-icon-font-awesome fa  edgtf-icon-element\" style=\"\" ><\/i>\n            <\/span>\n\n\n\t<div class=\"wpb_text_column wpb_content_element\" >\n\t\t<div class=\"wpb_wrapper\">\n\t\t\t<p class=\"text-24 xs:text-20\"><span style=\"color: #ffcc00; font-size: 40px;\">\u22c6\u22c6\u22c6\u22c6\u22c6<\/span><\/p>\n<h3 class=\"text-24 xs:text-20\"><strong>\u201cI felt very comfortable at every appointment and can absolutely recommend the practice.\u201d<\/strong><\/h3>\n<p class=\"text-24 xs:text-20\">\"I am completely satisfied with my almost year-long brace treatment at the practice. The staff at the reception and in the treatment room are extremely friendly and polite and always attended to my concerns immediately. I find Dr. Majdani very professional and am very impressed by her pleasant, calm, and friendly manner. I felt very comfortable at every appointment and can highly recommend the practice.\"<br \/>\n<span style=\"color: #ffcc00; font-size: 40px;\"><br \/>\n<\/span><\/p>\n<p style=\"text-align: right;\">Appointment verified by <span style=\"color: #000000;\"><a style=\"color: #000000;\" href=\"https:\/\/www.jameda.de\/aleksandra-majdani\/zahnarzt\/hannover\">Jameda.de<\/a><\/span><\/p>\n\n\t\t<\/div>\n\t<\/div>\n<\/div><\/div><\/div><\/div><\/div><div class=\"vc_row wpb_row vc_row-fluid edgtf-section vc_custom_1744386024219 edgtf-content-aligment-left\" style=\"\"><div class=\"clearfix edgtf-full-section-inner\"><div class=\"wpb_column vc_column_container vc_col-sm-12 vc_col-lg-offset-0 vc_col-lg-6 vc_col-md-offset-0 vc_col-md-6 vc_col-sm-offset-0\"><div class=\"vc_column-inner vc_custom_1708003149055\"><div class=\"wpb_wrapper\">\n\t<div  class=\"wpb_single_image wpb_content_element vc_align_left\">\n\t\t\n\t\t<figure class=\"wpb_wrapper vc_figure\">\n\t\t\t<a href=\"https:\/\/www.dr-majdani.de\/en\/erwachsene\/\" target=\"_self\" class=\"vc_single_image-wrapper   vc_box_border_grey\"><img loading=\"lazy\" decoding=\"async\" width=\"999\" height=\"333\" src=\"https:\/\/www.dr-majdani.de\/wp-content\/uploads\/2021\/02\/s5.jpg\" class=\"vc_single_image-img attachment-full\" alt=\"Erwachsene\" title=\"Adults\" srcset=\"https:\/\/www.dr-majdani.de\/wp-content\/uploads\/2021\/02\/s5.jpg 999w, https:\/\/www.dr-majdani.de\/wp-content\/uploads\/2021\/02\/s5-300x100.jpg 300w, https:\/\/www.dr-majdani.de\/wp-content\/uploads\/2021\/02\/s5-768x256.jpg 768w\" sizes=\"auto, (max-width: 999px) 100vw, 999px\" \/><\/a>\n\t\t<\/figure>\n\t<\/div>\n\n\t<div class=\"wpb_text_column wpb_content_element\" >\n\t\t<div class=\"wpb_wrapper\">\n\t\t\t<h3><a href=\"https:\/\/www.dr-majdani.de\/en\/erwachsene\/\">Adults<\/a><\/h3>\n<p>It's never too late for effective orthodontic treatment! Orthodontic treatment for adults focuses not only on aesthetics, but also on the overall health and dental health of our patients.<\/p>\n\n\t\t<\/div>\n\t<\/div>\n<\/div><\/div><\/div><div class=\"wpb_column vc_column_container vc_col-sm-12 vc_col-lg-6 vc_col-md-offset-0 vc_col-md-6 vc_col-sm-offset-0\"><div class=\"vc_column-inner vc_custom_1708003159913\"><div class=\"wpb_wrapper\">\n\t<div  class=\"wpb_single_image wpb_content_element vc_align_left\">\n\t\t\n\t\t<figure class=\"wpb_wrapper vc_figure\">\n\t\t\t<a href=\"https:\/\/www.dr-majdani.de\/en\/kinder\/\" target=\"_self\" class=\"vc_single_image-wrapper   vc_box_border_grey\"><img loading=\"lazy\" decoding=\"async\" width=\"999\" height=\"333\" src=\"https:\/\/www.dr-majdani.de\/wp-content\/uploads\/2021\/02\/s4.jpg\" class=\"vc_single_image-img attachment-full\" alt=\"Kinder\" title=\"Children\" srcset=\"https:\/\/www.dr-majdani.de\/wp-content\/uploads\/2021\/02\/s4.jpg 999w, https:\/\/www.dr-majdani.de\/wp-content\/uploads\/2021\/02\/s4-300x100.jpg 300w, https:\/\/www.dr-majdani.de\/wp-content\/uploads\/2021\/02\/s4-768x256.jpg 768w\" sizes=\"auto, (max-width: 999px) 100vw, 999px\" \/><\/a>\n\t\t<\/figure>\n\t<\/div>\n\n\t<div class=\"wpb_text_column wpb_content_element\" >\n\t\t<div class=\"wpb_wrapper\">\n\t\t\t<h3><a href=\"https:\/\/www.dr-majdani.de\/en\/kinder\/\">Children<\/a><\/h3>\n<p>Healthy, straight teeth aren't just important for appearance. Good dental function influences our health throughout our lives. Orthodontic treatment is possible and beneficial at any age: for children, adolescents, and adults. It's important to us to provide our young patients with treatment that meets their needs and desires.<\/p>\n\n\t\t<\/div>\n\t<\/div>\n<\/div><\/div><\/div><\/div><\/div><div class=\"vc_row wpb_row vc_row-fluid edgtf-section vc_custom_1589890143057 edgtf-content-aligment-left\" style=\"\"><div class=\"clearfix edgtf-full-section-inner\"><div class=\"wpb_column vc_column_container vc_col-sm-12 vc_col-lg-offset-0 vc_col-lg-6 vc_col-md-offset-0 vc_col-md-6 vc_col-sm-offset-0\"><div class=\"vc_column-inner vc_custom_1708003201473\"><div class=\"wpb_wrapper\">\n\t<div  class=\"wpb_single_image wpb_content_element vc_align_left\">\n\t\t\n\t\t<figure class=\"wpb_wrapper vc_figure\">\n\t\t\t<a href=\"https:\/\/www.dr-majdani.de\/en\/jugendliche\/\" target=\"_self\" class=\"vc_single_image-wrapper   vc_box_border_grey\"><img loading=\"lazy\" decoding=\"async\" width=\"999\" height=\"333\" src=\"https:\/\/www.dr-majdani.de\/wp-content\/uploads\/2021\/02\/s6.jpg\" class=\"vc_single_image-img attachment-full\" alt=\"Jugendliche\" title=\"Youth\" srcset=\"https:\/\/www.dr-majdani.de\/wp-content\/uploads\/2021\/02\/s6.jpg 999w, https:\/\/www.dr-majdani.de\/wp-content\/uploads\/2021\/02\/s6-300x100.jpg 300w, https:\/\/www.dr-majdani.de\/wp-content\/uploads\/2021\/02\/s6-768x256.jpg 768w\" sizes=\"auto, (max-width: 999px) 100vw, 999px\" \/><\/a>\n\t\t<\/figure>\n\t<\/div>\n\n\t<div class=\"wpb_text_column wpb_content_element\" >\n\t\t<div class=\"wpb_wrapper\">\n\t\t\t<h3><a href=\"https:\/\/www.dr-majdani.de\/en\/jugendliche\/\">Youth<\/a><\/h3>\n<p>In our innovative orthodontic practice, young people find their way to a radiant smile! The special needs of adolescents' orthodontic treatment are taken into account in our orthodontic practice based on a holistic approach to orthodontics.<\/p>\n\n\t\t<\/div>\n\t<\/div>\n<\/div><\/div><\/div><div class=\"wpb_column vc_column_container vc_col-sm-12 vc_col-lg-6 vc_col-md-offset-0 vc_col-md-6 vc_col-sm-offset-0\"><div class=\"vc_column-inner vc_custom_1708003210507\"><div class=\"wpb_wrapper\">\n\t<div  class=\"wpb_single_image wpb_content_element vc_align_left\">\n\t\t\n\t\t<figure class=\"wpb_wrapper vc_figure\">\n\t\t\t<a href=\"https:\/\/www.dr-majdani.de\/en\/philips-zoom\/\" target=\"_self\" class=\"vc_single_image-wrapper   vc_box_border_grey\"><img loading=\"lazy\" decoding=\"async\" width=\"999\" height=\"333\" src=\"https:\/\/www.dr-majdani.de\/wp-content\/uploads\/2021\/02\/s7.jpg\" class=\"vc_single_image-img attachment-full\" alt=\"Philips Zoom\" title=\"Philips Zoom\" srcset=\"https:\/\/www.dr-majdani.de\/wp-content\/uploads\/2021\/02\/s7.jpg 999w, https:\/\/www.dr-majdani.de\/wp-content\/uploads\/2021\/02\/s7-300x100.jpg 300w, https:\/\/www.dr-majdani.de\/wp-content\/uploads\/2021\/02\/s7-768x256.jpg 768w\" sizes=\"auto, (max-width: 999px) 100vw, 999px\" \/><\/a>\n\t\t<\/figure>\n\t<\/div>\n\n\t<div class=\"wpb_text_column wpb_content_element\" >\n\t\t<div class=\"wpb_wrapper\">\n\t\t\t<h3><a href=\"https:\/\/www.dr-majdani.de\/en\/philips-zoom\/\">Philips Zoom!<\/a><\/h3>\n<div class=\"wpb_text_column wpb_content_element\">\n<div class=\"wpb_wrapper\">\n<p>Gentle teeth whitening is performed under professional supervision according to the latest scientific standards in your orthodontic practice in Kirchrode. Radiant white teeth are a status symbol and a positive eye-catcher, providing a great finishing touch after orthodontic treatment.<\/p>\n<\/div>\n<\/div>\n\n\t\t<\/div>\n\t<\/div>\n<\/div><\/div><\/div><\/div><\/div><div class=\"vc_row wpb_row vc_row-fluid edgtf-section vc_custom_1589890143057 edgtf-content-aligment-left\" style=\"\"><div class=\"clearfix edgtf-full-section-inner\"><div class=\"wpb_column vc_column_container vc_col-sm-12 vc_col-lg-offset-0 vc_col-lg-6 vc_col-md-offset-0 vc_col-md-6 vc_col-sm-offset-0\"><div class=\"vc_column-inner vc_custom_1708003219977\"><div class=\"wpb_wrapper\">\n\t<div  class=\"wpb_single_image wpb_content_element vc_align_left   invisSq\">\n\t\t\n\t\t<figure class=\"wpb_wrapper vc_figure\">\n\t\t\t<a href=\"https:\/\/www.dr-majdani.de\/en\/invisalign\/\" target=\"_self\" class=\"vc_single_image-wrapper   vc_box_border_grey\"><img loading=\"lazy\" decoding=\"async\" width=\"1000\" height=\"333\" src=\"https:\/\/www.dr-majdani.de\/wp-content\/uploads\/2024\/02\/invisalign.jpg\" class=\"vc_single_image-img attachment-full\" alt=\"Invisalign Hannover\" title=\"Invisalign Hannover\" srcset=\"https:\/\/www.dr-majdani.de\/wp-content\/uploads\/2024\/02\/invisalign.jpg 1000w, https:\/\/www.dr-majdani.de\/wp-content\/uploads\/2024\/02\/invisalign-300x100.jpg 300w, https:\/\/www.dr-majdani.de\/wp-content\/uploads\/2024\/02\/invisalign-768x256.jpg 768w\" sizes=\"auto, (max-width: 1000px) 100vw, 1000px\" \/><\/a>\n\t\t<\/figure>\n\t<\/div>\n\n\t<div class=\"wpb_text_column wpb_content_element\" >\n\t\t<div class=\"wpb_wrapper\">\n\t\t\t<h3><a href=\"https:\/\/www.dr-majdani.de\/en\/invisalign\/\">Invisalign<\/a><\/h3>\n<p>Do you want straight, beautiful teeth but don't want to wear visible braces? Invisalign aligners offer a discreet and comfortable solution for work, everyday life, and leisure. They're suitable not only for adults but also for children and teenagers.<\/p>\n\n\t\t<\/div>\n\t<\/div>\n<\/div><\/div><\/div><div class=\"wpb_column vc_column_container vc_col-sm-12 vc_col-lg-6 vc_col-md-offset-0 vc_col-md-6 vc_col-sm-offset-0\"><div class=\"vc_column-inner vc_custom_1708003228316\"><div class=\"wpb_wrapper\">\n\t<div  class=\"wpb_single_image wpb_content_element vc_align_left\">\n\t\t\n\t\t<figure class=\"wpb_wrapper vc_figure\">\n\t\t\t<a href=\"https:\/\/www.dr-majdani.de\/en\/zahnspange\/\" target=\"_self\" class=\"vc_single_image-wrapper   vc_box_border_grey\"><img loading=\"lazy\" decoding=\"async\" width=\"1000\" height=\"333\" src=\"https:\/\/www.dr-majdani.de\/wp-content\/uploads\/2024\/02\/zahnspange.jpg\" class=\"vc_single_image-img attachment-full\" alt=\"Zahnspange\" title=\"Braces\" srcset=\"https:\/\/www.dr-majdani.de\/wp-content\/uploads\/2024\/02\/zahnspange.jpg 1000w, https:\/\/www.dr-majdani.de\/wp-content\/uploads\/2024\/02\/zahnspange-300x100.jpg 300w, https:\/\/www.dr-majdani.de\/wp-content\/uploads\/2024\/02\/zahnspange-768x256.jpg 768w\" sizes=\"auto, (max-width: 1000px) 100vw, 1000px\" \/><\/a>\n\t\t<\/figure>\n\t<\/div>\n\n\t<div class=\"wpb_text_column wpb_content_element\" >\n\t\t<div class=\"wpb_wrapper\">\n\t\t\t<h3><a href=\"https:\/\/www.dr-majdani.de\/en\/zahnspange\/\">Braces<\/a><\/h3>\n<p>Our examination and treatment methods are based on the latest scientific findings and are individually tailored to you or your child. At our orthodontic practice in Hanover, we offer the full spectrum of orthodontic tooth correction and braces:<\/p>\n\n\t\t<\/div>\n\t<\/div>\n<\/div><\/div><\/div><\/div><\/div><div class=\"vc_row wpb_row vc_row-fluid edgtf-section vc_custom_1748430839479 edgtf-content-aligment-left\" style=\"\"><div class=\"clearfix edgtf-full-section-inner\"><div class=\"wpb_column vc_column_container vc_col-sm-12 vc_col-lg-offset-1 vc_col-lg-10\"><div class=\"vc_column-inner vc_custom_1748432382385\"><div class=\"wpb_wrapper\"><div class=\"edgtf-accordion-holder clearfix edgtf-accordion edgtf-initial\">\n\t<h3 class=\"clearfix edgtf-title-holder\">\n\t<span class=\"edgtf-tab-title-holder\">\n\t\t<span class=\"edgtf-tab-title-inner\">\n\t\t\t<span class=\"edgtf-tab-title\">\n\t\t\t\tWhen should you see an orthodontist?\t\t\t<\/span>\n\t\t\t<span class=\"edgtf-accordion-mark\">\n\t\t\t\t<span class=\"edgtf-accordion-mark-icon\">\n\t\t\t\t\t<span class=\"icon_plus\"><\/span>\n\t\t\t\t\t<span class=\"icon_minus-06\"><\/span>\n\t\t\t\t<\/span>\n\t\t\t<\/span>\n\t\t<\/span>\n\t<\/span>\n<\/h3>\n<div class=\"edgtf-accordion-content\">\n\t<div class=\"edgtf-accordion-content-inner\">\n\t\t\n\t<div class=\"wpb_text_column wpb_content_element\" >\n\t\t<div class=\"wpb_wrapper\">\n\t\t\t<p>The success of orthodontic treatment depends crucially on determining the right time to begin treatment. In cases of severe tooth and jaw misalignment that adversely affect jaw growth, early treatment as early as three or four years of age may be beneficial.<\/p>\n\n\t\t<\/div>\n\t<\/div>\n\t<\/div>\n<\/div><h3 class=\"clearfix edgtf-title-holder\">\n\t<span class=\"edgtf-tab-title-holder\">\n\t\t<span class=\"edgtf-tab-title-inner\">\n\t\t\t<span class=\"edgtf-tab-title\">\n\t\t\t\tDoes the health insurance company pay for the initial examination?\t\t\t<\/span>\n\t\t\t<span class=\"edgtf-accordion-mark\">\n\t\t\t\t<span class=\"edgtf-accordion-mark-icon\">\n\t\t\t\t\t<span class=\"icon_plus\"><\/span>\n\t\t\t\t\t<span class=\"icon_minus-06\"><\/span>\n\t\t\t\t<\/span>\n\t\t\t<\/span>\n\t\t<\/span>\n\t<\/span>\n<\/h3>\n<div class=\"edgtf-accordion-content\">\n\t<div class=\"edgtf-accordion-content-inner\">\n\t\t\n\t<div class=\"wpb_text_column wpb_content_element\" >\n\t\t<div class=\"wpb_wrapper\">\n\t\t\t<p>For children, adolescents and adults, the costs of the initial examination are covered by both statutory and private health insurance.<\/p>\n\n\t\t<\/div>\n\t<\/div>\n\t<\/div>\n<\/div><h3 class=\"clearfix edgtf-title-holder\">\n\t<span class=\"edgtf-tab-title-holder\">\n\t\t<span class=\"edgtf-tab-title-inner\">\n\t\t\t<span class=\"edgtf-tab-title\">\n\t\t\t\tIs there an option to pay in installments?\t\t\t<\/span>\n\t\t\t<span class=\"edgtf-accordion-mark\">\n\t\t\t\t<span class=\"edgtf-accordion-mark-icon\">\n\t\t\t\t\t<span class=\"icon_plus\"><\/span>\n\t\t\t\t\t<span class=\"icon_minus-06\"><\/span>\n\t\t\t\t<\/span>\n\t\t\t<\/span>\n\t\t<\/span>\n\t<\/span>\n<\/h3>\n<div class=\"edgtf-accordion-content\">\n\t<div class=\"edgtf-accordion-content-inner\">\n\t\t\n\t<div class=\"wpb_text_column wpb_content_element\" >\n\t\t<div class=\"wpb_wrapper\">\n\t\t\t<p>At our orthodontic practice in Hannover Kirchrode, we offer you the option of paying all costs conveniently in installments. We would be happy to discuss our installment payment program with you in person.<\/p>\n\n\t\t<\/div>\n\t<\/div>\n\t<\/div>\n<\/div><\/div><\/div><\/div><\/div><\/div><\/div><div class=\"vc_row wpb_row vc_row-fluid edgtf-section vc_custom_1744386053508 edgtf-content-aligment-left\" style=\"\"><div class=\"clearfix edgtf-full-section-inner\"><div class=\"edgtf-row-animations-holder edgtf-element-from-fade\" data-animation=\"edgtf-element-from-fade\"><div><div class=\"map wpb_column vc_column_container vc_col-sm-12 vc_col-lg-12 vc_col-sm-offset-0 vc_col-has-fill\"><div class=\"vc_column-inner vc_custom_1744377323246\"><div class=\"wpb_wrapper\">\n\t<div class=\"wpb_raw_code wpb_content_element wpb_raw_html\" >\n\t\t<div class=\"wpb_wrapper\">\n\t\t\t<iframe\n  class=\"cookieconsent-optin-marketing\"\n  width=\"100%\"\n  height=\"250\"\n  frameborder=\"0\" style=\"border:0\"\n  referrerpolicy=\"no-referrer-when-downgrade\"\n  src=\"https:\/\/www.google.com\/maps\/embed\/v1\/place?key=AIzaSyCjV24tXwTSM7FPrP6zv9Gc939v8laWO_s&q=dr+majdani+tiergarten+strasse+130+hannover\"\n  loading=\"lazy\"\n  >\n<\/iframe>\n\t\t<\/div>\n\t<\/div>\n<\/div><\/div><\/div><\/div><\/div><\/div><\/div><div class=\"vc_row wpb_row vc_row-fluid edgtf-section vc_custom_1742888246174 edgtf-content-aligment-left\" style=\"\"><div class=\"clearfix edgtf-full-section-inner\"><div class=\"wpb_column vc_column_container vc_col-sm-4 vc_col-lg-offset-0 vc_col-lg-3 vc_col-md-offset-0 vc_col-md-5 vc_col-sm-offset-0\"><div class=\"vc_column-inner vc_custom_1742888674779\"><div class=\"wpb_wrapper\"><div class=\"vc_empty_space\"   style=\"height: 12px\"><span class=\"vc_empty_space_inner\"><\/span><\/div>\n\t<div class=\"wpb_text_column wpb_content_element\" >\n\t\t<div class=\"wpb_wrapper\">\n\t\t\t<h3>Contact<\/h3>\n\n\t\t<\/div>\n\t<\/div>\n<div class=\"vc_empty_space\"   style=\"height: 12px\"><span class=\"vc_empty_space_inner\"><\/span><\/div><div class=\"edgtf-icon-list-item\">\n\t<div class=\"edgtf-icon-list-icon-holder\">\n        <div class=\"edgtf-icon-list-icon-holder-inner clearfix\">\n\t\t\t<i class=\"edgtf-icon-font-awesome fa fa-map-marker\" style=\"color:#000000;font-size:20px\" ><\/i>\t\t<\/div>\n\t<\/div>\n\t<p class=\"edgtf-icon-list-text\" style=\"color:#000000;font-size:14px\" > Tiergartenstr. 130, 30559 Hannover<\/p>\n<\/div><div class=\"edgtf-icon-list-item\">\n\t<div class=\"edgtf-icon-list-icon-holder\">\n        <div class=\"edgtf-icon-list-icon-holder-inner clearfix\">\n\t\t\t<i class=\"edgtf-icon-font-awesome fa fa-envelope\" style=\"color:#000000;font-size:20px\" ><\/i>\t\t<\/div>\n\t<\/div>\n\t<p class=\"edgtf-icon-list-text\" style=\"color:#000000;font-size:14px\" > info@dr-majdani.de<\/p>\n<\/div>\n\t<div class=\"wpb_raw_code wpb_content_element wpb_raw_html\" >\n\t\t<div class=\"wpb_wrapper\">\n\t\t\t<div class=\"edgtf-icon-list-item\">\n\t<div class=\"edgtf-icon-list-icon-holder\">\n        <div class=\"edgtf-icon-list-icon-holder-inner clearfix\">\n\t\t\t<i class=\"edgtf-icon-font-awesome fa fa-mobile-phone\" style=\"color:#000000;font-size:25px\"><\/i>\t\t<\/div>\n\t<\/div>\n\t<p class=\"edgtf-icon-list-text\" style=\"color:#000000;font-size:14px\"><a href=\"tel:+49511511628\"> +49 (0) 511 51 16 28<\/a><\/p>\n<\/div>\n\t\t<\/div>\n\t<\/div>\n<div class=\"edgtf-icon-list-item\">\n\t<div class=\"edgtf-icon-list-icon-holder\">\n        <div class=\"edgtf-icon-list-icon-holder-inner clearfix\">\n\t\t\t<i class=\"edgtf-icon-font-awesome fa fa-fax\" style=\"color:#000000;font-size:20px\" ><\/i>\t\t<\/div>\n\t<\/div>\n\t<p class=\"edgtf-icon-list-text\" style=\"color:#000000;font-size:14px\" > Fax: 0511 51 13 26<\/p>\n<\/div><div class=\"vc_empty_space\"   style=\"height: 24px\"><span class=\"vc_empty_space_inner\"><\/span><\/div><a href=\"#\" target=\"_self\" style=\"color: #ffffff;background-color: #000000;border-color: #000000;font-size: 14px;font-weight: 500\" class=\"edgtf-btn edgtf-btn-small edgtf-btn-solid edgtf-btn-custom-hover-bg edgtf-btn-custom-hover-color appointment appointmentButtonBottom\" data-hover-bg-color=\"#424242\" data-hover-color=\"#ffffff\" >\n    <span class=\"edgtf-btn-text\">Book an appointment \ud83d\udcc6<\/span><\/a><div class=\"vc_empty_space\"   style=\"height: 12px\"><span class=\"vc_empty_space_inner\"><\/span><\/div><\/div><\/div><\/div><div class=\"wpb_column vc_column_container vc_col-sm-4 vc_col-lg-3 vc_col-md-offset-1 vc_col-md-5 vc_col-sm-offset-1\"><div class=\"vc_column-inner vc_custom_1742888681924\"><div class=\"wpb_wrapper\"><div class=\"vc_empty_space\"   style=\"height: 12px\"><span class=\"vc_empty_space_inner\"><\/span><\/div>\n\t<div class=\"wpb_text_column wpb_content_element\" >\n\t\t<div class=\"wpb_wrapper\">\n\t\t\t<h3>Opening hours<\/h3>\n\n\t\t<\/div>\n\t<\/div>\n<div class=\"vc_empty_space\"   style=\"height: 12px\"><span class=\"vc_empty_space_inner\"><\/span><\/div>\n\t<div class=\"wpb_text_column wpb_content_element  opentimes\" >\n\t\t<div class=\"wpb_wrapper\">\n\t\t\t<p><strong>Mon<\/strong> 09:00\u201312:30 14:00\u201318:00<\/p>\n\n\t\t<\/div>\n\t<\/div>\n\n\t<div class=\"wpb_text_column wpb_content_element  opentimes\" >\n\t\t<div class=\"wpb_wrapper\">\n\t\t\t<p style=\"text-align: left;\"><strong>Tue\u00a0<\/strong>08:30\u201312:00 13:30\u201318:00<\/p>\n\n\t\t<\/div>\n\t<\/div>\n\n\t<div class=\"wpb_text_column wpb_content_element  opentimes\" >\n\t\t<div class=\"wpb_wrapper\">\n\t\t\t<p><b>Wed\u00a0<\/b>08:30\u201313:00 13:30\u201317:00<\/p>\n\n\t\t<\/div>\n\t<\/div>\n\n\t<div class=\"wpb_text_column wpb_content_element  opentimes\" >\n\t\t<div class=\"wpb_wrapper\">\n\t\t\t<p><b>Thu\u00a0<\/b>08:30\u201312:00 14:00\u201318:00<\/p>\n\n\t\t<\/div>\n\t<\/div>\n\n\t<div class=\"wpb_text_column wpb_content_element  opentimes\" >\n\t\t<div class=\"wpb_wrapper\">\n\t\t\t<p><b>Fri\u00a0<\/b>By appointment<\/p>\n\n\t\t<\/div>\n\t<\/div>\n\n\t<div class=\"wpb_text_column wpb_content_element  opentimes\" >\n\t\t<div class=\"wpb_wrapper\">\n\t\t\t<p><b>Sat - Sun\u00a0<\/b>Closed<\/p>\n\n\t\t<\/div>\n\t<\/div>\n<div class=\"vc_empty_space\"   style=\"height: 12px\"><span class=\"vc_empty_space_inner\"><\/span><\/div><\/div><\/div><\/div><div class=\"wpb_column vc_column_container vc_col-sm-4 vc_col-lg-offset-0 vc_col-lg-2\/5 vc_col-md-offset-1 vc_hidden-md vc_col-sm-offset-1 vc_hidden-sm vc_col-xs-offset-1 vc_col-xs-11 vc_hidden-xs\"><div class=\"vc_column-inner\"><div class=\"wpb_wrapper\"><\/div><\/div><\/div><\/div><\/div>","protected":false},"excerpt":{"rendered":"Termin online buchen \ud83d\udcc6 Liebe Neupatientinnen und Neupatienten, wir sind eine moderne, voll digitalisierte Praxis und m\u00f6chten Ihnen eine exzellente Behandlung anbieten. Um sicherzustellen, dass wir diesen Anspruch erf\u00fcllen k\u00f6nnen, empfehlen wir, vor dem ersten Beratungstermin eine private Zusatzversicherung, abzuschlie\u00dfen. Da wir nicht vorhersehen k\u00f6nnen,...","protected":false},"author":1,"featured_media":8318,"parent":0,"menu_order":0,"comment_status":"closed","ping_status":"closed","template":"full-width.php","meta":{"footnotes":""},"class_list":["post-12","page","type-page","status-publish","has-post-thumbnail","hentry"],"aioseo_notices":[],"_links":{"self":[{"href":"https:\/\/www.dr-majdani.de\/en\/wp-json\/wp\/v2\/pages\/12","targetHints":{"allow":["GET"]}}],"collection":[{"href":"https:\/\/www.dr-majdani.de\/en\/wp-json\/wp\/v2\/pages"}],"about":[{"href":"https:\/\/www.dr-majdani.de\/en\/wp-json\/wp\/v2\/types\/page"}],"author":[{"embeddable":true,"href":"https:\/\/www.dr-majdani.de\/en\/wp-json\/wp\/v2\/users\/1"}],"replies":[{"embeddable":true,"href":"https:\/\/www.dr-majdani.de\/en\/wp-json\/wp\/v2\/comments?post=12"}],"version-history":[{"count":0,"href":"https:\/\/www.dr-majdani.de\/en\/wp-json\/wp\/v2\/pages\/12\/revisions"}],"wp:featuredmedia":[{"embeddable":true,"href":"https:\/\/www.dr-majdani.de\/en\/wp-json\/wp\/v2\/media\/8318"}],"wp:attachment":[{"href":"https:\/\/www.dr-majdani.de\/en\/wp-json\/wp\/v2\/media?parent=12"}],"curies":[{"name":"wp","href":"https:\/\/api.w.org\/{rel}","templated":true}]}}